{"id":1888,"date":"2021-06-02T18:57:15","date_gmt":"2021-06-02T18:57:15","guid":{"rendered":"https:\/\/great.com\/sv-se\/?page_id=1888"},"modified":"2021-07-01T11:37:51","modified_gmt":"2021-07-01T11:37:51","slug":"roulette-table","status":"publish","type":"page","link":"https:\/\/great.com\/sv-se\/roulette\/roulette-table\/","title":{"rendered":"Roulette table"},"content":{"rendered":"    <section id=\"casino-block_5ed618d5b96ff\" class=\"hero-section hero-section_casino\">\r\n        <div class=\"hero-section__block\">\r\n                                                            <div class=\"hero-right\">\r\n                        <div\r\n                                class=\"hero-right__image\"\r\n                                style=\"min-height: 200px\"\r\n                        >\r\n                            <img decoding=\"async\" src=\"https:\/\/great.com\/sv-se\/wp-content\/uploads\/sites\/3\/2021\/06\/roulette-table-462x288.jpg\"\r\n                                 alt=\"ett av m\u00e5nga roulette bord\"\r\n                                 class=\"skip-lazy\"\r\n                            \/>\r\n                        <\/div>\r\n                    <\/div>\r\n                                                        <div class=\"hero-left\">\r\n                    <h1>Roulette table<\/h1>\r\n\r\n                                        <div\r\n                            class=\"hero-left__content \"\r\n                                                    style=\"font-family: Arial, sans-serif;\"\r\n                                            >\r\n                        <p>Om du l\u00e4st v\u00e5r huvudartikel vet du att det finns amerikansk, europeisk och fransk roulette att v\u00e4lja p\u00e5, men n\u00e4r det g\u00e4ller onlinecasino finns det \u00e4ven ett och annat roulette table fr\u00e5n olika spelutvecklare. Och alla \u00e4r l\u00e5ngt ifr\u00e5n identiska, s\u00e5 hur fungerar allting egentligen?<br \/>\n<br \/>\nMan kan s\u00e4ga att inner- och yttersatsningarna alltid \u00e4r desamma, oavsett bord. D\u00e4remot kan tillg\u00e4ngliga specialsatsningar skilja sig \u00e5t, precis som olika specialregler. K\u00e4ndaste exemplet \u00e4r kanske Lightning Roulette som vi kommer ber\u00e4tta mer om l\u00e4ngre ned.<br \/>\n<br \/>\nHa ocks\u00e5 i \u00e5tanke att ett roulette table med specialregler f\u00f6rmodligen \u00e4r skapat av tv\u00e5 anledningar: dels f\u00f6r att ge dig som spelare mer variation, och dels f\u00f6r att \u00f6ka husets f\u00f6rdel.<\/p>\n                    <\/div>\r\n\r\n                    \r\n                                    <\/div>\r\n                                                            <\/div>\r\n    <\/section>\r\n    \n\n\n\n\n<section id=\"content-block_5ed61908b9701\"\n\t\t class=\"content-section  \">\n\t<div class=\"content-section__block\">\n\t\t\t\t\n\t\t\n\t\t\n\t\t\t<div class=\"content-block \">\n\n\t\t\t\t\t\t\t\t\t<div\n\t\t\t\t\t\tclass=\"content-block__text  content-no-title\">\n\t\t\t\t\t\t\t\t\t\t\t\t\t<div class=\"content-block__text \">\n\t\t\t\t\t\t\t\t\t\t\t\t\t\t\t\t\t<div\n\t\t\t\t\t\t\t\t\t\tclass=\"content-block__content \"\n\t\t\t\t\t\t\t\t\t\t\t\t\t\t\t\t\t\t\t>\n\t\t\t\t\t\t\t\t\t\t<h2>Olika roulette-bord och deras olika utvecklare<\/h2>\n<p>I Sverige finns det en uppsj\u00f6 av olika roulette-bord att v\u00e4lja mellan. Som nyb\u00f6rjare kan det vara sv\u00e5rt att f\u00f6rst\u00e5 vad det \u00e4r som skiljer alla \u00e5t, och d\u00e4rf\u00f6r t\u00e4nkte vi p\u00e5 Great.com skapa en sida d\u00e4r vi samlar <strong>alla bord som finns tillg\u00e4ngliga hos svenska onlinecasinon!<\/strong> R\u00e4kna med att den h\u00e4r sidan st\u00e4ndigt uppdateras allts\u00e5.<\/p>\n<p>Utdelningarna och vinsterna \u00e4r desamma p\u00e5 alla roulette-bord, s\u00e5vida vi inte pratar specialvarianter som Lightning Roulette. S\u00e5 h\u00e4r ser det ut:<\/p>\n<ul>\n<li>Enkelnummer: 35:1<\/li>\n<li>Delad: 17:1<\/li>\n<li>Gata: 11:1<\/li>\n<li>H\u00f6rn: 8:1<\/li>\n<li>Sexnummersatsningar: 5:1<\/li>\n<li>Kolumn: 2:1<\/li>\n<li>Dussin: 2:1<\/li>\n<li>Svart\/r\u00f6tt: 1:1<\/li>\n<li>Udda\/j\u00e4mnt: 1:1<\/li>\n<li>H\u00f6gt\/l\u00e5gt: 1:1<\/li>\n<\/ul>\n<p>Nu presenterar vi alla spelutvecklare och deras roulette table!<\/p>\n<h2>AuthenticGaming<\/h2>\n<p>P\u00e5 roulette-scenen \u00e4r v\u00e4l AuthenticGaming de enda som kommer i n\u00e4rheten av Evolution Gaming. Med andra ord har de ett stort urval, vilket i sin tur inneb\u00e4r mycket variation med n\u00e5got f\u00f6r alla!<\/p>\n<h3>Viva Las Vegas Roulette<\/h3>\n<p>Varf\u00f6r detta bord har f\u00f6r\u00e4rats med namnet Las Vegas vet vi inte, men vi anar att det har att g\u00f6ra med den skyh\u00f6ga maxinsatsen som i princip ingen kommer att anv\u00e4nda &#8230;<\/p>\n<p><strong>Speltyp: europeisk roulette<\/strong><\/p>\n<p><strong>RTP: 97,3 %<\/strong><\/p>\n<p><strong>Insatsgr\u00e4nser<\/strong><\/p>\n<ul>\n<li>Totalt: 6\u2013200 000 kr<\/li>\n<li>Enkelnummer: 2\u20131 000 kr<\/li>\n<li>Delad: 2\u20132 000 kr<\/li>\n<li>Gata: 2\u20133 000 kr<\/li>\n<li>H\u00f6rn: 2\u20134 000 kr<\/li>\n<li>Sexnummersatsning: 2\u20136 000 kr<\/li>\n<li>Kolumn: 2\u201312 000 kr<\/li>\n<li>Dussin: 2\u201312 000 kr<\/li>\n<li>Svart\/r\u00f6tt: 2\u201320 000 kr<\/li>\n<li>Udda\/j\u00e4mnt: 2\u201320 000 kr<\/li>\n<li>H\u00f6gt\/l\u00e5gt: 2\u201320 000 kr<\/li>\n<\/ul>\n<p><strong>Tillg\u00e4ngliga grannsatsningar<\/strong><\/p>\n<ul>\n<li>0 Spel\/Jeu Z\u00e9ro\/Zero<\/li>\n<li>Voisins du Z\u00e9ro<\/li>\n<li>Orphelins Cheval<\/li>\n<li>Tiers du Cylindre<\/li>\n<li>Antal grannar: 0\u20138<\/li>\n<\/ul>\n<p><strong>Tillg\u00e4nglia specialsatsningar<\/strong><\/p>\n<ul>\n<li>Fullst\u00e4ndiga insatser\/Fullst\u00e4ndigt komplett\/Full Complete<\/li>\n<li>Halvklart<\/li>\n<li>Max insats<\/li>\n<li>F\u00f6rdr\u00f6jda nummer<\/li>\n<li>Senaste nummer<\/li>\n<li>Black Splits<\/li>\n<li>Finale En Plein<\/li>\n<li>Finale A Cheval (endast 0\/3, 1\/4, 2\/5, 3\/6)<\/li>\n<li>Nassa<\/li>\n<li>Orphelins Plein<\/li>\n<li>Red Snake<\/li>\n<\/ul>\n<p><strong>Specialregler<\/strong><br \/>\nInga.<\/p>\n<h2>Evolution Gaming<\/h2>\n<p>Oavsett om det g\u00e4ller roulette, <a href=\"https:\/\/great.com\/sv-se\/blackjack\/\">blackjack<\/a> eller andra live casino-spel \u00e4r det Evolution Gaming som \u00e4r knugen &#8230; vi menar kungen. De har flest spel, helt enkelt. Dessutom verkar de ha b\u00e4st servrar ocks\u00e5 d\u00e5 man s\u00e4llan upplever st\u00f6rningar eller d\u00e5lig videokvalit\u00e9t runt deras roulette-bord.<\/p>\n<h3>Immersive Roulette<\/h3>\n<p>Det h\u00e4r \u00e4r gammal vanlig roulette, men presentationen skiljer sig en del fr\u00e5n vad du \u00e4r van vid. I Immersive Roulette bjuds du p\u00e5 <strong>n\u00e4rbilder och slow motion-repriser<\/strong> d\u00e5 kulan landar. Det ser helt enkelt lite dramatiskare ut \u00e4n vanligt \u2013 det \u00e4r enda skillnaden!<\/p>\n<p>Naturligtvis <strong>f\u00f6rh\u00f6js inlevelsen<\/strong> d\u00e5 kulan landar d\u00e4r man vill, och man kan njuta av en repris f\u00f6r att riktigt gotta sig i turen. Men det betyder ocks\u00e5 att du f\u00e5r st\u00e5 ut med segdragna repriser alla rundor du f\u00f6rlorar, plus att varje omg\u00e5ng faktiskt tar lite extra tid.<\/p>\n<p><strong>Speltyp: europeisk roulette<\/strong><\/p>\n<p><strong>RTP: 97,3 %<\/strong><\/p>\n<p><strong>Insatsgr\u00e4nser<\/strong><\/p>\n<ul>\n<li>Totalt: 10\u201350 000 kr<\/li>\n<li>Enkelnummer: 1\u20132 500 kr<\/li>\n<li>Delad: 1\u20135 000 kr<\/li>\n<li>Gata: 1\u20137 500 kr<\/li>\n<li>H\u00f6rn: 1\u201310 000 kr<\/li>\n<li>Sexnummersatsning: 1\u201315 000 kr<\/li>\n<li>Kolumn: 1\u201330 000 kr<\/li>\n<li>Dussin: 1\u201330 000 kr<\/li>\n<li>Svart\/r\u00f6tt: 1\u201350 000 kr<\/li>\n<li>Udda\/j\u00e4mnt: 1\u201350 000 kr<\/li>\n<li>H\u00f6gt\/l\u00e5gt: 1\u201350 000 kr<\/li>\n<\/ul>\n<p><strong>Tillg\u00e4ngliga grannsatsningar<\/strong><\/p>\n<ul>\n<li>0 Spel\/Jeu Z\u00e9ro\/Zero<\/li>\n<li>Voisins du Z\u00e9ro<\/li>\n<li>Orphelins Cheval<\/li>\n<li>Tiers du Cylindre<\/li>\n<li>Antal grannar: 0\u20139<\/li>\n<\/ul>\n<p><strong>Tillg\u00e4ngliga specialsatsningar<\/strong><\/p>\n<ul>\n<li>Finale En Plein<\/li>\n<li>Finale A Cheval<\/li>\n<li>Fullst\u00e4ndiga insatser\/Fullst\u00e4ndigt komplett\/Full complete<\/li>\n<\/ul>\n<p><strong>Specialregler<\/strong><br \/>\nInga.<\/p>\n<h3>Instant Roulette<\/h3>\n<p>Instant Roulette \u00e4r unikt p\u00e5 s\u00e5 s\u00e4tt att <strong>du slipper v\u00e4nta<\/strong>. Du kan se det som video-roulette, men med riktiga roulette-hjul och riktiga kulor.<\/p>\n<p><strong>Det finns ingen v\u00e4rd i Instant Roulette,<\/strong> men du kan chatta med andra spelare. Tolv hjul finns alltid i bild, och tack vare den stora m\u00e4ngden finns det alltid ett hjul som \u00e4r p\u00e5 v\u00e4g att snurra klart lagom efter att du lagt din insats.<\/p>\n<p>Det fina med Instant Roulette \u00e4r att du slipper stressa, men samtidigt kan dra nytta av f\u00f6rdelarna som ett riktigt hjul och en riktig kula f\u00f6r med sig. <strong>Du v\u00e4ljer sj\u00e4lv n\u00e4r du l\u00e4gger dina insatser,<\/strong> ist\u00e4llet f\u00f6r i som vanlig live roulette se en klocka som tickar ned.<\/p>\n<p><strong>Speltyp: europeisk roulette<\/strong><\/p>\n<p><strong>RTP: 97,3 %<\/strong><\/p>\n<p><strong>Insatsgr\u00e4nser<\/strong><\/p>\n<ul>\n<li>Totalt: 1\u201350 000 kr<\/li>\n<li>Enkelnummer: 1\u20132 500 kr<\/li>\n<li>Delad: 1\u20135 000 kr<\/li>\n<li>Gata: 1\u20137 500 kr<\/li>\n<li>H\u00f6rn: 1\u201310 000 kr<\/li>\n<li>Sexnummersatsning: 1\u201315 000 kr<\/li>\n<li>Kolumn: 1\u201330 000 kr<\/li>\n<li>Dussin: 1\u201330 000 kr<\/li>\n<li>Svart\/r\u00f6tt: 1\u201350 000 kr<\/li>\n<li>Udda\/j\u00e4mnt: 1\u201350 000 kr<\/li>\n<li>H\u00f6gt\/l\u00e5gt: 1\u201350 000 kr<\/li>\n<\/ul>\n<p><strong>Tillg\u00e4ngliga grannsatsningar<\/strong><\/p>\n<ul>\n<li>0 Spel\/Jeu Z\u00e9ro\/Zero<\/li>\n<li>Voisins du Z\u00e9ro<\/li>\n<li>Orphelins Cheval<\/li>\n<li>Tiers du Cylindre<\/li>\n<li>Antal grannar: 0\u20139<\/li>\n<\/ul>\n<p><strong>Tillg\u00e4ngliga specialsatsningar<\/strong><\/p>\n<ul>\n<li>Finale En Plein<\/li>\n<li>Finale A Cheval<\/li>\n<li>Fullst\u00e4ndiga insatser\/Fullst\u00e4ndigt komplett\/Full complete<\/li>\n<\/ul>\n<p><strong>Specialregler<\/strong><br \/>\nInga.<\/p>\n<h3>LeoVegas Roulette<\/h3>\n<p>\u00c4ven om <a href=\"https:\/\/great.com\/sv-se\/online-casino\/leovegas\/\">LeoVegas<\/a> g\u00e4rna skryter mer om sina <strong>exklusiva roulette-bord<\/strong> \u00e4n gubben i den gamla Raml\u00f6sa-reklamen s\u00e5 \u00e4r det alltid en spelutvecklare som ligger bakom!<\/p>\n<p>LeoVegas Roulette \u00e4r kompatibelt med <a href=\"https:\/\/great.com\/sv-se\/leojackpot\/\">LeoJackpot<\/a>, vilket betyder att du precis som p\u00e5 utvalda slots hos LeoVegas kan vinna storkovan p\u00e5 vilken snurr som helst! I LeoVegas Roulette g\u00e5r det till s\u00e5 att du satsar <strong>1,10 kronor extra varje runda<\/strong> f\u00f6r att bidra till den progressiva jackpotten.<\/p>\n<p>Det \u00e4r valbart huruvida du vill aktivera jackpottfunktionen (lite h\u00f6gre insats) eller ej.<\/p>\n<p><strong>Speltyp: europeisk roulette<\/strong><\/p>\n<p><strong>RTP: 97,3 %<\/strong><\/p>\n<p><strong>Insatsgr\u00e4nser<\/strong><\/p>\n<ul>\n<li>Totalt: 2\u201350 000 kr<\/li>\n<li>Enkelnummer: 1\u20132 500 kr<\/li>\n<li>Delad: 1\u20135 000 kr<\/li>\n<li>Gata: 1\u20137 500 kr<\/li>\n<li>H\u00f6rn: 1\u201310 000 kr<\/li>\n<li>Sexnummersatsning: 1\u201315 000 kr<\/li>\n<li>Kolumn: 1\u201330 000 kr<\/li>\n<li>Dussin: 1\u201330 000 kr<\/li>\n<li>Svart\/r\u00f6tt: 1\u201350 000 kr<\/li>\n<li>Udda\/j\u00e4mnt: 1\u201350 000 kr<\/li>\n<li>H\u00f6gt\/l\u00e5gt: 1\u201350 000 kr<\/li>\n<\/ul>\n<p><strong>Tillg\u00e4ngliga grannsatsningar<\/strong><\/p>\n<ul>\n<li>0 Spel\/Jeu Z\u00e9ro\/Zero<\/li>\n<li>Voisins du Z\u00e9ro<\/li>\n<li>Orphelins Cheval<\/li>\n<li>Tiers du Cylindre<\/li>\n<li>Antal grannar: 0\u20139<\/li>\n<\/ul>\n<p><strong>Tillg\u00e4ngliga specialsatsningar<\/strong><\/p>\n<ul>\n<li>Finale En Plein<\/li>\n<li>Finale A Cheval<\/li>\n<li>Fullst\u00e4ndiga insatser\/Fullst\u00e4ndigt komplett\/Full complete<\/li>\n<\/ul>\n<p><strong>Specialregler<\/strong><br \/>\nInga.<\/p>\n<h3>Lightning Roulette<\/h3>\n<p>H\u00e4r sl\u00e5r blixten ned inf\u00f6r varje runda och tr\u00e4ffar 1\u20135 nummer (antalet avg\u00f6rs av slumpen), och numren som tr\u00e4ffas f\u00e5r en <strong>multiplikator fr\u00e5n x50 till x500<\/strong> (\u00e4ven denna avg\u00f6rs av slumpen). Satsar du p\u00e5 ett &#8221;blixtnummer&#8221;, och kulan hamnar d\u00e4r, kan du se fram emot en extra stor vinst!<\/p>\n<p>S\u00e5 vad \u00e4r haken? Jo, vinster p\u00e5 enkelnummer som INTE \u00e4r &#8221;blixtnummer&#8221; ger endast en utdelning p\u00e5 29:1 ist\u00e4llet f\u00f6r 35:1. Om du tar en titt p\u00e5 RTP h\u00e4r nedanf\u00f6r kan du se att satsningen p\u00e5 enkelnummer ger dig aningen l\u00e4gre chans att vinna j\u00e4mf\u00f6rt med vanlig roulette. <strong>Lightning Roulette f\u00f6rs\u00e4mrar allts\u00e5 dina vinstchanser.<\/strong><\/p>\n<p><strong>Speltyp: europeisk roulette<\/strong><\/p>\n<p><strong>RTP: 97,3 %<\/strong><br \/>\n<strong>RTP p\u00e5 enkelnummer: 97,1 %<\/strong><\/p>\n<p><strong>Insatsgr\u00e4nser<\/strong><\/p>\n<ul>\n<li>Totalt: 2\u201350 000 kr<\/li>\n<li>Enkelnummer: 2\u20132 500 kr<\/li>\n<li>Delad: 2\u20135 000 kr<\/li>\n<li>Gata: 2\u20137 500 kr<\/li>\n<li>H\u00f6rn: 2\u201310 000 kr<\/li>\n<li>Sexnummersatsning: 2\u201315 000 kr<\/li>\n<li>Kolumn: 2\u201330 000 kr<\/li>\n<li>Dussin: 2\u201330 000 kr<\/li>\n<li>Svart\/r\u00f6tt: 2\u201350 000 kr<\/li>\n<li>Udda\/j\u00e4mnt: 2\u201350 000 kr<\/li>\n<li>H\u00f6gt\/l\u00e5gt: 2\u201350 000 kr<\/li>\n<\/ul>\n<p><strong>Tillg\u00e4ngliga grannsatsningar<\/strong><\/p>\n<ul>\n<li>0 Spel\/Jeu Z\u00e9ro\/Zero<\/li>\n<li>Voisins du Z\u00e9ro<\/li>\n<li>Orphelins Cheval<\/li>\n<li>Tiers du Cylindre<\/li>\n<li>Antal grannar: 0\u20139<\/li>\n<\/ul>\n<p><strong>Tillg\u00e4ngliga specialsatsningar<\/strong><\/p>\n<ul>\n<li>Finale En Plein<\/li>\n<li>Finale A Cheval<\/li>\n<li>Fullst\u00e4ndiga insatser\/Fullst\u00e4ndigt komplett\/Full complete<\/li>\n<\/ul>\n<p><strong>Specialregler<\/strong><br \/>\nInga.<\/p>\n<h3>Svensk Roulette<\/h3>\n<p>Det \u00e4r inte s\u00e5 att det finns svenska regler vid detta <strong>roulette table<\/strong>, utan ist\u00e4llet handlar det om svenska v\u00e4rdar!<\/p>\n<p><strong>Speltyp: europeisk roulette<\/strong><\/p>\n<p><strong>RTP: 97,3 %<\/strong><\/p>\n<p><strong>Insatsgr\u00e4nser<\/strong><\/p>\n<ul>\n<li>Totalt: 5\u201350 000 kr<\/li>\n<li>Enkelnummer: 5\u20132 500 kr<\/li>\n<li>Delad: 5\u20135 000 kr<\/li>\n<li>Gata: 5\u20137 500 kr<\/li>\n<li>H\u00f6rn: 5\u201310 000 kr<\/li>\n<li>Sexnummersatsning: 5\u201315 000 kr<\/li>\n<li>Kolumn: 5\u201330 000 kr<\/li>\n<li>Dussin: 5\u201330 000 kr<\/li>\n<li>Svart\/r\u00f6tt: 5\u201350 000 kr<\/li>\n<li>Udda\/j\u00e4mnt: 5\u201350 000 kr<\/li>\n<li>H\u00f6gt\/l\u00e5gt: 5\u201350 000 kr<\/li>\n<\/ul>\n<p><strong>Tillg\u00e4ngliga grannsatsningar<\/strong><\/p>\n<ul>\n<li>0 Spel\/Jeu Z\u00e9ro\/Zero<\/li>\n<li>Voisins du Z\u00e9ro<\/li>\n<li>Orphelins Cheval<\/li>\n<li>Tiers du Cylindre<\/li>\n<li>Antal grannar: 0\u20139<\/li>\n<\/ul>\n<p><strong>Tillg\u00e4ngliga specialsatsningar<\/strong><\/p>\n<ul>\n<li>Finale En Plein<\/li>\n<li>Finale A Cheval<\/li>\n<li>Fullst\u00e4ndiga insatser\/Fullst\u00e4ndigt komplett\/Full complete<\/li>\n<\/ul>\n<p><strong>Specialregler<\/strong><br \/>\nInga.<\/p>\n<h2>Playtech<\/h2>\n<p>Playtech \u00e4r, n\u00e4r det g\u00e4ller roulette-bord, k\u00e4ndast f\u00f6r att skapa lite uddare spelupplevelser. H\u00e4r finns b\u00e5de jackpottar och fotbolls-roulette!<\/p>\n<h3>Prestige Roulette<\/h3>\n<p>Vad som \u00e4r s\u00e5 prestigefullt med detta <strong>roulette table<\/strong> har vi fortfarande inte fattat.<\/p>\n<p><strong>Speltyp: europeisk roulette<\/strong><\/p>\n<p><strong>RTP: 97,3 %<\/strong><\/p>\n<p><strong>Insatsgr\u00e4nser<\/strong><\/p>\n<ul>\n<li>Totalt: 10\u201350 000 kr<\/li>\n<li>Enkelnummer: 10\u20132 500 kr<\/li>\n<li>Delad: 10\u20135 000 kr<\/li>\n<li>Gata: 10\u20137 500 kr<\/li>\n<li>H\u00f6rn: 10\u201310 000 kr<\/li>\n<li>Sexnummersatsning: 10\u201315 000 kr<\/li>\n<li>Kolumn: 10\u201330 000 kr<\/li>\n<li>Dussin: 10\u201330 000 kr<\/li>\n<li>Svart\/r\u00f6tt: 10\u201350 000 kr<\/li>\n<li>Udda\/j\u00e4mnt: 10\u201350 000 kr<\/li>\n<li>H\u00f6gt\/l\u00e5gt: 10\u201350 000 kr<\/li>\n<\/ul>\n<p><strong>Tillg\u00e4ngliga grannsatsningar<\/strong><\/p>\n<ul>\n<li>0 Spel\/Jeu Z\u00e9ro\/Zero<\/li>\n<li>Voisins du Z\u00e9ro<\/li>\n<li>Orphelins Cheval<\/li>\n<li>Tiers du Cylindre<\/li>\n<li>Antal grannar: 1\u20139<\/li>\n<\/ul>\n<p><strong>Tillg\u00e4ngliga specialsatsningar<\/strong><\/p>\n<ul>\n<li>Finale En Plein<\/li>\n<li>Kompletta insatser\/Fullst\u00e4ndiga insatser\/Fullst\u00e4ndigt komplett\/Full Complete<\/li>\n<li>Halv-kompletta insatser\/Halvklart<\/li>\n<li>Orphelins en Plein<\/li>\n<li>Jeu 7\/9<\/li>\n<li>Lucky Dip<\/li>\n<\/ul>\n<p><strong>Specialregler<\/strong><br \/>\nInga.<\/p>\n<h2>Pragmatic Play<\/h2>\n<p>Pragmatic Play \u00e4r fortfarande en ganska liten spelare i havet med alla roulette-bord. Det m\u00e4rks bland annat p\u00e5 att deras servrar rent generellt brukar vara kassa. R\u00e4kna med m\u00e5nga sm\u00e5 irriterande avbrott eller d\u00e5lig videokvalit\u00e9t vid deras <strong>roulette table<\/strong>.<\/p>\n<h3>Roulette A<\/h3>\n<p>Roulette A \u00e4r ungef\u00e4r lika upphetsande som namnet l\u00e5ter. Gammal hederlig live roulette, med andra (b)ord!<\/p>\n<p><strong>Speltyp: europeisk roulette<\/strong><\/p>\n<p><strong>RTP: 97,3 %<\/strong><\/p>\n<p><strong>Insatsgr\u00e4nser<\/strong><\/p>\n<ul>\n<li>Totalt: 1\u201350 000 kr<\/li>\n<li>Enkelnummer: 1\u20132 500 kr<\/li>\n<li>Delad: 1\u20135 000 kr<\/li>\n<li>Gata: 1\u20137 500 kr<\/li>\n<li>H\u00f6rn: 1\u201310 000 kr<\/li>\n<li>Sexnummersatsning: 1\u201315 000 kr<\/li>\n<li>Kolumn: 1\u201330 000 kr<\/li>\n<li>Dussin: 1\u201330 000 kr<\/li>\n<li>Svart\/r\u00f6tt: 1\u201350 000 kr<\/li>\n<li>Udda\/j\u00e4mnt: 1\u201350 000 kr<\/li>\n<li>H\u00f6gt\/l\u00e5gt: 1\u201350 000 kr<\/li>\n<\/ul>\n<p><strong>Tillg\u00e4ngliga grannsatsningar<\/strong><\/p>\n<ul>\n<li>0 Spel\/Jeu Z\u00e9ro\/Zero<\/li>\n<li>Voisins du Z\u00e9ro<\/li>\n<li>Orphelins Cheval<\/li>\n<li>Tiers du Cylindre<\/li>\n<li>Antal grannar: 0\u20139<\/li>\n<\/ul>\n<p><strong>Tillg\u00e4ngliga specialsatsningar<\/strong><\/p>\n<ul>\n<li>Finale En Plein<\/li>\n<li>Finale A Cheval<\/li>\n<li>Fullst\u00e4ndiga insatser\/Fullst\u00e4ndigt komplett\/Full Complete<\/li>\n<\/ul>\n<p><strong>Specialregler<\/strong><br \/>\nInga.<\/p>\n\t\t\t\t\t\t\t\t\t<\/div>\n\t\t\t\t\t\t\t\t\t\t\t\t\t\t\t\t\t\t\t\t\t\t\t<\/div>\n\t\t\t\t\t\t\n\t\t\t\t\t\t\n\t\t\t\t\t\t\n\t\t\t\t\t<\/div>\n\n\t\t\t\t\n\t\t\t<\/div>\n\t\t\t\t\t<\/div>\n<\/section>\n\n\n<section id=\"content-block_5ed6195eb9707\"\n\t\t class=\"content-section  \">\n\t<div class=\"content-section__block\">\n\t\t\t\t\n\t\t\n\t\t\n\t\t\t<div class=\"content-block \">\n\n\t\t\t\t\t\t\t\t\t<div\n\t\t\t\t\t\tclass=\"content-block__text  content-no-title\">\n\t\t\t\t\t\t\t\t\t\t\t\t\t<div class=\"content-block__text \">\n\t\t\t\t\t\t\t\t\t\t\t\t\t\t\t\t\t<div\n\t\t\t\t\t\t\t\t\t\tclass=\"content-block__content \"\n\t\t\t\t\t\t\t\t\t\t\t\t\t\t\t\t\t\t\t>\n\t\t\t\t\t\t\t\t\t\t<h2><a href=\"https:\/\/great.com\/sv-se\/roulette\/\">Tillbaka till roulette<\/a><\/h2>\n\t\t\t\t\t\t\t\t\t<\/div>\n\t\t\t\t\t\t\t\t\t\t\t\t\t\t\t\t\t\t\t\t\t\t\t<\/div>\n\t\t\t\t\t\t\n\t\t\t\t\t\t\n\t\t\t\t\t\t\n\t\t\t\t\t<\/div>\n\n\t\t\t\t\n\t\t\t<\/div>\n\t\t\t\t\t<\/div>\n<\/section>\n","protected":false},"excerpt":{"rendered":"","protected":false},"author":16,"featured_media":0,"parent":1825,"menu_order":63,"comment_status":"closed","ping_status":"closed","template":"","meta":{"_acf_changed":false,"footnotes":""},"class_list":["post-1888","page","type-page","status-publish","hentry"],"acf":[],"yoast_head":"<!-- This site is optimized with the Yoast SEO plugin v27.3 - https:\/\/yoast.com\/product\/yoast-seo-wordpress\/ -->\n<title>Vi har en lista \u00f6ver roulette bord hos onlinecasinon!<\/title>\n<meta name=\"description\" content=\"V\u00e5r ambition \u00e4r att presentera en komplett lista \u00f6ver alla roulette bord som finns hos svenska onlinecasinon!\" \/>\n<meta name=\"robots\" content=\"index, follow, max-snippet:-1, max-image-preview:large, max-video-preview:-1\" \/>\n<link rel=\"canonical\" href=\"https:\/\/great.com\/sv-se\/roulette\/roulette-table\/\" \/>\n<meta property=\"og:locale\" content=\"sv_SE\" \/>\n<meta property=\"og:type\" content=\"article\" \/>\n<meta property=\"og:title\" content=\"Vi har en lista \u00f6ver roulette bord hos onlinecasinon!\" \/>\n<meta property=\"og:description\" content=\"V\u00e5r ambition \u00e4r att presentera en komplett lista \u00f6ver alla roulette bord som finns hos svenska onlinecasinon!\" \/>\n<meta property=\"og:url\" content=\"https:\/\/great.com\/sv-se\/roulette\/roulette-table\/\" \/>\n<meta property=\"og:site_name\" content=\"Great.com SE\/SV\" \/>\n<meta property=\"article:modified_time\" content=\"2021-07-01T11:37:51+00:00\" \/>\n<meta name=\"twitter:card\" content=\"summary_large_image\" \/>\n<script type=\"application\/ld+json\" class=\"yoast-schema-graph\">{\"@context\":\"https:\\\/\\\/schema.org\",\"@graph\":[{\"@type\":\"WebPage\",\"@id\":\"https:\\\/\\\/great.com\\\/sv-se\\\/roulette\\\/roulette-table\\\/\",\"url\":\"https:\\\/\\\/great.com\\\/sv-se\\\/roulette\\\/roulette-table\\\/\",\"name\":\"Vi har en lista \u00f6ver roulette bord hos onlinecasinon!\",\"isPartOf\":{\"@id\":\"https:\\\/\\\/great.com\\\/sv-se\\\/#website\"},\"datePublished\":\"2021-06-02T18:57:15+00:00\",\"dateModified\":\"2021-07-01T11:37:51+00:00\",\"description\":\"V\u00e5r ambition \u00e4r att presentera en komplett lista \u00f6ver alla roulette bord som finns hos svenska onlinecasinon!\",\"breadcrumb\":{\"@id\":\"https:\\\/\\\/great.com\\\/sv-se\\\/roulette\\\/roulette-table\\\/#breadcrumb\"},\"inLanguage\":\"sv-SE\",\"potentialAction\":[{\"@type\":\"ReadAction\",\"target\":[\"https:\\\/\\\/great.com\\\/sv-se\\\/roulette\\\/roulette-table\\\/\"]}]},{\"@type\":\"BreadcrumbList\",\"@id\":\"https:\\\/\\\/great.com\\\/sv-se\\\/roulette\\\/roulette-table\\\/#breadcrumb\",\"itemListElement\":[{\"@type\":\"ListItem\",\"position\":1,\"name\":\"Home\",\"item\":\"https:\\\/\\\/great.com\\\/sv-se\\\/\"},{\"@type\":\"ListItem\",\"position\":2,\"name\":\"L\u00e4r dig spela roulette!\",\"item\":\"https:\\\/\\\/great.com\\\/sv-se\\\/roulette\\\/\"},{\"@type\":\"ListItem\",\"position\":3,\"name\":\"Roulette table\"}]},{\"@type\":\"WebSite\",\"@id\":\"https:\\\/\\\/great.com\\\/sv-se\\\/#website\",\"url\":\"https:\\\/\\\/great.com\\\/sv-se\\\/\",\"name\":\"Great.com SE\\\/SV\",\"description\":\"The Casino Philanthropy Project\",\"potentialAction\":[{\"@type\":\"SearchAction\",\"target\":{\"@type\":\"EntryPoint\",\"urlTemplate\":\"https:\\\/\\\/great.com\\\/sv-se\\\/?s={search_term_string}\"},\"query-input\":{\"@type\":\"PropertyValueSpecification\",\"valueRequired\":true,\"valueName\":\"search_term_string\"}}],\"inLanguage\":\"sv-SE\"}]}<\/script>\n<!-- \/ Yoast SEO plugin. -->","yoast_head_json":{"title":"Vi har en lista \u00f6ver roulette bord hos onlinecasinon!","description":"V\u00e5r ambition \u00e4r att presentera en komplett lista \u00f6ver alla roulette bord som finns hos svenska onlinecasinon!","robots":{"index":"index","follow":"follow","max-snippet":"max-snippet:-1","max-image-preview":"max-image-preview:large","max-video-preview":"max-video-preview:-1"},"canonical":"https:\/\/great.com\/sv-se\/roulette\/roulette-table\/","og_locale":"sv_SE","og_type":"article","og_title":"Vi har en lista \u00f6ver roulette bord hos onlinecasinon!","og_description":"V\u00e5r ambition \u00e4r att presentera en komplett lista \u00f6ver alla roulette bord som finns hos svenska onlinecasinon!","og_url":"https:\/\/great.com\/sv-se\/roulette\/roulette-table\/","og_site_name":"Great.com SE\/SV","article_modified_time":"2021-07-01T11:37:51+00:00","twitter_card":"summary_large_image","schema":{"@context":"https:\/\/schema.org","@graph":[{"@type":"WebPage","@id":"https:\/\/great.com\/sv-se\/roulette\/roulette-table\/","url":"https:\/\/great.com\/sv-se\/roulette\/roulette-table\/","name":"Vi har en lista \u00f6ver roulette bord hos onlinecasinon!","isPartOf":{"@id":"https:\/\/great.com\/sv-se\/#website"},"datePublished":"2021-06-02T18:57:15+00:00","dateModified":"2021-07-01T11:37:51+00:00","description":"V\u00e5r ambition \u00e4r att presentera en komplett lista \u00f6ver alla roulette bord som finns hos svenska onlinecasinon!","breadcrumb":{"@id":"https:\/\/great.com\/sv-se\/roulette\/roulette-table\/#breadcrumb"},"inLanguage":"sv-SE","potentialAction":[{"@type":"ReadAction","target":["https:\/\/great.com\/sv-se\/roulette\/roulette-table\/"]}]},{"@type":"BreadcrumbList","@id":"https:\/\/great.com\/sv-se\/roulette\/roulette-table\/#breadcrumb","itemListElement":[{"@type":"ListItem","position":1,"name":"Home","item":"https:\/\/great.com\/sv-se\/"},{"@type":"ListItem","position":2,"name":"L\u00e4r dig spela roulette!","item":"https:\/\/great.com\/sv-se\/roulette\/"},{"@type":"ListItem","position":3,"name":"Roulette table"}]},{"@type":"WebSite","@id":"https:\/\/great.com\/sv-se\/#website","url":"https:\/\/great.com\/sv-se\/","name":"Great.com SE\/SV","description":"The Casino Philanthropy Project","potentialAction":[{"@type":"SearchAction","target":{"@type":"EntryPoint","urlTemplate":"https:\/\/great.com\/sv-se\/?s={search_term_string}"},"query-input":{"@type":"PropertyValueSpecification","valueRequired":true,"valueName":"search_term_string"}}],"inLanguage":"sv-SE"}]}},"_links":{"self":[{"href":"https:\/\/great.com\/sv-se\/wp-json\/wp\/v2\/pages\/1888","targetHints":{"allow":["GET"]}}],"collection":[{"href":"https:\/\/great.com\/sv-se\/wp-json\/wp\/v2\/pages"}],"about":[{"href":"https:\/\/great.com\/sv-se\/wp-json\/wp\/v2\/types\/page"}],"author":[{"embeddable":true,"href":"https:\/\/great.com\/sv-se\/wp-json\/wp\/v2\/users\/16"}],"replies":[{"embeddable":true,"href":"https:\/\/great.com\/sv-se\/wp-json\/wp\/v2\/comments?post=1888"}],"version-history":[{"count":0,"href":"https:\/\/great.com\/sv-se\/wp-json\/wp\/v2\/pages\/1888\/revisions"}],"up":[{"embeddable":true,"href":"https:\/\/great.com\/sv-se\/wp-json\/wp\/v2\/pages\/1825"}],"wp:attachment":[{"href":"https:\/\/great.com\/sv-se\/wp-json\/wp\/v2\/media?parent=1888"}],"curies":[{"name":"wp","href":"https:\/\/api.w.org\/{rel}","templated":true}]}}