{"id":1901,"date":"2021-06-07T10:50:09","date_gmt":"2021-06-07T10:50:09","guid":{"rendered":"https:\/\/great.com\/sv-se\/?page_id=1901"},"modified":"2021-07-01T09:54:01","modified_gmt":"2021-07-01T09:54:01","slug":"gratis-roulette","status":"publish","type":"page","link":"https:\/\/great.com\/sv-se\/roulette\/gratis-roulette\/","title":{"rendered":"Gratis roulette"},"content":{"rendered":"    <section id=\"casino-block_5ed618d5b96ff\" class=\"hero-section hero-section_casino\">\r\n        <div class=\"hero-section__block\">\r\n                                                            <div class=\"hero-right\">\r\n                        <div\r\n                                class=\"hero-right__image\"\r\n                                style=\"min-height: 200px\"\r\n                        >\r\n                            <img decoding=\"async\" src=\"https:\/\/great.com\/sv-se\/wp-content\/uploads\/sites\/3\/2021\/03\/gratis-slots_462x288-462x288.jpg\"\r\n                                 alt=\"Spela olika casinospel gratis utan risk att f\u00f6rlora eller vinna\"\r\n                                 class=\"skip-lazy\"\r\n                            \/>\r\n                        <\/div>\r\n                    <\/div>\r\n                                                        <div class=\"hero-left\">\r\n                    <h1>Gratis roulette<\/h1>\r\n\r\n                                        <div\r\n                            class=\"hero-left__content \"\r\n                                                    style=\"font-family: Arial, sans-serif;\"\r\n                                            >\r\n                        <p>N\u00e4stan allting i livet \u00e4r gratis, s\u00e5 l\u00e4nge man \u00e4r beredd att kompromissa lite! Det vill s\u00e4ga, om du \u00e4r OK med en roulette simulator kan du spela gratis roulette v\u00e4ldigt snabbt och l\u00e4tt!<br \/>\n<br \/>\nP\u00e5 den h\u00e4r sidan t\u00e4nkte vi f\u00f6rklara i detalj hur du g\u00e5r tillv\u00e4ga (du kanske aldrig bes\u00f6kt ett onlinecasino tidigare) samt vad du kan g\u00f6ra i gratis roulette, och vad som bara \u00e4r m\u00f6jligt n\u00e4r du spelar med riktiga pengar.<br \/>\n<br \/>\nGratis roulette kan spelas av vem som helst, \u00e4ven folk som \u00e4r under 18. Det \u00e4r dock om\u00f6jligt f\u00f6r minder\u00e5riga att spela med riktiga pengar, s\u00e5vida pappa eller mamma inte l\u00e4mnar ut sitt bankID.<\/p>\n                    <\/div>\r\n\r\n                    \r\n                                    <\/div>\r\n                                                            <\/div>\r\n    <\/section>\r\n    \n\n\n\n\n<section id=\"content-block_5ed61908b9701\"\n\t\t class=\"content-section  \">\n\t<div class=\"content-section__block\">\n\t\t\t\t\n\t\t\n\t\t\n\t\t\t<div class=\"content-block \">\n\n\t\t\t\t\t\t\t\t\t<div\n\t\t\t\t\t\tclass=\"content-block__text  content-no-title\">\n\t\t\t\t\t\t\t\t\t\t\t\t\t<div class=\"content-block__text \">\n\t\t\t\t\t\t\t\t\t\t\t\t\t\t\t\t\t<div\n\t\t\t\t\t\t\t\t\t\tclass=\"content-block__content \"\n\t\t\t\t\t\t\t\t\t\t\t\t\t\t\t\t\t\t\t>\n\t\t\t\t\t\t\t\t\t\t<h2>Free roulette och riktig roulette<\/h2>\n<p><strong>Free roulette<\/strong> \u00e4r, precis som namnet skvallrar om, alltid gratis. Det betyder att du vare sig beh\u00f6ver g\u00f6ra ins\u00e4ttningar eller logga in. Logga in m\u00e5ste du d\u00e4remot g\u00f6ra om du spelar live roulette, vilket ocks\u00e5 \u00e4r anledningen till att du inte kan spela live roulette gratis. Free roulette \u00e4r perfekt om du vill testa olika <a href=\"https:\/\/great.com\/sv-se\/roulette\/roulette-system\/\">roulette-strategier<\/a> utan att riskera dina egna slantar.<\/p>\n<p>Termer och namn och s\u00e5 kan vara kr\u00e5ngliga att f\u00f6rst\u00e5 f\u00f6r den oinvigde. Till exempel finns det n\u00e5got som kallas f\u00f6r \u201dbordsspel\u201d hos de flesta casinon, och d\u00e4r hittar du bland annat <strong>free roulette<\/strong> och blackjack. Sedan brukar casinona ha en avdelning f\u00f6r live casino ocks\u00e5, och d\u00e4r hittar du ocks\u00e5 roulette och blackjack! S\u00e5 vad \u00e4r skillnaden egentligen?<\/p>\n<p>Under kategorin bordsspel brukar du bara hitta spel som \u00e4r datoranimerade, allts\u00e5 motsatsen till live-spel. I fallet med <strong>free roulette<\/strong> kan vi kalla det f\u00f6r video-roulette. Det betyder i korthet att bordet, hjulet och kulan allts\u00e5 \u00e4r datoranimerade, vilket naturligtvis f\u00f6rs\u00e4mrar upplevelsen lite. Dock spelar datoranimationen ingen roll f\u00f6r utfallet \u2013 det \u00e4r fortfarande turen som avg\u00f6r!<\/p>\n<p>Det som \u00e4r lite lurigt \u00e4r att vissa casinon kan blanda <strong>free roulette<\/strong> med riktig roulette lite hur som helst \u2013 och du kan inte direkt se vad som \u00e4r vad innan du startar spelet. Till exempel kan kategorin \u201dlive casino\u201d inhysa video-roulette ocks\u00e5. Inte logiskt och inte v\u00e4lsorterat, men det \u00e4r s\u00e5 det \u00e4r hos en del casinon \u2013 bara s\u00e5 du vet.<\/p>\n<h3>Stor variation \u00e4ven i gratisland<\/h3>\n<p>Det \u00e4r inte s\u00e5 att det bara finns ett enda <strong>gratis roulette<\/strong> att v\u00e4lja mellan. Utbudet varierar s\u00e5klart mellan olika casinon, men \u00e4ven bland free roulette brukar det finnas mer variation \u00e4n bara de tre huvudtyperna amerikansk, europeisk och fransk roulette.<\/p>\n<p>Du kan till exempel testa popul\u00e4ra <strong>Lightning Roulette gratis<\/strong>. Observera dock att vissa varianter kr\u00e4ver att du loggar in f\u00f6rst, \u00e4ven om du bara vill spela gratis roulette.<\/p>\n<h2>Spela roulette gratis \u2013 s\u00e5 h\u00e4r g\u00f6r du<\/h2>\n<p>F\u00f6r att <strong>spela roulette gratis<\/strong> beh\u00f6ver du bara en dator eller mobil, vilket vi antar att du har eftersom du l\u00e4ser h\u00e4r. Du beh\u00f6ver inga pengar, inget bankID och knappt n\u00e5got t\u00e5lamod heller f\u00f6r den delen. S\u00e5 h\u00e4r g\u00f6r du:<\/p>\n<p><strong>STEG 1<\/strong><br \/>\nBes\u00f6k ett n\u00e4tcasino via v\u00e5r l\u00e4nk h\u00e4r p\u00e5 Great, till exempel <a href=\"https:\/\/great.com\/sv-se\/online-casino\/paf\/\">Paf<\/a>. Anledningen till att vi p\u00e5 Great.com rekommenderar Paf \u00e4r f\u00f6r att de precis som oss sk\u00e4nker allt \u00f6verskott till v\u00e4lg\u00f6rande \u00e4ndam\u00e5l. Nu blir det i och f\u00f6r sig inga pengar eftersom du vill spela roulette gratis, men i alla fall!<\/p>\n<p><img decoding=\"async\" class=\"alignnone size-full wp-image-2053\" src=\"https:\/\/great.com\/sv-se\/wp-content\/uploads\/sites\/3\/2021\/06\/paf-startsida.jpg\" alt=\"det h\u00e4r \u00e4r det f\u00f6rsta som m\u00f6ter dig n\u00e4r du surfar in hos Paf\" width=\"1025\" height=\"575\" srcset=\"https:\/\/great.com\/sv-se\/wp-content\/uploads\/sites\/3\/2021\/06\/paf-startsida.jpg 1025w, https:\/\/great.com\/sv-se\/wp-content\/uploads\/sites\/3\/2021\/06\/paf-startsida-300x168.jpg 300w, https:\/\/great.com\/sv-se\/wp-content\/uploads\/sites\/3\/2021\/06\/paf-startsida-768x431.jpg 768w, https:\/\/great.com\/sv-se\/wp-content\/uploads\/sites\/3\/2021\/06\/paf-startsida-150x84.jpg 150w\" sizes=\"(max-width: 1025px) 100vw, 1025px\" \/><\/p>\n<p>&nbsp;<\/p>\n<p><strong>STEG 2<\/strong><br \/>\nKolla i v\u00e4nstermenyn hos Paf s\u00e5 kommer du se kategorin \u201dbordsspel\u201d, klicka d\u00e4r s\u00e5 f\u00e5r du upp casinots urval.<\/p>\n<p><img decoding=\"async\" class=\"alignnone size-full wp-image-2055\" src=\"https:\/\/great.com\/sv-se\/wp-content\/uploads\/sites\/3\/2021\/06\/paf-bordsspel.jpg\" alt=\"bordsspel hos paf, inklusive blackjack\" width=\"1025\" height=\"575\" srcset=\"https:\/\/great.com\/sv-se\/wp-content\/uploads\/sites\/3\/2021\/06\/paf-bordsspel.jpg 1025w, https:\/\/great.com\/sv-se\/wp-content\/uploads\/sites\/3\/2021\/06\/paf-bordsspel-300x168.jpg 300w, https:\/\/great.com\/sv-se\/wp-content\/uploads\/sites\/3\/2021\/06\/paf-bordsspel-768x431.jpg 768w, https:\/\/great.com\/sv-se\/wp-content\/uploads\/sites\/3\/2021\/06\/paf-bordsspel-150x84.jpg 150w\" sizes=\"(max-width: 1025px) 100vw, 1025px\" \/><\/p>\n<p>&nbsp;<\/p>\n<p><strong>STEG 3<\/strong><br \/>\nV\u00e4lj ett av roulette-spelen som visas. Det finns en del att v\u00e4lja mellan, och det spelar inte j\u00e4ttestor roll vilket du v\u00e4ljer. Du kan testa amerikansk, europeisk och fransk roulette. Klicka p\u00e5 ett spel f\u00f6r att starta det.<\/p>\n<p><img decoding=\"async\" class=\"alignnone size-full wp-image-2103\" src=\"https:\/\/great.com\/sv-se\/wp-content\/uploads\/sites\/3\/2021\/07\/paf-roulette-spel.jpg\" alt=\"v\u00e4lj bland massor av video-roulette hos Paf\" width=\"1025\" height=\"575\" srcset=\"https:\/\/great.com\/sv-se\/wp-content\/uploads\/sites\/3\/2021\/07\/paf-roulette-spel.jpg 1025w, https:\/\/great.com\/sv-se\/wp-content\/uploads\/sites\/3\/2021\/07\/paf-roulette-spel-300x168.jpg 300w, https:\/\/great.com\/sv-se\/wp-content\/uploads\/sites\/3\/2021\/07\/paf-roulette-spel-768x431.jpg 768w, https:\/\/great.com\/sv-se\/wp-content\/uploads\/sites\/3\/2021\/07\/paf-roulette-spel-150x84.jpg 150w\" sizes=\"(max-width: 1025px) 100vw, 1025px\" \/><\/p>\n<p>&nbsp;<\/p>\n<p><strong>STEG 3,5<\/strong><br \/>\nOK, vi var tvungna att n\u00e4mna att du kan spela roulette gratis hos Paf med riktiga v\u00e4rdar \u2026 men \u00e4nd\u00e5 inte. Djupt uttryckt, va? Det g\u00e5r till s\u00e5 att du spelar roulette och ser f\u00f6rinspelade videor med riktiga v\u00e4rdar. Vi antar att man spelat in ett videoklipp f\u00f6r varje nummer p\u00e5 roulette-hjulet, och sedan slumpas videon\/numret inf\u00f6r varje runda. Live \u00e4r det i alla fall inte.<\/p>\n<p><img decoding=\"async\" class=\"alignnone size-full wp-image-2105\" src=\"https:\/\/great.com\/sv-se\/wp-content\/uploads\/sites\/3\/2021\/07\/paf-real-roulette.jpg\" alt=\"Real Roulette \u00e4r video-roulette med f\u00f6rinspelad video\" width=\"1025\" height=\"575\" srcset=\"https:\/\/great.com\/sv-se\/wp-content\/uploads\/sites\/3\/2021\/07\/paf-real-roulette.jpg 1025w, https:\/\/great.com\/sv-se\/wp-content\/uploads\/sites\/3\/2021\/07\/paf-real-roulette-300x168.jpg 300w, https:\/\/great.com\/sv-se\/wp-content\/uploads\/sites\/3\/2021\/07\/paf-real-roulette-768x431.jpg 768w, https:\/\/great.com\/sv-se\/wp-content\/uploads\/sites\/3\/2021\/07\/paf-real-roulette-150x84.jpg 150w\" sizes=\"(max-width: 1025px) 100vw, 1025px\" \/><\/p>\n<p>&nbsp;<\/p>\n<p><strong>STEG 4<\/strong><br \/>\nDet tar n\u00e5gra sekunder f\u00f6r spelet att ladda. N\u00e4r det \u00e4r klart kan du s\u00e4tta ig\u00e5ng! T\u00e4nk p\u00e5 att borden ser olika ut, s\u00e5 du kanske inte m\u00f6ts av bilden som vi publicerat h\u00e4r nedan.<\/p>\n<p><img decoding=\"async\" class=\"alignnone size-full wp-image-2107\" src=\"https:\/\/great.com\/sv-se\/wp-content\/uploads\/sites\/3\/2021\/07\/paf-gratis-roulette-bord.jpg\" alt=\"gratis roulette med l\u00e5tsaspengar hos Paf\" width=\"1025\" height=\"575\" srcset=\"https:\/\/great.com\/sv-se\/wp-content\/uploads\/sites\/3\/2021\/07\/paf-gratis-roulette-bord.jpg 1025w, https:\/\/great.com\/sv-se\/wp-content\/uploads\/sites\/3\/2021\/07\/paf-gratis-roulette-bord-300x168.jpg 300w, https:\/\/great.com\/sv-se\/wp-content\/uploads\/sites\/3\/2021\/07\/paf-gratis-roulette-bord-768x431.jpg 768w, https:\/\/great.com\/sv-se\/wp-content\/uploads\/sites\/3\/2021\/07\/paf-gratis-roulette-bord-150x84.jpg 150w\" sizes=\"(max-width: 1025px) 100vw, 1025px\" \/><\/p>\n<h3>N\u00e5gra saker att t\u00e4nka p\u00e5<\/h3>\n<p>N\u00e4r du vill <strong>spela roulette gratis<\/strong> har du en stor summa l\u00e5tsaspengar att spendera p\u00e5 varje snurr. H\u00e4r \u00e4r det fritt fram att satsa hur mycket eller lite du vill, f\u00f6r skulle pengarna mot f\u00f6rmodan ta slut \u00e4r det bara att ladda om spelet (klicka p\u00e5 \u201duppdatera\u201d i din webbl\u00e4sare) och forts\u00e4tta med gratis roulette!<\/p>\n<p>Gr\u00e4nssnittet, allts\u00e5 knapparnas placering och s\u00e5, skiljer sig lite mellan <a href=\"https:\/\/great.com\/sv-se\/roulette\/roulette-table\/\">olika bord<\/a>. Det \u00e4r bara att testa sig fram \u2013 det \u00e4r ju gratis!<\/p>\n<h2>Vad \u00e4r en roulette simulator, och var finns s\u00e5dana?<\/h2>\n<p>En <strong>roulette simulator<\/strong> \u00e4r egentligen samma sak som det vi beskrev ovan, allts\u00e5 free roulette med datoranimerade kulor och hjul. Meningen \u00e4r att man ska kunna simulera det riktiga spelet f\u00f6r att l\u00e4ra sig hur det fungerar, utan att det ska kosta pengar.<\/p>\n<p>Vi ska h\u00e4r f\u00f6rklara lite mer ing\u00e5ende hur en <strong>roulette simulator<\/strong> fungerar. Allting \u00e4r allts\u00e5 datoranimerat, vilket inneb\u00e4r att kulan inte har samma verklighetstrogna fysik som i live roulette. Du kommer f\u00f6rmodligen m\u00e4rka att vissa utvecklare anstr\u00e4ngt sig mer \u00e4n andra f\u00f6r att f\u00e5 till en realistisk fysik, men vi lovar att du alltid kommer se skillnad gentemot live.<\/p>\n<p><strong>Roulette simulator<\/strong> hittar du hos de flesta svenska casinon. Det kan finnas undantag, till exempel casinon som uteslutande k\u00f6r med slots och helt saknar bordsspel. Men finns live casino kan du n\u00e4stan vara helt s\u00e4ker p\u00e5 att bordsspel h\u00e4nger med p\u00e5 ett h\u00f6rn ocks\u00e5, och tv\u00e4rtom.<\/p>\n<h3>K\u00e4nn ingen stress vid en simulator<\/h3>\n<p>En annan viktig skillnad om du j\u00e4mf\u00f6r en <strong>roulette simulator<\/strong> med live roulette, \u00e4r att det inte finns en klocka eller liknande som tickar ned inf\u00f6r varje runda. N\u00e4r du spelar live tillsammans med andra m\u00e4nniskor fr\u00e5n hela v\u00e4rlden m\u00e5ste du ta h\u00e4nsyn och d\u00e4rf\u00f6r g\u00e5r allting p\u00e5 tid.<\/p>\n<p>F\u00f6r en nyb\u00f6rjare kan det h\u00e4r vara v\u00e4ldigt stressande och g\u00f6ra s\u00e5 att man missar alternativ som finns. <strong>Gratis roulette<\/strong> p\u00e5 en simulator ger dig all tid i v\u00e4rlden (inte bokstavligt kanske, men du fattar), vilket g\u00f6r att du i lugn och ro kan f\u00f6rst\u00e5 free roulette och alla de olika insatsalternativ som h\u00f6r till. Du kan naturligtvis kolla v\u00e5r eminenta roulette-guide ocks\u00e5 (l\u00e4nk finns l\u00e4ngre ned p\u00e5 denna sida), men ingenting sl\u00e5r metoden att testa sj\u00e4lv!<\/p>\n<h2>Spela roulette gratis nu<\/h2>\n<p>Du har ingenting f\u00f6rutom tid att f\u00f6rlora p\u00e5 att <strong>spela roulette gratis<\/strong>. Ju fler olika casinospel du uppt\u00e4cker, desto mer kan du v\u00e4lja mellan \u2013 och d\u00e5 \u00e4r det l\u00e4ttare att hitta en favorit.<\/p>\n\t\t\t\t\t\t\t\t\t<\/div>\n\t\t\t\t\t\t\t\t\t\t\t\t\t\t\t\t\t\t\t\t\t\t\t<\/div>\n\t\t\t\t\t\t\n\t\t\t\t\t\t\n\t\t\t\t\t\t\n\t\t\t\t\t<\/div>\n\n\t\t\t\t\n\t\t\t<\/div>\n\t\t\t\t\t<\/div>\n<\/section>\n\n\n<section id=\"content-block_5ed6195eb9707\"\n\t\t class=\"content-section  \">\n\t<div class=\"content-section__block\">\n\t\t\t\t\n\t\t\n\t\t\n\t\t\t<div class=\"content-block \">\n\n\t\t\t\t\t\t\t\t\t<div\n\t\t\t\t\t\tclass=\"content-block__text  content-no-title\">\n\t\t\t\t\t\t\t\t\t\t\t\t\t<div class=\"content-block__text \">\n\t\t\t\t\t\t\t\t\t\t\t\t\t\t\t\t\t<div\n\t\t\t\t\t\t\t\t\t\tclass=\"content-block__content \"\n\t\t\t\t\t\t\t\t\t\t\t\t\t\t\t\t\t\t\t>\n\t\t\t\t\t\t\t\t\t\t<h2><a href=\"https:\/\/great.com\/sv-se\/roulette\/\">Tillbaka till roulette<\/a><\/h2>\n\t\t\t\t\t\t\t\t\t<\/div>\n\t\t\t\t\t\t\t\t\t\t\t\t\t\t\t\t\t\t\t\t\t\t\t<\/div>\n\t\t\t\t\t\t\n\t\t\t\t\t\t\n\t\t\t\t\t\t\n\t\t\t\t\t<\/div>\n\n\t\t\t\t\n\t\t\t<\/div>\n\t\t\t\t\t<\/div>\n<\/section>\n","protected":false},"excerpt":{"rendered":"","protected":false},"author":16,"featured_media":0,"parent":1825,"menu_order":62,"comment_status":"closed","ping_status":"closed","template":"","meta":{"_acf_changed":false,"footnotes":""},"class_list":["post-1901","page","type-page","status-publish","hentry"],"acf":[],"yoast_head":"<!-- This site is optimized with the Yoast SEO plugin v27.4 - https:\/\/yoast.com\/product\/yoast-seo-wordpress\/ -->\n<title>Gratis roulette kan du testa NU \u2013 vi visar steg f\u00f6r steg<\/title>\n<meta name=\"description\" content=\"Det \u00e4r j\u00e4ttel\u00e4tt att hitta en roulette simulator och spela gratis \u2013 du beh\u00f6ver vare sig pengar eller t\u00e5lamod!\" \/>\n<meta name=\"robots\" content=\"index, follow, max-snippet:-1, max-image-preview:large, max-video-preview:-1\" \/>\n<link rel=\"canonical\" href=\"https:\/\/great.com\/sv-se\/roulette\/gratis-roulette\/\" \/>\n<meta property=\"og:locale\" content=\"sv_SE\" \/>\n<meta property=\"og:type\" content=\"article\" \/>\n<meta property=\"og:title\" content=\"Gratis roulette kan du testa NU \u2013 vi visar steg f\u00f6r steg\" \/>\n<meta property=\"og:description\" content=\"Det \u00e4r j\u00e4ttel\u00e4tt att hitta en roulette simulator och spela gratis \u2013 du beh\u00f6ver vare sig pengar eller t\u00e5lamod!\" \/>\n<meta property=\"og:url\" content=\"https:\/\/great.com\/sv-se\/roulette\/gratis-roulette\/\" \/>\n<meta property=\"og:site_name\" content=\"Great.com SE\/SV\" \/>\n<meta property=\"article:modified_time\" content=\"2021-07-01T09:54:01+00:00\" \/>\n<meta name=\"twitter:card\" content=\"summary_large_image\" \/>\n<script type=\"application\/ld+json\" class=\"yoast-schema-graph\">{\"@context\":\"https:\\\/\\\/schema.org\",\"@graph\":[{\"@type\":\"WebPage\",\"@id\":\"https:\\\/\\\/great.com\\\/sv-se\\\/roulette\\\/gratis-roulette\\\/\",\"url\":\"https:\\\/\\\/great.com\\\/sv-se\\\/roulette\\\/gratis-roulette\\\/\",\"name\":\"Gratis roulette kan du testa NU \u2013 vi visar steg f\u00f6r steg\",\"isPartOf\":{\"@id\":\"https:\\\/\\\/great.com\\\/sv-se\\\/#website\"},\"datePublished\":\"2021-06-07T10:50:09+00:00\",\"dateModified\":\"2021-07-01T09:54:01+00:00\",\"description\":\"Det \u00e4r j\u00e4ttel\u00e4tt att hitta en roulette simulator och spela gratis \u2013 du beh\u00f6ver vare sig pengar eller t\u00e5lamod!\",\"breadcrumb\":{\"@id\":\"https:\\\/\\\/great.com\\\/sv-se\\\/roulette\\\/gratis-roulette\\\/#breadcrumb\"},\"inLanguage\":\"sv-SE\",\"potentialAction\":[{\"@type\":\"ReadAction\",\"target\":[\"https:\\\/\\\/great.com\\\/sv-se\\\/roulette\\\/gratis-roulette\\\/\"]}]},{\"@type\":\"BreadcrumbList\",\"@id\":\"https:\\\/\\\/great.com\\\/sv-se\\\/roulette\\\/gratis-roulette\\\/#breadcrumb\",\"itemListElement\":[{\"@type\":\"ListItem\",\"position\":1,\"name\":\"Home\",\"item\":\"https:\\\/\\\/great.com\\\/sv-se\\\/\"},{\"@type\":\"ListItem\",\"position\":2,\"name\":\"L\u00e4r dig spela roulette!\",\"item\":\"https:\\\/\\\/great.com\\\/sv-se\\\/roulette\\\/\"},{\"@type\":\"ListItem\",\"position\":3,\"name\":\"Gratis roulette\"}]},{\"@type\":\"WebSite\",\"@id\":\"https:\\\/\\\/great.com\\\/sv-se\\\/#website\",\"url\":\"https:\\\/\\\/great.com\\\/sv-se\\\/\",\"name\":\"Great.com SE\\\/SV\",\"description\":\"The Casino Philanthropy Project\",\"potentialAction\":[{\"@type\":\"SearchAction\",\"target\":{\"@type\":\"EntryPoint\",\"urlTemplate\":\"https:\\\/\\\/great.com\\\/sv-se\\\/?s={search_term_string}\"},\"query-input\":{\"@type\":\"PropertyValueSpecification\",\"valueRequired\":true,\"valueName\":\"search_term_string\"}}],\"inLanguage\":\"sv-SE\"}]}<\/script>\n<!-- \/ Yoast SEO plugin. -->","yoast_head_json":{"title":"Gratis roulette kan du testa NU \u2013 vi visar steg f\u00f6r steg","description":"Det \u00e4r j\u00e4ttel\u00e4tt att hitta en roulette simulator och spela gratis \u2013 du beh\u00f6ver vare sig pengar eller t\u00e5lamod!","robots":{"index":"index","follow":"follow","max-snippet":"max-snippet:-1","max-image-preview":"max-image-preview:large","max-video-preview":"max-video-preview:-1"},"canonical":"https:\/\/great.com\/sv-se\/roulette\/gratis-roulette\/","og_locale":"sv_SE","og_type":"article","og_title":"Gratis roulette kan du testa NU \u2013 vi visar steg f\u00f6r steg","og_description":"Det \u00e4r j\u00e4ttel\u00e4tt att hitta en roulette simulator och spela gratis \u2013 du beh\u00f6ver vare sig pengar eller t\u00e5lamod!","og_url":"https:\/\/great.com\/sv-se\/roulette\/gratis-roulette\/","og_site_name":"Great.com SE\/SV","article_modified_time":"2021-07-01T09:54:01+00:00","twitter_card":"summary_large_image","schema":{"@context":"https:\/\/schema.org","@graph":[{"@type":"WebPage","@id":"https:\/\/great.com\/sv-se\/roulette\/gratis-roulette\/","url":"https:\/\/great.com\/sv-se\/roulette\/gratis-roulette\/","name":"Gratis roulette kan du testa NU \u2013 vi visar steg f\u00f6r steg","isPartOf":{"@id":"https:\/\/great.com\/sv-se\/#website"},"datePublished":"2021-06-07T10:50:09+00:00","dateModified":"2021-07-01T09:54:01+00:00","description":"Det \u00e4r j\u00e4ttel\u00e4tt att hitta en roulette simulator och spela gratis \u2013 du beh\u00f6ver vare sig pengar eller t\u00e5lamod!","breadcrumb":{"@id":"https:\/\/great.com\/sv-se\/roulette\/gratis-roulette\/#breadcrumb"},"inLanguage":"sv-SE","potentialAction":[{"@type":"ReadAction","target":["https:\/\/great.com\/sv-se\/roulette\/gratis-roulette\/"]}]},{"@type":"BreadcrumbList","@id":"https:\/\/great.com\/sv-se\/roulette\/gratis-roulette\/#breadcrumb","itemListElement":[{"@type":"ListItem","position":1,"name":"Home","item":"https:\/\/great.com\/sv-se\/"},{"@type":"ListItem","position":2,"name":"L\u00e4r dig spela roulette!","item":"https:\/\/great.com\/sv-se\/roulette\/"},{"@type":"ListItem","position":3,"name":"Gratis roulette"}]},{"@type":"WebSite","@id":"https:\/\/great.com\/sv-se\/#website","url":"https:\/\/great.com\/sv-se\/","name":"Great.com SE\/SV","description":"The Casino Philanthropy Project","potentialAction":[{"@type":"SearchAction","target":{"@type":"EntryPoint","urlTemplate":"https:\/\/great.com\/sv-se\/?s={search_term_string}"},"query-input":{"@type":"PropertyValueSpecification","valueRequired":true,"valueName":"search_term_string"}}],"inLanguage":"sv-SE"}]}},"_links":{"self":[{"href":"https:\/\/great.com\/sv-se\/wp-json\/wp\/v2\/pages\/1901","targetHints":{"allow":["GET"]}}],"collection":[{"href":"https:\/\/great.com\/sv-se\/wp-json\/wp\/v2\/pages"}],"about":[{"href":"https:\/\/great.com\/sv-se\/wp-json\/wp\/v2\/types\/page"}],"author":[{"embeddable":true,"href":"https:\/\/great.com\/sv-se\/wp-json\/wp\/v2\/users\/16"}],"replies":[{"embeddable":true,"href":"https:\/\/great.com\/sv-se\/wp-json\/wp\/v2\/comments?post=1901"}],"version-history":[{"count":0,"href":"https:\/\/great.com\/sv-se\/wp-json\/wp\/v2\/pages\/1901\/revisions"}],"up":[{"embeddable":true,"href":"https:\/\/great.com\/sv-se\/wp-json\/wp\/v2\/pages\/1825"}],"wp:attachment":[{"href":"https:\/\/great.com\/sv-se\/wp-json\/wp\/v2\/media?parent=1901"}],"curies":[{"name":"wp","href":"https:\/\/api.w.org\/{rel}","templated":true}]}}