{"id":2154,"date":"2021-07-22T17:44:33","date_gmt":"2021-07-22T17:44:33","guid":{"rendered":"https:\/\/great.com\/sv-se\/?page_id=2154"},"modified":"2021-10-14T16:05:09","modified_gmt":"2021-10-14T16:05:09","slug":"live-casino-poker","status":"publish","type":"page","link":"https:\/\/great.com\/sv-se\/live-casino\/live-casino-poker\/","title":{"rendered":"Live casino poker \u2013 l\u00e4r dig spela!"},"content":{"rendered":"    <section id=\"casino-block_5ed618d5b96ff\" class=\"hero-section hero-section_casino\">\r\n        <div class=\"hero-section__block\">\r\n                                                            <div class=\"hero-right\">\r\n                        <div\r\n                                class=\"hero-right__image\"\r\n                                style=\"min-height: 200px\"\r\n                        >\r\n                            <img decoding=\"async\" src=\"https:\/\/great.com\/sv-se\/wp-content\/uploads\/sites\/3\/2021\/07\/live-casino-poker-462x288.jpg\"\r\n                                 alt=\"poker online hos ett svenskt casino\"\r\n                                 class=\"skip-lazy\"\r\n                            \/>\r\n                        <\/div>\r\n                    <\/div>\r\n                                                        <div class=\"hero-left\">\r\n                    <h1>Live casino poker \u2013 l\u00e4r dig spela!<\/h1>\r\n\r\n                                        <div\r\n                            class=\"hero-left__content \"\r\n                                                    style=\"font-family: Arial, sans-serif;\"\r\n                                            >\r\n                        <p>V\u00e4lkommen till live casino poker \u2013 spelet som \u00e4r betydligt likare videopoker \u00e4n riktig poker! Visserligen \u00e4r det samma h\u00e4nder\/kortkombinationer du \u00e4r ute efter som i vanlig poker, men h\u00e4r kan du inte v\u00e4lja vilka kort du ska byta ut.<\/p>\n<p>Live casino poker blir d\u00e4rf\u00f6r en annorlunda upplevelse om du \u00e4r van vid riktiga pokerbord d\u00e4r du spelar mot andra m\u00e4nniskor. H\u00e4r \u00e4r det inte alls lika mycket skicklighet som du kanske \u00e4r vad vid.<\/p>\n<p>Kan du riktig poker har du inte s\u00e5 mycket att h\u00e4mta h\u00e4r, men \u00e4r du helt ny \u00e4r utg\u00f6r live casino poker en riktigt bra grund!<\/p>\n                    <\/div>\r\n\r\n                    \r\n                                    <\/div>\r\n                                                            <\/div>\r\n    <\/section>\r\n    \n\n\n\n\n<section id=\"content-block_5ed61908b9701\"\n\t\t class=\"content-section  \">\n\t<div class=\"content-section__block\">\n\t\t\t\t\n\t\t\n\t\t\n\t\t\t<div class=\"content-block \">\n\n\t\t\t\t\t\t\t\t\t<div\n\t\t\t\t\t\tclass=\"content-block__text  content-no-title\">\n\t\t\t\t\t\t\t\t\t\t\t\t\t<div class=\"content-block__text \">\n\t\t\t\t\t\t\t\t\t\t\t\t\t\t\t\t\t<div\n\t\t\t\t\t\t\t\t\t\tclass=\"content-block__content \"\n\t\t\t\t\t\t\t\t\t\t\t\t\t\t\t\t\t\t\t>\n\t\t\t\t\t\t\t\t\t\t<h2>Hur spelar man poker?<\/h2>\n<p>Det beror p\u00e5 om vi pratar <strong>riktig poker<\/strong> eller <strong>live casino poker<\/strong>. Det beror ocks\u00e5 p\u00e5 vilken variant av poker som g\u00e4ller. Visserligen handlar den h\u00e4r sidan om live casino poker, men vi k\u00e4nner \u00e4nd\u00e5 att vi av pedagogiska sk\u00e4l beh\u00f6ver g\u00e5 igenom grunderna f\u00f6r riktig poker f\u00f6rst, och d\u00e5 den k\u00e4nda varianten Texas Hold&#8217;em. S\u00e5 h\u00e4r g\u00e5r det till:<\/p>\n<p><strong>F\u00f6rst och fr\u00e4mst spelas riktig poker med riktiga m\u00e4nniskor.<\/strong> Det inneb\u00e4r att poker, till skillnad fr\u00e5n m\u00e5nga andra live casino spel, \u00e4r ett skicklighetsspel d\u00e4r inte turen \u00e4r den avg\u00f6rande faktorn. Visst, det \u00e4r bara tur om du f\u00e5r bra kort, men riktig poker handlar lika mycket om att l\u00e4sa av andra spelare och deras kort, som att sj\u00e4lv f\u00e5 bra kort.<\/p>\n<p><strong>J\u00e4mf\u00f6r g\u00e4rna med Mario Kart<\/strong> \u2013 nyb\u00f6rjaren kan vinna en enskild runda med turens hj\u00e4lp, men i l\u00e4ngden har han ingen chans.<\/p>\n<p><strong>S\u00e5 h\u00e4r g\u00e5r en runda riktig poker av typen Texas Hold&#8217;em till:<\/strong><\/p>\n<ol>\n<li>F\u00f6rst har vi v\u00e4rden (dealer p\u00e5 engelska) som ska dela ut korten till alla spelare runt bordet.<\/li>\n<li>Innan n\u00e5gra kort delas ut g\u00f6r spelarna till v\u00e4nster om v\u00e4rden sina m\u00f6rksatsningar (blinds p\u00e5 engelska), <strong>lilla och stora m\u00f6rken<\/strong> (stora \u00e4r dubbelt s\u00e5 stor som lilla, till exempel 20 kr om lilla \u00e4r 10 kr).<\/li>\n<li>Nu delas 2 kort ut till varje spelare.<\/li>\n<li>Spelarna till v\u00e4nster om stora m\u00f6rken m\u00e5ste nu i tur och ordning v\u00e4lja mellan att <strong>ge upp<\/strong> (fold), <strong>syna\/checka<\/strong>(call\/check) eller <strong>h\u00f6ja<\/strong> (raise). Skillnaden mellan syna och checka \u00e4r att du synar spelare som h\u00f6jt insatsen, men checkar om ingen har h\u00f6jt.<\/li>\n<li><strong>Ger man upp<\/strong> beh\u00f6ver man inte satsa n\u00e5gra pengar (om man inte sitter n\u00e4ra till v\u00e4nster om v\u00e4rden och m\u00e5ste l\u00e4gga lilla eller stora m\u00f6rken).<\/li>\n<li><strong>Att syna\/checka<\/strong> inneb\u00e4r att man l\u00e4gger samma insats som stora m\u00f6rken, alternativt en h\u00f6gre insats som en spelare innan har gjort om han h\u00f6jt.<\/li>\n<li><strong>H\u00f6jer man<\/strong> g\u00f6r man det utifr\u00e5n stora m\u00f6rken, alternativt utifr\u00e5n det en annan spelare redan h\u00f6jt med. N\u00e4r en spelare h\u00f6jer efter stora m\u00f6rken m\u00e5ste alla andra spelare efter satsa samma m\u00e4ngd n\u00e4r de synar.<\/li>\n<li>Nu \u00e4r det dags f\u00f6r <strong>floppen<\/strong>, det vill s\u00e4ga de tre f\u00f6rsta uppv\u00e4nda korten som alla kan ta del av i mitten p\u00e5 bordet.<\/li>\n<li>Nu b\u00f6rjar n\u00e4sta runda p\u00e5 samma s\u00e4tt \u2013 spelare v\u00e4ljer om de ska h\u00f6ja insatsen, ge upp eller <strong>checka<\/strong>. Rundan avslutas inte f\u00f6rr\u00e4n alla spelare satsat lika mycket, alternativt gett upp. Om spelare hela tiden h\u00f6jer lite grann kan det bli ordentlig rundg\u00e5ng &#8230;<\/li>\n<li>N\u00e4sta fas kallas <strong>Turn<\/strong> och h\u00e4r delas endast ett nytt kort ut. Det l\u00e4ggs uppv\u00e4nt p\u00e5 mitten av bordet s\u00e5 att alla spelare kan ta del av det. Fyra gemensamma kort totalt nu allts\u00e5.<\/li>\n<li>Nu p\u00e5b\u00f6rjas en till runda som fungerar likadant som den efter floppen. Syna\/checka, ge upp eller h\u00f6j allts\u00e5.<\/li>\n<li>Sista fasen kallas <strong>River<\/strong>, och den spelas exakt likadant som Turn.<\/li>\n<li>Nu \u00e4r det dags f\u00f6r alla spelare att visa sina kort, och precis som tidigare g\u00e5r man medsols fr\u00e5n v\u00e4rden r\u00e4knat. Den spelare som har den b\u00e4sta kombinationen <strong>vinner potten<\/strong>.<\/li>\n<li><strong>Potten<\/strong> \u00e4r allts\u00e5 alla pengar (marker) som spelare satsat under samtliga rundor.<\/li>\n<\/ol>\n<p>Det var en del att g\u00e5 igenom, men nu har du f\u00f6rhoppningsvis en klar bild \u00f6ver hur riktig poker (Texas Hold&#8217;em) g\u00e5r till. Och vet du hur riktig poker g\u00e5r till blir det l\u00e4ttare att f\u00f6rst\u00e5 <strong>live casino poker<\/strong>.<\/p>\n<h3>Pokerh\u00e4nder och kortkombinationer<\/h3>\n<p>Nu kommer vi in p\u00e5 vilka h\u00e4nder man faktiskt vinner med, det vill s\u00e4ga hur mycket olika kortkombinationer \u00e4r v\u00e4rda. <strong>Vi g\u00e5r fr\u00e5n b\u00e4st till s\u00e4mst:<\/strong><\/p>\n<ul>\n<li><strong>Royal Straight Flush<\/strong> intr\u00e4ffar n\u00e4stan aldrig. Du m\u00e5ste ha ess, kung, dam, knekt och tia \u2013 alla i samma f\u00e4rg \u2013 f\u00f6r att f\u00e5 denna hand.<\/li>\n<li><strong>F\u00e4rgstege<\/strong> \u00e4r som Royal Straight Flush, men utan kravet p\u00e5 de h\u00f6gsta korten. H\u00e4r r\u00e4cker det med att ha fem kort i rad \u2013 alla i samma f\u00e4rg \u2013 vilket \u00e4r otroligt sv\u00e5rt det ocks\u00e5!<\/li>\n<li><strong>Fyrtal<\/strong> \u00e4r fyra kort av samma val\u00f6r, till exempel fyra tior.<\/li>\n<li><strong>K\u00e5k<\/strong> \u00e4r en blandning av triss och par<\/li>\n<li><strong>F\u00e4rg<\/strong> \u00e4r fem kort d\u00e4r alla \u00e4r spader, ruter, kl\u00f6ver eller hj\u00e4rter.<\/li>\n<li>Minns du det vi skrev om f\u00e4rgstege? (Annars kan det vara p\u00e5 plats att tr\u00e4na korttidsminnet.) En <strong>stege<\/strong> \u00e4r samma sak, fast utan krav p\u00e5 att alla kort ska vara i samma f\u00e4rg.<\/li>\n<li><strong>Triss<\/strong> \u00e4r inte bara Sveriges popul\u00e4raste lott, utan \u00e4ven pokerdefinitionen av tre av samma val\u00f6r.<\/li>\n<li><strong>Tv\u00e5 par<\/strong> \u00e4r till exempel tv\u00e5 kungar och tv\u00e5 femmor.<\/li>\n<li><strong>Ett par<\/strong> \u00e4r till exempel tv\u00e5 femmor.<\/li>\n<li><strong>H\u00f6gst kort<\/strong> vinner om ingen f\u00e5r n\u00e5gon speciell kortkombination. En kung \u00e4r till exempel v\u00e4rd mer \u00e4n en dam.<\/li>\n<\/ul>\n<p>En <strong>pokerhand<\/strong> i Texas Hold&#8217;em kan best\u00e5 av tv\u00e5 av dina egna kort samt tre gemensamma, ett av dina egna kort samt fyra gemensamma, eller (v\u00e4ldigt ovanligt) bara gemensamma kort.<\/p>\n<h2>Inte lika mycket skicklighet i live casino poker<\/h2>\n<p>Det som framf\u00f6r allt skiljer riktig poker (Texas Hold&#8217;em) fr\u00e5n <strong>live casino poker<\/strong> \u00e4r att du hos ett live casino inte spelar mot andra m\u00e4nniskor, och kan d\u00e4rmed heller inte l\u00e4sa av folk. Live casino poker \u00e4r allts\u00e5 betydligt mer tur \u00e4n riktig poker.<\/p>\n<p>En annan stor skillnad \u00e4r att alla spelare gemensamt spelar mot huset\/v\u00e4rden i <strong>live casino poker<\/strong>, ist\u00e4llet f\u00f6r mot varandra. Naturligtvis beh\u00f6ver du inte fatta samma beslut som alla andra, du kan sj\u00e4lv v\u00e4lja under vilka rundor du vill satsa extra, checka eller ge upp. Men alla spelare sitter p\u00e5 samma hand. Det h\u00e4r g\u00f6r ocks\u00e5 att det inte finns n\u00e5gon begr\u00e4nsning i hur m\u00e5nga som kan spela samtidigt.<\/p>\n<p>En tredje skillnad \u00e4r att <strong>du inte tvingas l\u00e4gga insats<\/strong>, utan kan hoppa \u00f6ver s\u00e5 m\u00e5nga omg\u00e5ngar du vill. I riktig poker ser lilla och stora m\u00f6rken till att ingen spelare kan &#8221;komma undan&#8221; p\u00e5 det s\u00e4ttet! I live casino poker finns det bara en m\u00f6rk (ante) d\u00e4r du \u2013 om du vill \u2013 m\u00e5ste satsa innan du f\u00e5tt dina tv\u00e5 kort.<\/p>\n<h3>Olika varianter av live casino poker<\/h3>\n<p>Det vanligaste spelet hos n\u00e4tcasinon \u00e4r n\u00e5got som kallas <strong>Casino Hold&#8217;em<\/strong>, vilket till stor del liknar Texas Hold&#8217;em, med skillnaden att du t\u00e4vlar mot huset ist\u00e4llet f\u00f6r mot andra spelare. H\u00e4r t\u00e4nkte vi presentera n\u00e5gra fler varianter. Kom bara ih\u00e5g att utbudet inte ens kommer i n\u00e4rheten av blackjack och roulette.<\/p>\n<p><strong>Caribbean Stud Poker<\/strong><br \/>\nSpelet b\u00f6rjar med att du f\u00e5r dina fem kort (naturligtvis m\u00e5ste du l\u00e4gga en insats f\u00f6rst, det vill s\u00e4ga ante), sedan visar v\u00e4rden ett av sina fem kort. H\u00e4r har du valet att dubbla din insats (forts\u00e4tta spela) eller ge upp. V\u00e4ljer du att forts\u00e4tta kommer v\u00e4rden visa resten av sina kort, och en vinnare kan utses.<\/p>\n<p>Caribbean Stud Poker inneh\u00e5ller, som s\u00e5 m\u00e5nga andra live casino poker-spel, bonusfunktioner. 5 + 1 Bonus ger dig lite extra om dina fem kort plus v\u00e4rdens uppv\u00e4nta kort bildar triss eller b\u00e4ttre. Det finns \u00e4ven en jackpottfunktion som \u00e4r densamma som i Casino Hold&#8217;em.<\/p>\n<p><strong>Casino Hold&#8217;em<\/strong><br \/>\nF\u00f6rutom regelr\u00e4tt poker erbjuder Casino Hold&#8217;em fr\u00e5n Evolution Gaming \u00e4ven ett par extra bonusalternativ. Dels kan du l\u00e4gga en extra insats till en jackpott, d\u00e4r de b\u00e4sta pokerh\u00e4nderna ger dig extra pengar om du f\u00e5r dem.<\/p>\n<p>Du har ocks\u00e5 ett bonusalternativ som g\u00e4ller om du f\u00e5r par i ess eller b\u00e4ttre. B\u00e5da alternativen kostar allts\u00e5 extra att aktivera.<\/p>\n<p><strong>Side Bet City<\/strong><br \/>\nH\u00e4r v\u00e4ljer du mellan fyra olika alternativ:<\/p>\n<ul>\n<li>Vinst med 3 kort.<\/li>\n<li>Vinst med 5 kort.<\/li>\n<li>Vinst med 7 kort.<\/li>\n<li>F\u00f6rlust<\/li>\n<\/ul>\n<p>N\u00e4r du gjort din insats kommer v\u00e4rden att rakt uppochned bara l\u00e4gga ut sju kort. F\u00f6rst tre, sedan tv\u00e5 till och sedan de tv\u00e5 sista. Alla normala pokerh\u00e4nder r\u00e4knas inte som vinst i Side Bet City, s\u00e5 kolla reglerna innan du s\u00e4tter ig\u00e5ng!<\/p>\n<p><strong>Three Card Poker<\/strong><br \/>\nDen h\u00e4r varianten \u00e4r speciell. Inte nog med att du bara f\u00e5r tre kort, pokerh\u00e4nderna skiljer sig dessutom h\u00e4r (vilket \u00e4r ganska naturligt med tanke p\u00e5 att antal kort \u00e4r f\u00e4rre, och d\u00e4rmed om\u00f6jligg\u00f6r vissa h\u00e4nder).<\/p>\n<p>Till exempel finns det n\u00e5got som heter Mini Royal i Three Card Poker, som best\u00e5r av ess, kung och dam. Du har \u00e4ven tv\u00e5 bonusalternativ (f\u00f6rmodligen mer bonus f\u00f6r casinot \u00e4n f\u00f6r dig), varav ett heter 6 Card Bonus. D\u00e4r vinner du med hj\u00e4lp av husets hand (om du f\u00e5r triss eller b\u00e4ttre).<\/p>\n<h2>Pokertermer hos onlinecasinon<\/h2>\n<p>Vi har redan ber\u00f6rt vissa av termerna, men vi t\u00e4nkte samtidigt att det inte skadat att samla de vanligaste p\u00e5 en plats! Vi kommer bara g\u00e5 igenom de enklaste h\u00e4r, allts\u00e5 de du f\u00f6rmodligen kommer st\u00f6ta p\u00e5 om du spelar hos ett onlinecasino.<\/p>\n<h3>5+1 Bonus<\/h3>\n<p>V\u00e4ldigt lik 6 Card Bonus, men \u00e4r aktiv p\u00e5 andra bord. Se nedan!<\/p>\n<h3>6 Card Bonus<\/h3>\n<p>Dina tre kort plus husets tre kort (endast vissa live casino poker-bord) bildar tillsammans en femkortshand, men bara om du f\u00e5r triss eller b\u00e4ttre. Och ja, pokerhanden \u00e4r p\u00e5 fem kort, inte alla sex. Precis som n\u00e4r det g\u00e4ller andra &#8221;bonusar&#8221; \u00e4r det l\u00e4gre \u00e5terbetalning p\u00e5 detta alternativ j\u00e4mf\u00f6rt med en vanlig spelrunda.<\/p>\n<h3>Ante (blind)<\/h3>\n<p>Det h\u00e4r \u00e4r den f\u00f6rsta insatsen du g\u00f6r varje ny pokerrunda. Det vill s\u00e4ga, dessa pengar l\u00e4gger du innan du f\u00e5r dina kort.<\/p>\n<h3>Bonus<\/h3>\n<p>I riktig poker finns ingen bonus, men i live casino poker har casinona kryddat lite extra! Bonusen kan varierar mellan olika bord, s\u00e5 kolla reglerna om vad som g\u00e4ller. Ett stalltips \u00e4r dock att dessa bonusar fr\u00e4mst \u00e4r menade f\u00f6r casinona sj\u00e4lva &#8230;<\/p>\n<p>Det h\u00e4r \u00e4r inte samma sak som live casino bonus, den f\u00e5r du fr\u00e5n casinot n\u00e4r du gjort din f\u00f6rsta ins\u00e4ttning.<\/p>\n<h3>Check (call)<\/h3>\n<p>Du h\u00e4nger med i spelet utan att satsa extra pengar till potten.<\/p>\n<h3>First 5<\/h3>\n<p>Se Jumbo 7, f\u00f6r detta \u00e4r ungef\u00e4r samma sak fast med ett annat namn.<\/p>\n<h3>Floppen<\/h3>\n<p>De tre f\u00f6rsta, gemensamma korten i Texas Hold&#8217;em.<\/p>\n<h3>Ge upp (fold)<\/h3>\n<p>Kasta dina kort (om de \u00e4r f\u00f6r d\u00e5liga) s\u00e5 slipper du satsa mer pengar f\u00f6r att h\u00e4nga med i matchen.<\/p>\n<h3>H\u00f6j (raise)<\/h3>\n<p>K\u00e4nner du dig sj\u00e4lvs\u00e4ker kan det vara l\u00e4ge att h\u00f6ja insatsen. Vinn mer eller f\u00f6rlora mer!<\/p>\n<h3>Jumbo 7<\/h3>\n<p>En jackpott som finns p\u00e5 vissa av live casino poker-borden. Jumbo 7 \u00e4r en extra insats du m\u00e5ste l\u00e4gga om du ens vill ha chans p\u00e5 att vinna de olika jackpotterna.<\/p>\n<h3>Lilla m\u00f6rken (small blind)<\/h3>\n<p>Insatsen som spelaren till v\u00e4nster (medsols) om v\u00e4rden m\u00e5ste l\u00e4gga f\u00f6r att starta omg\u00e5ngen, redan innan n\u00e5gra kort har delats ut. Det \u00e4r d\u00e4rf\u00f6r det kallas &#8221;m\u00f6rken&#8221;, d\u00e5 man satsar pengar utan att se n\u00e5gra kort. Lilla m\u00f6rken anv\u00e4nds fr\u00e4mst i riktig poker d\u00e5 du spelar mot andra.<\/p>\n<h3>Pair Plus<\/h3>\n<p>Kan l\u00e5ta dig f\u00e5 en vinst \u00e4ven om du f\u00f6rlorar den ordinarie rundan! Fixar du par eller b\u00e4ttre har du n\u00e5got att h\u00e4mta h\u00e4r, men hamnar du under par f\u00f6rlorar du desto mer.<\/p>\n<h3>Play<\/h3>\n<p>Kanske l\u00e5ter enkelt, men i pokerv\u00e4rlden \u00e4r det inte fullt s\u00e5 enkelt som du kanske tror! N\u00e4r du lagt din f\u00f6rsta insats p\u00e5 exempelvis fem kronor (ante) f\u00e5r du dina kort. Vill du sedan forts\u00e4tta v\u00e4ljer du play, men d\u00e5 kr\u00e4vs det dubbla insatsen. Satsar du fem kronor p\u00e5 ante, m\u00e5ste du allts\u00e5 l\u00e4gga tio kronor p\u00e5 play. Efter play beh\u00f6ver du vanligtvis inte spendera mer pengar f\u00f6r att fullf\u00f6lja omg\u00e5ngen.<\/p>\n<h3>Pre-flop<\/h3>\n<p>Det h\u00e4r \u00e4r innan de f\u00f6rsta gemensamma korten delas ut i Texas Hold&#8217;em.<\/p>\n<h3>River<\/h3>\n<p>Det sista gemensamma kortet som delas ut, vilket sker efter Turn.<\/p>\n<h3>Stora m\u00f6rken (big blind)<\/h3>\n<p>Brukar vara dubbelt s\u00e5 h\u00f6g summa som lilla m\u00f6rken. \u00c4ven denna l\u00e4ggs innan n\u00e5gra kort har delats ut f\u00f6r att s\u00e4tta ig\u00e5ng omg\u00e5ngen. Det \u00e4r spelaren tv\u00e5 platser till v\u00e4nster (medsols) om v\u00e4rden som m\u00e5ste l\u00e4gga stora m\u00f6rken. Stora m\u00f6rken anv\u00e4nds fr\u00e4mst i riktig poker d\u00e5 du spelar mot andra.<\/p>\n<h3>Syna (call)<\/h3>\n<p>Som check, fast n\u00e4r en annan spelare h\u00f6jt insatsen och du v\u00e4jer att matcha den h\u00f6jningen.<\/p>\n<h3>Trips<\/h3>\n<p>Ytterligare en &#8221;bonus&#8221;, det vill s\u00e4ga ett s\u00e4tt f\u00f6r casinot att tj\u00e4na mer pengar p\u00e5 dig \u2013 men i utbyte erbjuda dig mer variation. Satsa p\u00e5 Trips s\u00e5 vinner du om din femkortshand \u00e4r triss eller b\u00e4ttre). Denna bonus \u00e4r endast spelbar p\u00e5 vissa bord.<\/p>\n<h3>Turn<\/h3>\n<p>Ett gemensamt kort som delas ut efter floppen.<\/p>\n<h2>Var spelas live casino poker?<\/h2>\n<p>Till skillnad fr\u00e5n <a href=\"https:\/\/great.com\/sv-se\/roulette\/\">roulette<\/a> och <a href=\"https:\/\/great.com\/sv-se\/blackjack\/\">blackjack<\/a> kanske inte live casino poker finns hos exakt alla svenska n\u00e4tcasinon. Vi vet i alla fall s\u00e4kert att Paf och LeoVegas har n\u00e5gra olika versioner av spelet.<\/p>\n\t\t\t\t\t\t\t\t\t<\/div>\n\t\t\t\t\t\t\t\t\t\t\t\t\t\t\t\t\t\t\t\t\t\t\t<\/div>\n\t\t\t\t\t\t\n\t\t\t\t\t\t\n\t\t\t\t\t\t\n\t\t\t\t\t<\/div>\n\n\t\t\t\t\n\t\t\t<\/div>\n\t\t\t\t\t<\/div>\n<\/section>\n\n\n<section id=\"content-block_5ed6195eb9707\"\n\t\t class=\"content-section  \">\n\t<div class=\"content-section__block\">\n\t\t\t\t\n\t\t\n\t\t\n\t\t\t<div class=\"content-block \">\n\n\t\t\t\t\t\t\t\t\t<div\n\t\t\t\t\t\tclass=\"content-block__text  content-no-title\">\n\t\t\t\t\t\t\t\t\t\t\t\t\t<div class=\"content-block__text \">\n\t\t\t\t\t\t\t\t\t\t\t\t\t\t\t\t\t<div\n\t\t\t\t\t\t\t\t\t\tclass=\"content-block__content \"\n\t\t\t\t\t\t\t\t\t\t\t\t\t\t\t\t\t\t\t>\n\t\t\t\t\t\t\t\t\t\t<h2><a href=\"https:\/\/great.com\/sv-se\/live-casino\/\">Tillbaka till live casino<\/a><\/h2>\n\t\t\t\t\t\t\t\t\t<\/div>\n\t\t\t\t\t\t\t\t\t\t\t\t\t\t\t\t\t\t\t\t\t\t\t<\/div>\n\t\t\t\t\t\t\n\t\t\t\t\t\t\n\t\t\t\t\t\t\n\t\t\t\t\t<\/div>\n\n\t\t\t\t\n\t\t\t<\/div>\n\t\t\t\t\t<\/div>\n<\/section>\n","protected":false},"excerpt":{"rendered":"","protected":false},"author":16,"featured_media":0,"parent":2116,"menu_order":59,"comment_status":"closed","ping_status":"closed","template":"","meta":{"_acf_changed":false,"footnotes":""},"class_list":["post-2154","page","type-page","status-publish","hentry"],"acf":[],"yoast_head":"<!-- This site is optimized with the Yoast SEO plugin v27.5 - https:\/\/yoast.com\/product\/yoast-seo-wordpress\/ -->\n<title>Live casino poker \u00e4r l\u00e4ttare att spela \u00e4n riktig poker!<\/title>\n<meta name=\"description\" content=\"Live casino poker \u00e4r en utm\u00e4rkt ink\u00f6rsport f\u00f6r att l\u00e4ra sig riktig poker. Kan du ingenting b\u00f6r denna sida vara din f\u00f6rsta anhalt!\" \/>\n<meta name=\"robots\" content=\"index, follow, max-snippet:-1, max-image-preview:large, max-video-preview:-1\" \/>\n<link rel=\"canonical\" href=\"https:\/\/great.com\/sv-se\/live-casino\/live-casino-poker\/\" \/>\n<meta property=\"og:locale\" content=\"sv_SE\" \/>\n<meta property=\"og:type\" content=\"article\" \/>\n<meta property=\"og:title\" content=\"Live casino poker \u00e4r l\u00e4ttare att spela \u00e4n riktig poker!\" \/>\n<meta property=\"og:description\" content=\"Live casino poker \u00e4r en utm\u00e4rkt ink\u00f6rsport f\u00f6r att l\u00e4ra sig riktig poker. Kan du ingenting b\u00f6r denna sida vara din f\u00f6rsta anhalt!\" \/>\n<meta property=\"og:url\" content=\"https:\/\/great.com\/sv-se\/live-casino\/live-casino-poker\/\" \/>\n<meta property=\"og:site_name\" content=\"Great.com SE\/SV\" \/>\n<meta property=\"article:modified_time\" content=\"2021-10-14T16:05:09+00:00\" \/>\n<meta name=\"twitter:card\" content=\"summary_large_image\" \/>\n<script type=\"application\/ld+json\" class=\"yoast-schema-graph\">{\"@context\":\"https:\\\/\\\/schema.org\",\"@graph\":[{\"@type\":\"WebPage\",\"@id\":\"https:\\\/\\\/great.com\\\/sv-se\\\/live-casino\\\/live-casino-poker\\\/\",\"url\":\"https:\\\/\\\/great.com\\\/sv-se\\\/live-casino\\\/live-casino-poker\\\/\",\"name\":\"Live casino poker \u00e4r l\u00e4ttare att spela \u00e4n riktig poker!\",\"isPartOf\":{\"@id\":\"https:\\\/\\\/great.com\\\/sv-se\\\/#website\"},\"datePublished\":\"2021-07-22T17:44:33+00:00\",\"dateModified\":\"2021-10-14T16:05:09+00:00\",\"description\":\"Live casino poker \u00e4r en utm\u00e4rkt ink\u00f6rsport f\u00f6r att l\u00e4ra sig riktig poker. Kan du ingenting b\u00f6r denna sida vara din f\u00f6rsta anhalt!\",\"breadcrumb\":{\"@id\":\"https:\\\/\\\/great.com\\\/sv-se\\\/live-casino\\\/live-casino-poker\\\/#breadcrumb\"},\"inLanguage\":\"sv-SE\",\"potentialAction\":[{\"@type\":\"ReadAction\",\"target\":[\"https:\\\/\\\/great.com\\\/sv-se\\\/live-casino\\\/live-casino-poker\\\/\"]}]},{\"@type\":\"BreadcrumbList\",\"@id\":\"https:\\\/\\\/great.com\\\/sv-se\\\/live-casino\\\/live-casino-poker\\\/#breadcrumb\",\"itemListElement\":[{\"@type\":\"ListItem\",\"position\":1,\"name\":\"Home\",\"item\":\"https:\\\/\\\/great.com\\\/sv-se\\\/\"},{\"@type\":\"ListItem\",\"position\":2,\"name\":\"Live casino \u2013 s\u00e4kraste alternativet!\",\"item\":\"https:\\\/\\\/great.com\\\/sv-se\\\/live-casino\\\/\"},{\"@type\":\"ListItem\",\"position\":3,\"name\":\"Live casino poker \u2013 l\u00e4r dig spela!\"}]},{\"@type\":\"WebSite\",\"@id\":\"https:\\\/\\\/great.com\\\/sv-se\\\/#website\",\"url\":\"https:\\\/\\\/great.com\\\/sv-se\\\/\",\"name\":\"Great.com SE\\\/SV\",\"description\":\"The Casino Philanthropy Project\",\"potentialAction\":[{\"@type\":\"SearchAction\",\"target\":{\"@type\":\"EntryPoint\",\"urlTemplate\":\"https:\\\/\\\/great.com\\\/sv-se\\\/?s={search_term_string}\"},\"query-input\":{\"@type\":\"PropertyValueSpecification\",\"valueRequired\":true,\"valueName\":\"search_term_string\"}}],\"inLanguage\":\"sv-SE\"}]}<\/script>\n<!-- \/ Yoast SEO plugin. -->","yoast_head_json":{"title":"Live casino poker \u00e4r l\u00e4ttare att spela \u00e4n riktig poker!","description":"Live casino poker \u00e4r en utm\u00e4rkt ink\u00f6rsport f\u00f6r att l\u00e4ra sig riktig poker. Kan du ingenting b\u00f6r denna sida vara din f\u00f6rsta anhalt!","robots":{"index":"index","follow":"follow","max-snippet":"max-snippet:-1","max-image-preview":"max-image-preview:large","max-video-preview":"max-video-preview:-1"},"canonical":"https:\/\/great.com\/sv-se\/live-casino\/live-casino-poker\/","og_locale":"sv_SE","og_type":"article","og_title":"Live casino poker \u00e4r l\u00e4ttare att spela \u00e4n riktig poker!","og_description":"Live casino poker \u00e4r en utm\u00e4rkt ink\u00f6rsport f\u00f6r att l\u00e4ra sig riktig poker. Kan du ingenting b\u00f6r denna sida vara din f\u00f6rsta anhalt!","og_url":"https:\/\/great.com\/sv-se\/live-casino\/live-casino-poker\/","og_site_name":"Great.com SE\/SV","article_modified_time":"2021-10-14T16:05:09+00:00","twitter_card":"summary_large_image","schema":{"@context":"https:\/\/schema.org","@graph":[{"@type":"WebPage","@id":"https:\/\/great.com\/sv-se\/live-casino\/live-casino-poker\/","url":"https:\/\/great.com\/sv-se\/live-casino\/live-casino-poker\/","name":"Live casino poker \u00e4r l\u00e4ttare att spela \u00e4n riktig poker!","isPartOf":{"@id":"https:\/\/great.com\/sv-se\/#website"},"datePublished":"2021-07-22T17:44:33+00:00","dateModified":"2021-10-14T16:05:09+00:00","description":"Live casino poker \u00e4r en utm\u00e4rkt ink\u00f6rsport f\u00f6r att l\u00e4ra sig riktig poker. Kan du ingenting b\u00f6r denna sida vara din f\u00f6rsta anhalt!","breadcrumb":{"@id":"https:\/\/great.com\/sv-se\/live-casino\/live-casino-poker\/#breadcrumb"},"inLanguage":"sv-SE","potentialAction":[{"@type":"ReadAction","target":["https:\/\/great.com\/sv-se\/live-casino\/live-casino-poker\/"]}]},{"@type":"BreadcrumbList","@id":"https:\/\/great.com\/sv-se\/live-casino\/live-casino-poker\/#breadcrumb","itemListElement":[{"@type":"ListItem","position":1,"name":"Home","item":"https:\/\/great.com\/sv-se\/"},{"@type":"ListItem","position":2,"name":"Live casino \u2013 s\u00e4kraste alternativet!","item":"https:\/\/great.com\/sv-se\/live-casino\/"},{"@type":"ListItem","position":3,"name":"Live casino poker \u2013 l\u00e4r dig spela!"}]},{"@type":"WebSite","@id":"https:\/\/great.com\/sv-se\/#website","url":"https:\/\/great.com\/sv-se\/","name":"Great.com SE\/SV","description":"The Casino Philanthropy Project","potentialAction":[{"@type":"SearchAction","target":{"@type":"EntryPoint","urlTemplate":"https:\/\/great.com\/sv-se\/?s={search_term_string}"},"query-input":{"@type":"PropertyValueSpecification","valueRequired":true,"valueName":"search_term_string"}}],"inLanguage":"sv-SE"}]}},"_links":{"self":[{"href":"https:\/\/great.com\/sv-se\/wp-json\/wp\/v2\/pages\/2154","targetHints":{"allow":["GET"]}}],"collection":[{"href":"https:\/\/great.com\/sv-se\/wp-json\/wp\/v2\/pages"}],"about":[{"href":"https:\/\/great.com\/sv-se\/wp-json\/wp\/v2\/types\/page"}],"author":[{"embeddable":true,"href":"https:\/\/great.com\/sv-se\/wp-json\/wp\/v2\/users\/16"}],"replies":[{"embeddable":true,"href":"https:\/\/great.com\/sv-se\/wp-json\/wp\/v2\/comments?post=2154"}],"version-history":[{"count":0,"href":"https:\/\/great.com\/sv-se\/wp-json\/wp\/v2\/pages\/2154\/revisions"}],"up":[{"embeddable":true,"href":"https:\/\/great.com\/sv-se\/wp-json\/wp\/v2\/pages\/2116"}],"wp:attachment":[{"href":"https:\/\/great.com\/sv-se\/wp-json\/wp\/v2\/media?parent=2154"}],"curies":[{"name":"wp","href":"https:\/\/api.w.org\/{rel}","templated":true}]}}