{"id":615,"date":"2020-06-03T08:35:15","date_gmt":"2020-06-03T08:35:15","guid":{"rendered":"https:\/\/great.com\/sv-se\/?page_id=615"},"modified":"2021-04-25T09:21:07","modified_gmt":"2021-04-25T09:21:07","slug":"kyc","status":"publish","type":"page","link":"https:\/\/great.com\/sv-se\/kyc\/","title":{"rendered":"Vad \u00e4r KYC och hur verifierar du din identitet f\u00f6r svenska online casinon?"},"content":{"rendered":"    <section id=\"casino-block_5ed618d5b96ff\" class=\"hero-section hero-section_casino\">\r\n        <div class=\"hero-section__block\">\r\n                                                            <div class=\"hero-right\">\r\n                        <div\r\n                                class=\"hero-right__image\"\r\n                                style=\"min-height: 200px\"\r\n                        >\r\n                            <img decoding=\"async\" src=\"https:\/\/great.com\/sv-se\/wp-content\/uploads\/sites\/3\/2020\/09\/What-is-KYC-and-How-Do-You-Verify-Your-Identity-462x274.png\"\r\n                                 alt=\"Vad \u00e4r KYC och hur verifierar du din identitet f\u00f6r svenska online casinon?\"\r\n                                 class=\"skip-lazy\"\r\n                            \/>\r\n                        <\/div>\r\n                    <\/div>\r\n                                                        <div class=\"hero-left\">\r\n                    <h1>Vad \u00e4r KYC och hur verifierar du din identitet f\u00f6r svenska online casinon?<\/h1>\r\n\r\n                                        <div\r\n                            class=\"hero-left__content \"\r\n                                                    style=\"font-family: Arial, sans-serif;\"\r\n                                            >\r\n                        <p><strong>Vad \u00e4r KYC och hur verifierar du din identitet f\u00f6r svenska online casinon?<\/strong><\/p>\n<p><span style=\"font-weight: 400;\">Trots att branschen rent tekniskt har funnits sedan 1990-talet har scenen f\u00f6r svenska n\u00e4tcasinon inte blivit n\u00e5gon livskraftig, globalt l\u00f6nsam bransch f\u00f6rr\u00e4n den b\u00f6rjade blomstra i b\u00f6rjan av 2000-talet. Nu \u00e4r alla de stora casinona i Sverige med i potten f\u00f6r spel p\u00e5 n\u00e4tet med sina egna n\u00e4tcasinon, och \u00e4ven deras samarbetspartners fr\u00e5n andra f\u00f6retag (med varierande framg\u00e5ngsgrad).<\/span><\/p>\n<p><span style=\"font-weight: 400;\">Om du sj\u00e4lv \u00e4r intresserad av att kliva in p\u00e5 Sveriges spelmarknad, eller sj\u00e4lv starta ett casino, \u00e4r det en del du beh\u00f6ver veta om de s\u00e4kerhetsvillkor som kr\u00e4vs f\u00f6r den h\u00e4r speciella sortens spel. Den h\u00e4r guiden \u00e4r en av de st\u00f6rsta: KYC (\u201dKnow Your Customer\u201d) eller \u201dK\u00e4nn din kund\u201d-proceduren.<\/span><\/p>\n<p><span style=\"font-weight: 400;\">Den som planerar att ta del av virtuella spel m\u00e5ste veta vad KYC \u00e4r och vad du m\u00e5ste g\u00f6ra f\u00f6r att bli en legal n\u00e4tspelare i Sverige. Den h\u00e4r guiden hj\u00e4lper dig att verifiera din identitet hos casinot du spelar vid.<\/span><\/p>\n                    <\/div>\r\n\r\n                    \r\n                                    <\/div>\r\n                                                            <\/div>\r\n    <\/section>\r\n    \n\n\n\n\n<section id=\"content-block_5ed61908b9701\"\n\t\t class=\"content-section  \">\n\t<div class=\"content-section__block\">\n\t\t\t\t\t\t\t<h2>Hur g\u00e5r jag igenom KYC-processen?<\/h2>\n\t\t\n\t\t\n\t\t\n\t\t\t<div class=\"content-block \">\n\n\t\t\t\t\t\t\t\t\t<div\n\t\t\t\t\t\tclass=\"content-block__text  \">\n\t\t\t\t\t\t\t\t\t\t\t\t\t<div class=\"content-block__text \">\n\t\t\t\t\t\t\t\t\t\t\t\t\t\t\t\t\t<div\n\t\t\t\t\t\t\t\t\t\tclass=\"content-block__content \"\n\t\t\t\t\t\t\t\t\t\t\t\t\t\t\t\t\t\t\t>\n\t\t\t\t\t\t\t\t\t\t<p><span style=\"font-weight: 400;\">Efter 2019 kom Svenska spelinspektionen med den svenska licensen som kr\u00e4vs f\u00f6r att driva ett casino mot den svenska marknaden. D\u00e5 inf\u00f6rdes vid m\u00e5nga casinon Bank Identifikation via appen p\u00e5 din dator, tablet eller mobil som verifierar din identitet via ditt bankkonto men n\u00e4r det inte sker s\u00e5 kan du beh\u00f6va skicka in dokument till casinot vid en viss m\u00e4ngd vunnen eller f\u00f6rlorade pengar. Dokumenten som efterfr\u00e5gas \u00e4r ofta:<\/span><span style=\"font-weight: 400;\"><br \/>\n<\/span><span style=\"font-weight: 400;\"><br \/>\n<\/span><span style=\"font-weight: 400;\">Adress &#8211; R\u00e4kning eller bankkonto skrivet p\u00e5 din adress <\/span><span style=\"font-weight: 400;\"><br \/>\n<\/span><span style=\"font-weight: 400;\"><br \/>\n<\/span><span style=\"font-weight: 400;\">ID &#8211; K\u00f6rkort, Pass, Nationellt ID<\/span><span style=\"font-weight: 400;\"><br \/>\n<\/span><span style=\"font-weight: 400;\"><br \/>\n<\/span><span style=\"font-weight: 400;\">Bevis p\u00e5 kapital &#8211; F\u00f6r att man inte ska kunna spela f\u00f6r mycket pengar kan casinon be om ett bevis p\u00e5 kapital. Det kan vara en bild p\u00e5 bankkontot eller p\u00e5 l\u00f6nespecifikationen f\u00f6r att styrka att man har r\u00e5d att spela p\u00e5 en viss niv\u00e5. <\/span><span style=\"font-weight: 400;\"><br \/>\n<\/span><span style=\"font-weight: 400;\"><br \/>\n<\/span><span style=\"font-weight: 400;\">Kort foto &#8211; F\u00f6r att bevisa att du har kortet som du g\u00f6r ins\u00e4ttningar med kan ett foto p\u00e5 fram samt baksidan beh\u00f6vas till casinot.\u00a0 T\u00e4nk p\u00e5 att t\u00e4cka \u00f6ver 4 siffror i mitten d\u00e5\u00a0 casinot inte beh\u00f6ver se alla siffror f\u00f6r att verifiera att kortet tillh\u00f6r dig. <\/span><span style=\"font-weight: 400;\"><br \/>\n<\/span><span style=\"font-weight: 400;\"><br \/>\n<\/span><span style=\"font-weight: 400;\">Kort p\u00e5 identifikationen vid ens ansikte &#8211; i extremt ovanliga fall kan casinot be om ett foto med identifikationen bredvid ditt ansikte f\u00f6r att verifiera att du inte bara har tillg\u00e5ng till IDt utan \u00e4ven att du \u00e4r personen som du utger dig f\u00f6r att vara. <\/span><\/p>\n\t\t\t\t\t\t\t\t\t<\/div>\n\t\t\t\t\t\t\t\t\t\t\t\t\t\t\t\t\t\t\t\t\t\t\t<\/div>\n\t\t\t\t\t\t\n\t\t\t\t\t\t\n\t\t\t\t\t\t\n\t\t\t\t\t<\/div>\n\n\t\t\t\t\n\t\t\t<\/div>\n\t\t\t\t\t<\/div>\n<\/section>\n\n\n<section id=\"content-block_5ed6192ab9703\"\n\t\t class=\"content-section  \">\n\t<div class=\"content-section__block\">\n\t\t\t\t\t\t\t<h2>Varf\u00f6r ska casinon anv\u00e4nda sig av KYC?<\/h2>\n\t\t\n\t\t\n\t\t\n\t\t\t<div class=\"content-block \">\n\n\t\t\t\t\t\t\t\t\t<div\n\t\t\t\t\t\tclass=\"content-block__text  \">\n\t\t\t\t\t\t\t\t\t\t\t\t\t<div class=\"content-block__text \">\n\t\t\t\t\t\t\t\t\t\t\t\t\t\t\t\t\t<div\n\t\t\t\t\t\t\t\t\t\tclass=\"content-block__content \"\n\t\t\t\t\t\t\t\t\t\t\t\t\t\t\t\t\t\t\t>\n\t\t\t\t\t\t\t\t\t\t<p><span style=\"font-weight: 400;\">Inte alla casinon uts\u00e4tts f\u00f6r uppenbara bedr\u00e4gerier eller p\u00e5verkas negativt av spelares olovliga illegala handlingar med att anv\u00e4nda pengar av ok\u00e4nt ursprung p\u00e5 deras sidor. Det finns \u00e4nnu fler anledningar till att anta KYC-f\u00f6rfaranden.<\/span><\/p>\n<p><span style=\"font-weight: 400;\">Det f\u00f6rsta \u00e4r att KYC-lagar \u00e4r obligatoriska enligt Svensk lag. Det finns tv\u00e5 sk\u00e4l f\u00f6r detta. Det f\u00f6rsta uppenbara \u00e4r som sagt att skydda spelsidor fr\u00e5n bedr\u00e4geri. Dessa procedurer skyddar dock \u00e4ven spelare d\u00e5 det hindrar uppkomsten av bedr\u00e4gliga spelsidor som tar dina pengar och f\u00f6rsvinner utan att beh\u00f6va ta h\u00e4nsyn till n\u00e5gra juridiska konsekvenser p\u00e5 grund av transaktionens anonyma karakt\u00e4r.<\/span><\/p>\n<p><span style=\"font-weight: 400;\">Identifiering \u00e4r det som h\u00e5ller dig som spelare s\u00e4ker genom att se till s\u00e5 att casinona h\u00e5lls ansvariga f\u00f6r dig. Om du unders\u00f6ker de casinon som \u00e4r mest legitima och s\u00e4kra och omges av de b\u00e4sta ryktena s\u00e5 n\u00e5dde dessa casinon dit genom att f\u00f6lja de besv\u00e4rliga KYC-procedurerna f\u00f6r varje ny spelare f\u00f6r att h\u00e5lla sig sj\u00e4lva och deras \u00e4rliga kunder s\u00e4kra. Efterlevnad enligt KYC talar om att ett casino \u00e4r s\u00e4kert att anv\u00e4nda och riskfritt att uppge dina identitetsuppgifter till.<\/span><\/p>\n<p><span style=\"font-weight: 400;\">Dessa procedurer g\u00f6r det mycket sv\u00e5rare f\u00f6r spelare att anv\u00e4nda n\u00e5gon annans personliga uppgifter f\u00f6r att spela med sina pengar p\u00e5 n\u00e4tcasinon. Det hindrar minder\u00e5riga fr\u00e5n att skapa konton p\u00e5 casinon, vilket hj\u00e4lper operat\u00f6rerna att h\u00e5lla sig inom lagens gr\u00e4nser. Det g\u00f6r ocks\u00e5 att casinon kan se om en ny spelare har uppgett om sig sj\u00e4lva att de vill bli uteslutna p\u00e5 grund av spelberoende eller att de inte borde f\u00e5 tilltr\u00e4de till sidan.<\/span><\/p>\n<p><span style=\"font-weight: 400;\">Slutligen hindrar KYC-identitetsverifiering m\u00e4nniskor fr\u00e5n att skapa flera konton p\u00e5 samma hemsida f\u00f6r att lirka med oddsen i n\u00e4tcasinon genom att spela mot sig sj\u00e4lva i spel som poker. Trots dessa f\u00f6rdelar f\u00f6r casinon, debiterar Division of Gaming Enforcement \u00e4nd\u00e5 avgifter till casinon som inte efterlever KYC:s best\u00e4mmelser. Eftersom det \u00e4r s\u00e4krare f\u00f6r alla ber\u00f6rda vill de driva p\u00e5 lagstiftningen trots dess uppenbara f\u00f6rdelar.<\/span><\/p>\n\t\t\t\t\t\t\t\t\t<\/div>\n\t\t\t\t\t\t\t\t\t\t\t\t\t\t\t\t\t\t\t\t\t\t\t<\/div>\n\t\t\t\t\t\t\n\t\t\t\t\t\t\n\t\t\t\t\t\t\n\t\t\t\t\t<\/div>\n\n\t\t\t\t\n\t\t\t<\/div>\n\t\t\t\t\t<\/div>\n<\/section>\n\n\n<section id=\"content-block_5ed75ff3cdb90\"\n\t\t class=\"content-section  \">\n\t<div class=\"content-section__block\">\n\t\t\t\t\t\t\t<h2>Hur blir du KYC-verifierad?<\/h2>\n\t\t\n\t\t\n\t\t\n\t\t\t<div class=\"content-block \">\n\n\t\t\t\t\t\t\t\t\t<div\n\t\t\t\t\t\tclass=\"content-block__text  \">\n\t\t\t\t\t\t\t\t\t\t\t\t\t<div class=\"content-block__text \">\n\t\t\t\t\t\t\t\t\t\t\t\t\t\t\t\t\t<div\n\t\t\t\t\t\t\t\t\t\tclass=\"content-block__content \"\n\t\t\t\t\t\t\t\t\t\t\t\t\t\t\t\t\t\t\t>\n\t\t\t\t\t\t\t\t\t\t<p><span style=\"font-weight: 400;\">Syftet med KYC-f\u00f6rfaranden \u00e4r att koppla den enskilda spelarens aktiviteter och hans\/hennes transaktioner till hans\/hennes juridiska identitet. P\u00e5 s\u00e5 s\u00e4tt s\u00e4kerst\u00e4ller KYC-procedurerna rent spel fr\u00e5n spelarnas sida och ackreditering fr\u00e5n casinots sida.<\/span><\/p>\n<p><span data-sheets-value=\"{&quot;1&quot;:2,&quot;2&quot;:&quot;Spelinspektionen ser till att f\u00f6rfarandena l\u00e4mnas in s\u00e5 att en verifierad tredje part med tillg\u00e5ng till en databas kan f\u00e5 bel\u00e4gg f\u00f6r uppgifterna. P\u00e5 s\u00e5 s\u00e4tt kan de bekr\u00e4fta att spelaren har r\u00e4tt att spela, har r\u00e4tt \u00e5lder, \u00e4r en laglig medborgare och inte finns med p\u00e5 n\u00e5gon lista f\u00f6r sj\u00e4lv-uteslutning.&quot;}\" data-sheets-userformat=\"{&quot;2&quot;:14721,&quot;3&quot;:{&quot;1&quot;:0,&quot;3&quot;:1},&quot;10&quot;:1,&quot;11&quot;:4,&quot;14&quot;:{&quot;1&quot;:3,&quot;3&quot;:1},&quot;15&quot;:&quot;Calibri&quot;,&quot;16&quot;:11}\">Spelinspektionen ser till att f\u00f6rfarandena l\u00e4mnas in s\u00e5 att en verifierad tredje part med tillg\u00e5ng till en databas kan f\u00e5 bel\u00e4gg f\u00f6r uppgifterna. P\u00e5 s\u00e5 s\u00e4tt kan de bekr\u00e4fta att spelaren har r\u00e4tt att spela, har r\u00e4tt \u00e5lder, \u00e4r en laglig medborgare och inte finns med p\u00e5 n\u00e5gon lista f\u00f6r sj\u00e4lv-uteslutning.<\/span><\/p>\n<p><span style=\"font-weight: 400;\">De uppgifter du beh\u00f6ver ta med innefattar vad som helst som kan styrka din identitet. Det kan vara k\u00f6rkort, ID-handlingar eller pass.<\/span><span style=\"font-weight: 400;\"><br \/>\n<\/span><span style=\"font-weight: 400;\"><br \/>\n<\/span><span style=\"font-weight: 400;\">N\u00e4tcasinon i Sverige bearbetar de h\u00e4r uppgifterna direkt fr\u00e5n sidan och vidarebefordrar dem till Spelinspektionen.\u00a0<\/span><\/p>\n\t\t\t\t\t\t\t\t\t<\/div>\n\t\t\t\t\t\t\t\t\t\t\t\t\t\t\t\t\t\t\t\t\t\t\t<\/div>\n\t\t\t\t\t\t\n\t\t\t\t\t\t\n\t\t\t\t\t\t\n\t\t\t\t\t<\/div>\n\n\t\t\t\t\n\t\t\t<\/div>\n\t\t\t\t\t<\/div>\n<\/section>\n\n\n<section id=\"content-block_5ed75ff1cdb8f\"\n\t\t class=\"content-section  \">\n\t<div class=\"content-section__block\">\n\t\t\t\t\t\t\t<h2>Slutsatsen<\/h2>\n\t\t\n\t\t\n\t\t\n\t\t\t<div class=\"content-block \">\n\n\t\t\t\t\t\t\t\t\t<div\n\t\t\t\t\t\tclass=\"content-block__text  \">\n\t\t\t\t\t\t\t\t\t\t\t\t\t<div class=\"content-block__text \">\n\t\t\t\t\t\t\t\t\t\t\t\t\t\t\t\t\t<div\n\t\t\t\t\t\t\t\t\t\tclass=\"content-block__content \"\n\t\t\t\t\t\t\t\t\t\t\t\t\t\t\t\t\t\t\t>\n\t\t\t\t\t\t\t\t\t\t<p><span style=\"font-weight: 400;\">Best\u00e4mmelser och f\u00f6rfaranden enligt KYC \u00e4r viktiga till\u00e4gg n\u00e4r det g\u00e4ller skydd och s\u00e4kerhet f\u00f6r de som registrerar sig som spelare p\u00e5 n\u00e4tcasinon i Sverige. De finns ocks\u00e5 till f\u00f6r casinonas egen s\u00e4kerhet och f\u00f6r att skydda dem fr\u00e5n bedr\u00e4geri genom att verifiera kundernas identitet som kontrolleras och verifieras av ett system med en tredje part.<\/span><\/p>\n<p><span style=\"font-weight: 400;\">Genom dessa f\u00f6rfaranden kan casinon skydda sig fr\u00e5n bedr\u00e4gerier och juridiska sv\u00e5righeter. Genom att f\u00f6lja best\u00e4mmelserna och tillhandah\u00e5lla alla de uppgifter som efterfr\u00e5gas kan du g\u00f6ra n\u00e4tcasinon i Sverige till ett s\u00e4krare st\u00e4lle att spela p\u00e5.<\/span><\/p>\n\t\t\t\t\t\t\t\t\t<\/div>\n\t\t\t\t\t\t\t\t\t\t\t\t\t\t\t\t\t\t\t\t\t\t\t<\/div>\n\t\t\t\t\t\t\n\t\t\t\t\t\t\n\t\t\t\t\t\t\n\t\t\t\t\t<\/div>\n\n\t\t\t\t\n\t\t\t<\/div>\n\t\t\t\t\t<\/div>\n<\/section>\n\n\n<section id=\"faq-block_5ed6193bb9704\" class=\"faq-section \">\n\t<div class=\"faq-section__block\">\n\t\t\t\t\t\t\t<h2>Vanliga Fr\u00e5gor<\/h2>\n\t\t\n\t\t\t\t\t\t<div class=\"faq-item\">\n\t\t\t\t\t\t\t\t\t\t\t<button\n\t\t\t\t\t\t\tid=\"heading-faq-block_5ed6193bb9704-0\"\n\t\t\t\t\t\t\tdata-toggle=\"collapse\"\n\t\t\t\t\t\t\tdata-target=\"#collapse-faq-block_5ed6193bb9704-0\"\n\t\t\t\t\t\t\taria-expanded=\"false\"\n\t\t\t\t\t\t\taria-controls=\"collapse-faq-block_5ed6193bb9704-0\"\n\t\t\t\t\t\t\tclass=\"faq-item__shown collapsed\"\n\t\t\t\t\t\t>\n\t\t\t\t\t\t\t<span>\u00c4r det s\u00e4kert att skicka in sina uppgifter till casinon?<\/span>\n\t\t\t\t\t\t\t<div class=\"faq-item__button\">\n\t\t\t\t\t\t\t\t<svg width=\"12\" height=\"8\" viewBox=\"0 0 12 8\" fill=\"none\"\n\t\t\t\t\t\t\t\t\t xmlns=\"http:\/\/www.w3.org\/2000\/svg\">\n\t\t\t\t\t\t\t\t\t<path\n\t\t\t\t\t\t\t\t\t\td=\"M10.59 0.589844L6 5.16984L1.41 0.589844L0 1.99984L6 7.99984L12 1.99984L10.59 0.589844Z\"\n\t\t\t\t\t\t\t\t\t\tfill=\"#3A3A3A\"\/>\n\t\t\t\t\t\t\t\t<\/svg>\n\t\t\t\t\t\t\t<\/div>\n\t\t\t\t\t\t<\/button>\n\t\t\t\t\t\t\t\t\t\t\t\t\t\t\t\t<div\n\t\t\t\t\t\t\tid=\"collapse-faq-block_5ed6193bb9704-0\"\n\t\t\t\t\t\t\tclass=\"faq-item-content collapse\"\n\t\t\t\t\t\t\taria-labelledby=\"heading-faq-block_5ed6193bb9704-0\"\n\t\t\t\t\t\t>\n\t\t\t\t\t\t\t<p>S\u00e5 l\u00e4nge det \u00e4r ett casino som \u00e4r licensierat av SGA (Spelinspektionen) \u00e4r du helt s\u00e4ker. P\u00e5 Great.com jobbar vi bara med lagliga licensierade casinon.<\/p>\n\t\t\t\t\t\t<\/div>\n\t\t\t\t\t\t\t\t\t<\/div>\n\t\t\t\t\t\t\t\t<div class=\"faq-item\">\n\t\t\t\t\t\t\t\t\t\t\t<button\n\t\t\t\t\t\t\tid=\"heading-faq-block_5ed6193bb9704-1\"\n\t\t\t\t\t\t\tdata-toggle=\"collapse\"\n\t\t\t\t\t\t\tdata-target=\"#collapse-faq-block_5ed6193bb9704-1\"\n\t\t\t\t\t\t\taria-expanded=\"false\"\n\t\t\t\t\t\t\taria-controls=\"collapse-faq-block_5ed6193bb9704-1\"\n\t\t\t\t\t\t\tclass=\"faq-item__shown collapsed\"\n\t\t\t\t\t\t>\n\t\t\t\t\t\t\t<span>Hur l\u00e5ng tid tar en KYC-Process?<\/span>\n\t\t\t\t\t\t\t<div class=\"faq-item__button\">\n\t\t\t\t\t\t\t\t<svg width=\"12\" height=\"8\" viewBox=\"0 0 12 8\" fill=\"none\"\n\t\t\t\t\t\t\t\t\t xmlns=\"http:\/\/www.w3.org\/2000\/svg\">\n\t\t\t\t\t\t\t\t\t<path\n\t\t\t\t\t\t\t\t\t\td=\"M10.59 0.589844L6 5.16984L1.41 0.589844L0 1.99984L6 7.99984L12 1.99984L10.59 0.589844Z\"\n\t\t\t\t\t\t\t\t\t\tfill=\"#3A3A3A\"\/>\n\t\t\t\t\t\t\t\t<\/svg>\n\t\t\t\t\t\t\t<\/div>\n\t\t\t\t\t\t<\/button>\n\t\t\t\t\t\t\t\t\t\t\t\t\t\t\t\t<div\n\t\t\t\t\t\t\tid=\"collapse-faq-block_5ed6193bb9704-1\"\n\t\t\t\t\t\t\tclass=\"faq-item-content collapse\"\n\t\t\t\t\t\t\taria-labelledby=\"heading-faq-block_5ed6193bb9704-1\"\n\t\t\t\t\t\t>\n\t\t\t\t\t\t\t<p>Det beror helt p\u00e5 casinon och omst\u00e4ndigheterna. Ibland \u00e4r det s\u00e5 snabbt som 15 minuter medan andra casinon kan ta flera dagar.<\/p>\n\t\t\t\t\t\t<\/div>\n\t\t\t\t\t\t\t\t\t<\/div>\n\t\t\t\t\t\t\t<\/div>\n<\/section>\n\n\n\n\n<section id=\"content-block_5ed6195eb9707\"\n\t\t class=\"content-section  \">\n\t<div class=\"content-section__block\">\n\t\t\t\t\n\t\t\n\t\t\n\t\t\t<div class=\"content-block \">\n\n\t\t\t\t\t\t\t\t\t<div\n\t\t\t\t\t\tclass=\"content-block__text  content-no-title\">\n\t\t\t\t\t\t\t\t\t\t\t\t\t<div class=\"content-block__text \">\n\t\t\t\t\t\t\t\t\t\t\t\t\t\t\t\t\t<div\n\t\t\t\t\t\t\t\t\t\tclass=\"content-block__content \"\n\t\t\t\t\t\t\t\t\t\t\t\t\t\t\t\t\t\t\t>\n\t\t\t\t\t\t\t\t\t\t<h2><a href=\"https:\/\/great.com\/sv-se\/online-casino\/\"><span style=\"color: #000000;\">Tillbaka till Online Casinon<\/span><\/a><\/h2>\n\t\t\t\t\t\t\t\t\t<\/div>\n\t\t\t\t\t\t\t\t\t\t\t\t\t\t\t\t\t\t\t\t\t\t\t<\/div>\n\t\t\t\t\t\t\n\t\t\t\t\t\t\n\t\t\t\t\t\t\n\t\t\t\t\t<\/div>\n\n\t\t\t\t\n\t\t\t<\/div>\n\t\t\t\t\t<\/div>\n<\/section>\n","protected":false},"excerpt":{"rendered":"","protected":false},"author":3,"featured_media":0,"parent":0,"menu_order":88,"comment_status":"closed","ping_status":"closed","template":"","meta":{"_acf_changed":false,"footnotes":""},"class_list":["post-615","page","type-page","status-publish","hentry"],"acf":[],"yoast_head":"<!-- This site is optimized with the Yoast SEO plugin v27.4 - https:\/\/yoast.com\/product\/yoast-seo-wordpress\/ -->\n<title>KYC eller Know Your Customer \u2013 vad \u00e4r det egentligen?<\/title>\n<meta name=\"description\" content=\"Know Your Customer \u2013 KYC \u2013 \u00e4r i praktiken bevis p\u00e5 ditt ID och din adress (bilder) som m\u00e5nga casinon vill ha innan de till\u00e5ter uttag. L\u00e4s allt om KYC h\u00e4r.\" \/>\n<meta name=\"robots\" content=\"index, follow, max-snippet:-1, max-image-preview:large, max-video-preview:-1\" \/>\n<link rel=\"canonical\" href=\"https:\/\/great.com\/sv-se\/kyc\/\" \/>\n<meta property=\"og:locale\" content=\"sv_SE\" \/>\n<meta property=\"og:type\" content=\"article\" \/>\n<meta property=\"og:title\" content=\"KYC eller Know Your Customer \u2013 vad \u00e4r det egentligen?\" \/>\n<meta property=\"og:description\" content=\"Know Your Customer \u2013 KYC \u2013 \u00e4r i praktiken bevis p\u00e5 ditt ID och din adress (bilder) som m\u00e5nga casinon vill ha innan de till\u00e5ter uttag. L\u00e4s allt om KYC h\u00e4r.\" \/>\n<meta property=\"og:url\" content=\"https:\/\/great.com\/sv-se\/kyc\/\" \/>\n<meta property=\"og:site_name\" content=\"Great.com SE\/SV\" \/>\n<meta property=\"article:modified_time\" content=\"2021-04-25T09:21:07+00:00\" \/>\n<meta name=\"twitter:card\" content=\"summary_large_image\" \/>\n<script type=\"application\/ld+json\" class=\"yoast-schema-graph\">{\"@context\":\"https:\\\/\\\/schema.org\",\"@graph\":[{\"@type\":\"WebPage\",\"@id\":\"https:\\\/\\\/great.com\\\/sv-se\\\/kyc\\\/\",\"url\":\"https:\\\/\\\/great.com\\\/sv-se\\\/kyc\\\/\",\"name\":\"KYC eller Know Your Customer \u2013 vad \u00e4r det egentligen?\",\"isPartOf\":{\"@id\":\"https:\\\/\\\/great.com\\\/sv-se\\\/#website\"},\"datePublished\":\"2020-06-03T08:35:15+00:00\",\"dateModified\":\"2021-04-25T09:21:07+00:00\",\"description\":\"Know Your Customer \u2013 KYC \u2013 \u00e4r i praktiken bevis p\u00e5 ditt ID och din adress (bilder) som m\u00e5nga casinon vill ha innan de till\u00e5ter uttag. L\u00e4s allt om KYC h\u00e4r.\",\"breadcrumb\":{\"@id\":\"https:\\\/\\\/great.com\\\/sv-se\\\/kyc\\\/#breadcrumb\"},\"inLanguage\":\"sv-SE\",\"potentialAction\":[{\"@type\":\"ReadAction\",\"target\":[\"https:\\\/\\\/great.com\\\/sv-se\\\/kyc\\\/\"]}]},{\"@type\":\"BreadcrumbList\",\"@id\":\"https:\\\/\\\/great.com\\\/sv-se\\\/kyc\\\/#breadcrumb\",\"itemListElement\":[{\"@type\":\"ListItem\",\"position\":1,\"name\":\"Home\",\"item\":\"https:\\\/\\\/great.com\\\/sv-se\\\/\"},{\"@type\":\"ListItem\",\"position\":2,\"name\":\"Vad \u00e4r KYC och hur verifierar du din identitet f\u00f6r svenska online casinon?\"}]},{\"@type\":\"WebSite\",\"@id\":\"https:\\\/\\\/great.com\\\/sv-se\\\/#website\",\"url\":\"https:\\\/\\\/great.com\\\/sv-se\\\/\",\"name\":\"Great.com SE\\\/SV\",\"description\":\"The Casino Philanthropy Project\",\"potentialAction\":[{\"@type\":\"SearchAction\",\"target\":{\"@type\":\"EntryPoint\",\"urlTemplate\":\"https:\\\/\\\/great.com\\\/sv-se\\\/?s={search_term_string}\"},\"query-input\":{\"@type\":\"PropertyValueSpecification\",\"valueRequired\":true,\"valueName\":\"search_term_string\"}}],\"inLanguage\":\"sv-SE\"}]}<\/script>\n<!-- \/ Yoast SEO plugin. -->","yoast_head_json":{"title":"KYC eller Know Your Customer \u2013 vad \u00e4r det egentligen?","description":"Know Your Customer \u2013 KYC \u2013 \u00e4r i praktiken bevis p\u00e5 ditt ID och din adress (bilder) som m\u00e5nga casinon vill ha innan de till\u00e5ter uttag. L\u00e4s allt om KYC h\u00e4r.","robots":{"index":"index","follow":"follow","max-snippet":"max-snippet:-1","max-image-preview":"max-image-preview:large","max-video-preview":"max-video-preview:-1"},"canonical":"https:\/\/great.com\/sv-se\/kyc\/","og_locale":"sv_SE","og_type":"article","og_title":"KYC eller Know Your Customer \u2013 vad \u00e4r det egentligen?","og_description":"Know Your Customer \u2013 KYC \u2013 \u00e4r i praktiken bevis p\u00e5 ditt ID och din adress (bilder) som m\u00e5nga casinon vill ha innan de till\u00e5ter uttag. L\u00e4s allt om KYC h\u00e4r.","og_url":"https:\/\/great.com\/sv-se\/kyc\/","og_site_name":"Great.com SE\/SV","article_modified_time":"2021-04-25T09:21:07+00:00","twitter_card":"summary_large_image","schema":{"@context":"https:\/\/schema.org","@graph":[{"@type":"WebPage","@id":"https:\/\/great.com\/sv-se\/kyc\/","url":"https:\/\/great.com\/sv-se\/kyc\/","name":"KYC eller Know Your Customer \u2013 vad \u00e4r det egentligen?","isPartOf":{"@id":"https:\/\/great.com\/sv-se\/#website"},"datePublished":"2020-06-03T08:35:15+00:00","dateModified":"2021-04-25T09:21:07+00:00","description":"Know Your Customer \u2013 KYC \u2013 \u00e4r i praktiken bevis p\u00e5 ditt ID och din adress (bilder) som m\u00e5nga casinon vill ha innan de till\u00e5ter uttag. L\u00e4s allt om KYC h\u00e4r.","breadcrumb":{"@id":"https:\/\/great.com\/sv-se\/kyc\/#breadcrumb"},"inLanguage":"sv-SE","potentialAction":[{"@type":"ReadAction","target":["https:\/\/great.com\/sv-se\/kyc\/"]}]},{"@type":"BreadcrumbList","@id":"https:\/\/great.com\/sv-se\/kyc\/#breadcrumb","itemListElement":[{"@type":"ListItem","position":1,"name":"Home","item":"https:\/\/great.com\/sv-se\/"},{"@type":"ListItem","position":2,"name":"Vad \u00e4r KYC och hur verifierar du din identitet f\u00f6r svenska online casinon?"}]},{"@type":"WebSite","@id":"https:\/\/great.com\/sv-se\/#website","url":"https:\/\/great.com\/sv-se\/","name":"Great.com SE\/SV","description":"The Casino Philanthropy Project","potentialAction":[{"@type":"SearchAction","target":{"@type":"EntryPoint","urlTemplate":"https:\/\/great.com\/sv-se\/?s={search_term_string}"},"query-input":{"@type":"PropertyValueSpecification","valueRequired":true,"valueName":"search_term_string"}}],"inLanguage":"sv-SE"}]}},"_links":{"self":[{"href":"https:\/\/great.com\/sv-se\/wp-json\/wp\/v2\/pages\/615","targetHints":{"allow":["GET"]}}],"collection":[{"href":"https:\/\/great.com\/sv-se\/wp-json\/wp\/v2\/pages"}],"about":[{"href":"https:\/\/great.com\/sv-se\/wp-json\/wp\/v2\/types\/page"}],"author":[{"embeddable":true,"href":"https:\/\/great.com\/sv-se\/wp-json\/wp\/v2\/users\/3"}],"replies":[{"embeddable":true,"href":"https:\/\/great.com\/sv-se\/wp-json\/wp\/v2\/comments?post=615"}],"version-history":[{"count":0,"href":"https:\/\/great.com\/sv-se\/wp-json\/wp\/v2\/pages\/615\/revisions"}],"wp:attachment":[{"href":"https:\/\/great.com\/sv-se\/wp-json\/wp\/v2\/media?parent=615"}],"curies":[{"name":"wp","href":"https:\/\/api.w.org\/{rel}","templated":true}]}}