{"id":670,"date":"2020-06-09T12:45:22","date_gmt":"2020-06-09T12:45:22","guid":{"rendered":"https:\/\/great.com\/sv-se\/?page_id=670"},"modified":"2023-04-28T11:10:06","modified_gmt":"2023-04-28T11:10:06","slug":"blackjack-pa-natet","status":"publish","type":"page","link":"https:\/\/great.com\/sv-se\/blackjack-pa-natet\/","title":{"rendered":"Spela Blackjack p\u00e5 n\u00e4tet j\u00e4mf\u00f6rt med att spela Blackjack p\u00e5 casino"},"content":{"rendered":"    <section id=\"casino-block_fa9b7827ce1e64058733821ca14fba6b\" class=\"hero-section hero-section_casino\">\r\n        <div class=\"hero-section__block\">\r\n                                                            <div class=\"hero-right\">\r\n                        <div\r\n                                class=\"hero-right__image\"\r\n                                style=\"min-height: 200px\"\r\n                        >\r\n                            <img decoding=\"async\" src=\"https:\/\/great.com\/sv-se\/wp-content\/uploads\/sites\/3\/2020\/09\/Playing-Online-Blackjack-vs-Playing-Blackjack-in-the-Casinos-1-462x274.png\"\r\n                                 alt=\"Spela Online Blackjack\"\r\n                                 class=\"skip-lazy\"\r\n                            \/>\r\n                        <\/div>\r\n                    <\/div>\r\n                                                        <div class=\"hero-left\">\r\n                    <h1>Spela Blackjack p\u00e5 n\u00e4tet j\u00e4mf\u00f6rt med att spela Blackjack p\u00e5 casino<\/h1>\r\n\r\n                                        <div\r\n                            class=\"hero-left__content \"\r\n                                                    style=\"font-family: Arial, sans-serif;\"\r\n                                            >\r\n                        <p><span style=\"font-weight: 400;\">Under det senaste \u00e5rtiondet har vi sett en uppsj\u00f6 av f\u00f6r\u00e4ndringar p\u00e5 m\u00e5nga omr\u00e5den i livet, och tekniken har varit den drivande kraften. I allt fr\u00e5n att boka en taxi och best\u00e4lla mat till att spela p\u00e5 n\u00e4tet och boka semester har tekniken banat v\u00e4g f\u00f6r den h\u00e4r nya livsstilen som n\u00e4stan alla har anammat utan att ha tvingats till det. Ett intressant omr\u00e5de n\u00e4r det g\u00e4ller detta \u00e4r spelmarknaden i Sverige.<\/span><\/p>\n                    <\/div>\r\n\r\n                    \r\n                                    <\/div>\r\n                                                            <\/div>\r\n    <\/section>\r\n    \n\n\n\n\n<section id=\"content-block_b1ae213a1aad578eb1203278da710bbd\"\n\t\t class=\"content-section  \">\n\t<div class=\"content-section__block\">\n\t\t\t\t\t\t\t<h2>Blackjack p\u00e5 n\u00e4tet<\/h2>\n\t\t\n\t\t\n\t\t\n\t\t\t<div class=\"content-block \">\n\n\t\t\t\t\t\t\t\t\t<div\n\t\t\t\t\t\tclass=\"content-block__text  \">\n\t\t\t\t\t\t\t\t\t\t\t\t\t<div class=\"content-block__text \">\n\t\t\t\t\t\t\t\t\t\t\t\t\t\t\t\t\t<div\n\t\t\t\t\t\t\t\t\t\tclass=\"content-block__content \"\n\t\t\t\t\t\t\t\t\t\t\t\t\t\t\t\t\t\t\t>\n\t\t\t\t\t\t\t\t\t\t<p><span style=\"font-weight: 400;\">Blackjack tillh\u00f6r de mest spelade casinospelen. D\u00e5 det \u00e4r ett turspel snarare \u00e4n ett skicklighetsspel \u00e4r det m\u00e5nga spelare som tycker det \u00e4r enkelt. Det \u00e4r l\u00e4tt att vinna eftersom huset har l\u00e5ga f\u00f6rdelar och det \u00e4r roligt att spela. Inv\u00e5narna i Sverige har tur, f\u00f6r de beh\u00f6ver inte bes\u00f6ka fysiska casinon f\u00f6r att spela. De kan bekv\u00e4mt satsa en slant fr\u00e5n sin dator eller mobila enhet och genast f\u00e5 utdelning. Man har dock envist tvistat om vilket som \u00e4r b\u00e4st, att spela blackjack p\u00e5 n\u00e4tet eller p\u00e5 ett konkret casino. B\u00e5da parter har ett sug efter att spela blackjack, och man har inte kommit fram till n\u00e5gon gemensamt l\u00f6sning p\u00e5 vilket av de b\u00e5da alternativen som \u00e4r b\u00e4st. I den h\u00e4r artikeln ska vi utforska f\u00f6rdelarna och nackdelarna med var och en av dem och f\u00f6rs\u00f6ka komma fram till ett f\u00f6rslag p\u00e5 vilket av de b\u00e5da alternativen som \u00e4r b\u00e4st.<\/span><\/p>\n<p>&nbsp;<\/p>\n<p><b>Blackjack p\u00e5 n\u00e4tet<\/b><\/p>\n<p>&nbsp;<\/p>\n<p><span style=\"font-weight: 400;\">Blackjack p\u00e5 n\u00e4tet har tv\u00e5 spelalternativ, live dealer blackjack och RNG blackjack. Live dealer blackjack inneb\u00e4r att spelare spelar blackjack p\u00e5 n\u00e4tet, men korten sk\u00f6ts av riktiga dealers fr\u00e5n en livestudio. Tack vare avancerad teknik \u00e4r spelplatsen f\u00f6r live blackjack f\u00f6rsedd med HD-kamera och med hj\u00e4lp av mikrofon kan du prata med dealern och chatta med de andra spelarna.<\/span><\/p>\n<p><span style=\"font-weight: 400;\">Blackjack med slumpgenerator (RNG) \u00e4r vanligast eftersom spelet drivs av datorprogramvara. <span data-sheets-value=\"{&quot;1&quot;:2,&quot;2&quot;:&quot;F\u00f6r att garantera att allt ska g\u00e5 r\u00e4ttvist till kr\u00e4ver Svenska spelinspektionen att n\u00e4tkasinon som verkar inom Sverige regelbundet ska testa sina RNG och utbetalningsprocent i oberoende f\u00f6rs\u00f6kslaboratorier.&quot;}\" data-sheets-userformat=\"{&quot;2&quot;:14721,&quot;3&quot;:{&quot;1&quot;:0,&quot;3&quot;:1},&quot;10&quot;:1,&quot;11&quot;:4,&quot;14&quot;:{&quot;1&quot;:3,&quot;3&quot;:1},&quot;15&quot;:&quot;Calibri&quot;,&quot;16&quot;:11}\">F\u00f6r att garantera att allt ska g\u00e5 r\u00e4ttvist till kr\u00e4ver Svenska spelinspektionen att n\u00e4tkasinon som verkar inom Sverige regelbundet ska testa sina RNG och utbetalningsprocent i oberoende f\u00f6rs\u00f6kslaboratorier.<\/span><\/span><\/p>\n<p><span style=\"font-weight: 400;\">Positivt \u00e4r dock att de n\u00e4tkasinon som uppfyller kraven erbjuder spelarna enorma f\u00f6rdelar n\u00e4r de spelar blackjack p\u00e5 n\u00e4tet. <span data-sheets-value=\"{&quot;1&quot;:2,&quot;2&quot;:&quot;Vi ser f\u00f6rdelarna nedan.&quot;}\" data-sheets-userformat=\"{&quot;2&quot;:14721,&quot;3&quot;:{&quot;1&quot;:0,&quot;3&quot;:1},&quot;10&quot;:1,&quot;11&quot;:4,&quot;14&quot;:{&quot;1&quot;:3,&quot;3&quot;:1},&quot;15&quot;:&quot;Calibri&quot;,&quot;16&quot;:11}\">Vi ser f\u00f6rdelarna nedan.<\/span><\/span><\/p>\n<p>&nbsp;<\/p>\n<p><b>F\u00f6rdelar med blackjack p\u00e5 n\u00e4tet<\/b><\/p>\n<p>&nbsp;<\/p>\n<ul>\n<li style=\"font-weight: 400;\"><b>Bekv\u00e4mt<\/b><span style=\"font-weight: 400;\">: Att i lugn och ro sitta hemma och spela online-blackjack p\u00e5 datorn eller p\u00e5 mobilen \u00e4r mycket bekv\u00e4mare \u00e4n att rent konkret ta sig till ett casino. Om du ska \u00e5ka till ett casino m\u00e5ste du planera resv\u00e4g, hitta parkeringsplats och ordna med en hel del annat. Blackjack p\u00e5 n\u00e4tet \u00e4r en l\u00f6sning d\u00e4r du kan spela n\u00e4r du \u00e4r p\u00e5 spr\u00e5ng, under f\u00f6ruts\u00e4ttning att du har internet p\u00e5 din smartphone eller dator.<\/span><\/li>\n<\/ul>\n<p><span style=\"font-weight: 400;\">Dessutom har man alltid en k\u00e4nsla av att beh\u00f6va ge drick \u00e5t dealern eller ge n\u00e5got till de spelare som sitter bredvid om du vinner en massa rundor. Med blackjack p\u00e5 n\u00e4tet g\u00e5r det inte att ge dricks eftersom det saknas alternativ f\u00f6r att ge dricks eller att bel\u00f6na andra spelare. Eftersom det \u00e4r stor risk att du ger dricks i n\u00e5got gl\u00e4djerus efter att du har vunnit kanske du inte riktigt alltid har koll p\u00e5 hur mycket pengar du har kvar.<\/span><\/p>\n<ul>\n<li style=\"font-weight: 400;\"><b>Integritet<\/b><span style=\"font-weight: 400;\">: blackjack p\u00e5 n\u00e4tet inneb\u00e4r f\u00f6rdelar n\u00e4r det kommer till integriteten, detta till skillnad fr\u00e5n konkreta casinon d\u00e4r spelarens identitet inte kan d\u00f6ljas. Andra spelare och de som arbetar p\u00e5 casinot vet hur mycket du vunnit och f\u00f6rlorat. Om du vinner mycket pengar kan det ocks\u00e5 h\u00e4nda att du k\u00e4nner dig r\u00e4dd att promenera ut d\u00e4rifr\u00e5n med de m\u00e5nga pengarna. P\u00e5 <a href=\"https:\/\/great.com\/sv-se\/online-casino\/\">n\u00e4tcasinon<\/a> f\u00e5r du utbetalningar i elektronisk form, och detta ser bara du vilket g\u00f6r det s\u00e4kert.<\/span><\/li>\n<li style=\"font-weight: 400;\"><b>Olika varianter och husets l\u00e5ga f\u00f6rdelar<\/b><span style=\"font-weight: 400;\">: blackjack p\u00e5 n\u00e4tet har m\u00e5nga fler varianter j\u00e4mf\u00f6rt med blackjack-bord p\u00e5 rent konkreta casinon. Huset har l\u00e5ga f\u00f6rdelar n\u00e4r det g\u00e4ller de h\u00e4r varianterna. I till exempel Microgaming Single Deck Classic Blackjack har huset en f\u00f6rdel p\u00e5 0,13%, n\u00e5got som live-blackjack inte kan sl\u00e5.<\/span><\/li>\n<li style=\"font-weight: 400;\"><b>Inget som distraherar<\/b><span style=\"font-weight: 400;\">: i de flesta live-casinon f\u00f6rekommer st\u00f6kiga spelare, cigarettr\u00f6k och andra distraktioner som \u00e4r vanliga p\u00e5 casinon. Detta slipper man p\u00e5 n\u00e4tcasinon.<\/span><\/li>\n<li style=\"font-weight: 400;\"><b>Bonusar<\/b><span style=\"font-weight: 400;\">: blackjack p\u00e5 n\u00e4tet bel\u00f6nar sina spelare med bonusar och kampanjer, detta till skillnad fr\u00e5n blackjack live d\u00e4r det n\u00e4stan aldrig f\u00f6rekommer att casinon ger bonusar till sina spelare.<\/span><\/li>\n<\/ul>\n<p>&nbsp;<\/p>\n<p><b>Nackdelar med blackjack p\u00e5 n\u00e4tet<\/b><\/p>\n<p><b>Om\u00f6jligt att r\u00e4kna kort<\/b><span style=\"font-weight: 400;\">: att r\u00e4kna kort \u00e4r ofta en metod som anv\u00e4nds av vana blackjack-spelare f\u00f6r att vinna f\u00f6rdel gentemot dealern. P\u00e5 n\u00e4tcasinon \u00e4r det om\u00f6jligt att r\u00e4kna kort eftersom de blandas av RNG efter varje runda.<\/span><\/p>\n<p><b>Avsaknad av st\u00e4mningen i det traditionella casinot<\/b><span style=\"font-weight: 400;\">: Takkronorna, de fria drinkarna och den sociala biten n\u00e4r man samtalar med andra spelare i casinot \u00e4r om\u00f6jligt att uppleva n\u00e4r man spelar blackjack p\u00e5 n\u00e4tet.<\/span><\/p>\n<p>&nbsp;<\/p>\n<p><b>Live Blackjack<\/b><\/p>\n<p><span style=\"font-weight: 400;\">Live blackjack \u00e4r det traditionella blackjack-spelet som man hittar i rent konkreta casinon. Vid live blackjack sitter spelaren\/spelarna kring ett blackjack-bord och dealern delar ut korten i ett f\u00f6rs\u00f6k att n\u00e5 en po\u00e4ng p\u00e5 21 utan att komma \u00f6ver. Det inneb\u00e4r flera f\u00f6r- och nackdelar som vi tar upp h\u00e4r nedanf\u00f6r.<\/span><\/p>\n<p><b>F\u00f6rdelar med live blackjack\u00a0<\/b><\/p>\n<p><b>Casinots atmosf\u00e4r<\/b><span style=\"font-weight: 400;\">: ljudet fr\u00e5n slotmaskiner, den l\u00e5gm\u00e4lda musiken och de gratis luncherna \u00e4r n\u00e5got av det mest minnesv\u00e4rda n\u00e4r man bes\u00f6ker ett traditionellt casino.<\/span><\/p>\n<p><b>Social milj\u00f6:<\/b><span style=\"font-weight: 400;\"> N\u00e4r man spelar blackjack live, \u00e4ven om det inte \u00e4r n\u00f6dv\u00e4ndigt, kan du prata med dealern och andra spelare f\u00f6r att lugna ner st\u00e4mningen.<\/span><\/p>\n<p><b>Snabba utbetalningar<\/b><span style=\"font-weight: 400;\">: Vid blackjack live, om du vinner och vill ta ut dina pengar f\u00e5r du dem direkt i riktiga konkreta pengar. Vid blackjack p\u00e5 n\u00e4tet, beroende p\u00e5 betalningsmetod, kan det dr\u00f6ja upp till fem dagar innan du ser dina pengar p\u00e5 bankkontot.<\/span><\/p>\n<p>&nbsp;<\/p>\n<p><b>Nackdelar med live blackjack<\/b><\/p>\n<p><b>D\u00e5lig placering inverkar p\u00e5 ditt spel<\/b><span style=\"font-weight: 400;\">: om du placerar dig fel vid ett bord med erfarna spelare kan det sluta med att du f\u00f6rlorar en runda som du inte skulle f\u00f6rlorat om du hade placerat dig r\u00e4tt.<\/span><\/p>\n<p>&nbsp;<\/p>\n<p><b>Slutsats<\/b><\/p>\n<p><span style=\"font-weight: 400;\">Om man best\u00e4mmer sig f\u00f6r att spela blackjack p\u00e5 n\u00e4tet eller hellre \u00e5ker till blackjack-casinon i Stockholm, G\u00f6teborg eller Sundsvall \u00e4r en smaksak. Som vi ser i den h\u00e4r artikeln \u00f6verv\u00e4ger dock f\u00f6rdelarna med att spela blackjack p\u00e5 n\u00e4tet mot att spela live. Nackdelen med att missa en gratis lunch uppv\u00e4gs av bekv\u00e4mlighet, lugn och ro med att spela hemma eller p\u00e5 mobilen samt integritet<\/span><\/p>\n\t\t\t\t\t\t\t\t\t<\/div>\n\t\t\t\t\t\t\t\t\t\t\t\t\t\t\t\t\t\t\t\t\t\t\t<\/div>\n\t\t\t\t\t\t\n\t\t\t\t\t\t\n\t\t\t\t\t\t\n\t\t\t\t\t<\/div>\n\n\t\t\t\t\n\t\t\t<\/div>\n\t\t\t\t\t<\/div>\n<\/section>\n","protected":false},"excerpt":{"rendered":"","protected":false},"author":3,"featured_media":0,"parent":0,"menu_order":23,"comment_status":"closed","ping_status":"closed","template":"","meta":{"_acf_changed":false,"footnotes":""},"class_list":["post-670","page","type-page","status-publish","hentry"],"acf":[],"yoast_head":"<!-- This site is optimized with the Yoast SEO plugin v27.3 - https:\/\/yoast.com\/product\/yoast-seo-wordpress\/ -->\n<title>Blackjack p\u00e5 n\u00e4tet \u00e4r l\u00e4tt, roligt och ger fler alternativ<\/title>\n<meta name=\"description\" content=\"N\u00e4r du spelar blackjack p\u00e5 n\u00e4tet kan du satsa s\u00e5 lite som tio kronor per runda, och det finns alltid bord som har plats \u00f6ver. Dessutom slipper du kl\u00e4dkoden ...\" \/>\n<meta name=\"robots\" content=\"index, follow, max-snippet:-1, max-image-preview:large, max-video-preview:-1\" \/>\n<link rel=\"canonical\" href=\"https:\/\/great.com\/sv-se\/blackjack-pa-natet\/\" \/>\n<meta property=\"og:locale\" content=\"sv_SE\" \/>\n<meta property=\"og:type\" content=\"article\" \/>\n<meta property=\"og:title\" content=\"Blackjack p\u00e5 n\u00e4tet \u00e4r l\u00e4tt, roligt och ger fler alternativ\" \/>\n<meta property=\"og:description\" content=\"N\u00e4r du spelar blackjack p\u00e5 n\u00e4tet kan du satsa s\u00e5 lite som tio kronor per runda, och det finns alltid bord som har plats \u00f6ver. Dessutom slipper du kl\u00e4dkoden ...\" \/>\n<meta property=\"og:url\" content=\"https:\/\/great.com\/sv-se\/blackjack-pa-natet\/\" \/>\n<meta property=\"og:site_name\" content=\"Great.com SE\/SV\" \/>\n<meta property=\"article:modified_time\" content=\"2023-04-28T11:10:06+00:00\" \/>\n<meta name=\"twitter:card\" content=\"summary_large_image\" \/>\n<script type=\"application\/ld+json\" class=\"yoast-schema-graph\">{\"@context\":\"https:\\\/\\\/schema.org\",\"@graph\":[{\"@type\":\"WebPage\",\"@id\":\"https:\\\/\\\/great.com\\\/sv-se\\\/blackjack-pa-natet\\\/\",\"url\":\"https:\\\/\\\/great.com\\\/sv-se\\\/blackjack-pa-natet\\\/\",\"name\":\"Blackjack p\u00e5 n\u00e4tet \u00e4r l\u00e4tt, roligt och ger fler alternativ\",\"isPartOf\":{\"@id\":\"https:\\\/\\\/great.com\\\/sv-se\\\/#website\"},\"datePublished\":\"2020-06-09T12:45:22+00:00\",\"dateModified\":\"2023-04-28T11:10:06+00:00\",\"description\":\"N\u00e4r du spelar blackjack p\u00e5 n\u00e4tet kan du satsa s\u00e5 lite som tio kronor per runda, och det finns alltid bord som har plats \u00f6ver. Dessutom slipper du kl\u00e4dkoden ...\",\"breadcrumb\":{\"@id\":\"https:\\\/\\\/great.com\\\/sv-se\\\/blackjack-pa-natet\\\/#breadcrumb\"},\"inLanguage\":\"sv-SE\",\"potentialAction\":[{\"@type\":\"ReadAction\",\"target\":[\"https:\\\/\\\/great.com\\\/sv-se\\\/blackjack-pa-natet\\\/\"]}]},{\"@type\":\"BreadcrumbList\",\"@id\":\"https:\\\/\\\/great.com\\\/sv-se\\\/blackjack-pa-natet\\\/#breadcrumb\",\"itemListElement\":[{\"@type\":\"ListItem\",\"position\":1,\"name\":\"Home\",\"item\":\"https:\\\/\\\/great.com\\\/sv-se\\\/\"},{\"@type\":\"ListItem\",\"position\":2,\"name\":\"Spela Blackjack p\u00e5 n\u00e4tet j\u00e4mf\u00f6rt med att spela Blackjack p\u00e5 casino\"}]},{\"@type\":\"WebSite\",\"@id\":\"https:\\\/\\\/great.com\\\/sv-se\\\/#website\",\"url\":\"https:\\\/\\\/great.com\\\/sv-se\\\/\",\"name\":\"Great.com SE\\\/SV\",\"description\":\"The Casino Philanthropy Project\",\"potentialAction\":[{\"@type\":\"SearchAction\",\"target\":{\"@type\":\"EntryPoint\",\"urlTemplate\":\"https:\\\/\\\/great.com\\\/sv-se\\\/?s={search_term_string}\"},\"query-input\":{\"@type\":\"PropertyValueSpecification\",\"valueRequired\":true,\"valueName\":\"search_term_string\"}}],\"inLanguage\":\"sv-SE\"}]}<\/script>\n<!-- \/ Yoast SEO plugin. -->","yoast_head_json":{"title":"Blackjack p\u00e5 n\u00e4tet \u00e4r l\u00e4tt, roligt och ger fler alternativ","description":"N\u00e4r du spelar blackjack p\u00e5 n\u00e4tet kan du satsa s\u00e5 lite som tio kronor per runda, och det finns alltid bord som har plats \u00f6ver. Dessutom slipper du kl\u00e4dkoden ...","robots":{"index":"index","follow":"follow","max-snippet":"max-snippet:-1","max-image-preview":"max-image-preview:large","max-video-preview":"max-video-preview:-1"},"canonical":"https:\/\/great.com\/sv-se\/blackjack-pa-natet\/","og_locale":"sv_SE","og_type":"article","og_title":"Blackjack p\u00e5 n\u00e4tet \u00e4r l\u00e4tt, roligt och ger fler alternativ","og_description":"N\u00e4r du spelar blackjack p\u00e5 n\u00e4tet kan du satsa s\u00e5 lite som tio kronor per runda, och det finns alltid bord som har plats \u00f6ver. Dessutom slipper du kl\u00e4dkoden ...","og_url":"https:\/\/great.com\/sv-se\/blackjack-pa-natet\/","og_site_name":"Great.com SE\/SV","article_modified_time":"2023-04-28T11:10:06+00:00","twitter_card":"summary_large_image","schema":{"@context":"https:\/\/schema.org","@graph":[{"@type":"WebPage","@id":"https:\/\/great.com\/sv-se\/blackjack-pa-natet\/","url":"https:\/\/great.com\/sv-se\/blackjack-pa-natet\/","name":"Blackjack p\u00e5 n\u00e4tet \u00e4r l\u00e4tt, roligt och ger fler alternativ","isPartOf":{"@id":"https:\/\/great.com\/sv-se\/#website"},"datePublished":"2020-06-09T12:45:22+00:00","dateModified":"2023-04-28T11:10:06+00:00","description":"N\u00e4r du spelar blackjack p\u00e5 n\u00e4tet kan du satsa s\u00e5 lite som tio kronor per runda, och det finns alltid bord som har plats \u00f6ver. Dessutom slipper du kl\u00e4dkoden ...","breadcrumb":{"@id":"https:\/\/great.com\/sv-se\/blackjack-pa-natet\/#breadcrumb"},"inLanguage":"sv-SE","potentialAction":[{"@type":"ReadAction","target":["https:\/\/great.com\/sv-se\/blackjack-pa-natet\/"]}]},{"@type":"BreadcrumbList","@id":"https:\/\/great.com\/sv-se\/blackjack-pa-natet\/#breadcrumb","itemListElement":[{"@type":"ListItem","position":1,"name":"Home","item":"https:\/\/great.com\/sv-se\/"},{"@type":"ListItem","position":2,"name":"Spela Blackjack p\u00e5 n\u00e4tet j\u00e4mf\u00f6rt med att spela Blackjack p\u00e5 casino"}]},{"@type":"WebSite","@id":"https:\/\/great.com\/sv-se\/#website","url":"https:\/\/great.com\/sv-se\/","name":"Great.com SE\/SV","description":"The Casino Philanthropy Project","potentialAction":[{"@type":"SearchAction","target":{"@type":"EntryPoint","urlTemplate":"https:\/\/great.com\/sv-se\/?s={search_term_string}"},"query-input":{"@type":"PropertyValueSpecification","valueRequired":true,"valueName":"search_term_string"}}],"inLanguage":"sv-SE"}]}},"_links":{"self":[{"href":"https:\/\/great.com\/sv-se\/wp-json\/wp\/v2\/pages\/670","targetHints":{"allow":["GET"]}}],"collection":[{"href":"https:\/\/great.com\/sv-se\/wp-json\/wp\/v2\/pages"}],"about":[{"href":"https:\/\/great.com\/sv-se\/wp-json\/wp\/v2\/types\/page"}],"author":[{"embeddable":true,"href":"https:\/\/great.com\/sv-se\/wp-json\/wp\/v2\/users\/3"}],"replies":[{"embeddable":true,"href":"https:\/\/great.com\/sv-se\/wp-json\/wp\/v2\/comments?post=670"}],"version-history":[{"count":0,"href":"https:\/\/great.com\/sv-se\/wp-json\/wp\/v2\/pages\/670\/revisions"}],"wp:attachment":[{"href":"https:\/\/great.com\/sv-se\/wp-json\/wp\/v2\/media?parent=670"}],"curies":[{"name":"wp","href":"https:\/\/api.w.org\/{rel}","templated":true}]}}