{"id":703,"date":"2020-07-02T09:23:56","date_gmt":"2020-07-02T09:23:56","guid":{"rendered":"https:\/\/great.com\/sv-se\/?page_id=703"},"modified":"2021-04-25T21:52:52","modified_gmt":"2021-04-25T21:52:52","slug":"slot-fat-rabbit","status":"publish","type":"page","link":"https:\/\/great.com\/sv-se\/slot-fat-rabbit\/","title":{"rendered":"Slot Fat Rabbit"},"content":{"rendered":"    <section id=\"casino-block_5ed618d5b96ff\" class=\"hero-section hero-section_casino\">\r\n        <div class=\"hero-section__block\">\r\n                                                            <div class=\"hero-right\">\r\n                        <div\r\n                                class=\"hero-right__image\"\r\n                                style=\"min-height: 200px\"\r\n                        >\r\n                            <img decoding=\"async\" src=\"https:\/\/great.com\/sv-se\/wp-content\/uploads\/sites\/3\/2020\/07\/Screenshot-2020-07-02-at-11-1-462x263.jpg\"\r\n                                 alt=\"Fat Rabbit\"\r\n                                 class=\"skip-lazy\"\r\n                            \/>\r\n                        <\/div>\r\n                    <\/div>\r\n                                                        <div class=\"hero-left\">\r\n                    <h1>Slot Fat Rabbit<\/h1>\r\n\r\n                                        <div\r\n                            class=\"hero-left__content more-content\"\r\n                                                    style=\"font-family: Arial, sans-serif; overflow: hidden; max-height: 120px;\"\r\n                                            >\r\n                        <h1><span style=\"font-weight: 400;\">RTP 96,45 %<\/span><\/h1>\n<p><span style=\"font-weight: 400;\">Vad ska vi s\u00e4ga om Fat Rabbit slot? Ja, om du gillar roliga \u00e4ventyr med f\u00e4rgstarka figurer i den animerade v\u00e4rlden kommer detta slotspel att vara en given succ\u00e9. H\u00e4r befinner du dig p\u00e5 en farm d\u00e4r allt har sin plats, med en bonde som har f\u00e5tt nog av en kanin. Detta \u00e4r ingen mindre \u00e4n spelets huvudperson, Fat Rabbit. Detta \u00e4r en m\u00e4stare p\u00e5 att stj\u00e4la mor\u00f6tter fr\u00e5n den ilskna bonden. F\u00f6r varje morot Fat Rabbit k\u00e4kar blir han fetare och fetare. Du vill dock ha den feta kaninen p\u00e5 din sida. Detta kommer n\u00e4mligen tillsammans med hans mor\u00f6tter, vara det som ger dig de stora vinsterna p\u00e5 Fat Rabbit slot.<\/span><\/p>\n<p><span style=\"font-weight: 400;\">Denna stora succ\u00e9 bland slotspel kommer fr\u00e5n Push Gaming och lanserades i mars 2018. Faktum \u00e4r att det blivit en av denna spelleverant\u00f6rs st\u00f6rsta succ\u00e9er genom tiderna. Faktum \u00e4r att detta inte alls \u00e4r konstigt. Spelet har en trivsam historia som g\u00e5r \u00e5t det komiska och erbjuder ocks\u00e5 massor av funktioner och h\u00e4ndelser. Kanske inte vinsten p\u00e5 maximalt 1\u00a0000 g\u00e5nger insatsen \u00e4r s\u00e5 lockande, men i realiteten kan du vinna mycket mera. Detta \u00e4r bara h\u00f6gsta vinsten per spel. Fat Rabbit har l\u00e4nge varit k\u00e4nd f\u00f6r att dela ut ett flertal vinster till m\u00e5nga spelare.<\/span><\/p>\n<p><span style=\"font-weight: 400;\">Vill du veta hur livet \u00e4r p\u00e5 farmen? Klarar du att hj\u00e4lpa kaninen undan fr\u00e5n den ilskna bonden? G\u00f6r du det kanske Fat Rabbit bel\u00f6nar dig med just en storvinst. Detta \u00e4r naturligtvis om du inte l\u00e5ter honom \u00e4ta f\u00f6r m\u00e5nga mor\u00f6tter och ger kaninen en hj\u00e4rtattack. L\u00e4s vidare om hur det hela g\u00e5r till, s\u00e5 kanske du ocks\u00e5 blir en m\u00e4stare p\u00e5 slotspelet Fat Rabbit.<\/span><\/p>\n                    <\/div>\r\n\r\n                                            <button class=\"read-button placeholder\" data-readmore-toggle>Read More<\/button>\r\n                    \r\n                                    <\/div>\r\n                                                            <\/div>\r\n    <\/section>\r\n    \n\n\n\n\n<section id=\"content-block_5ed61908b9701\"\n\t\t class=\"content-section  \">\n\t<div class=\"content-section__block\">\n\t\t\t\t\n\t\t\n\t\t\n\t\t\t<div class=\"content-block \">\n\n\t\t\t\t\t\t\t\t\t<div\n\t\t\t\t\t\tclass=\"content-block__text  content-no-title\">\n\t\t\t\t\t\t\t\t\t\t\t\t\t<div class=\"content-block__text \">\n\t\t\t\t\t\t\t\t\t\t\t\t\t\t\t\t\t<div\n\t\t\t\t\t\t\t\t\t\tclass=\"content-block__content \"\n\t\t\t\t\t\t\t\t\t\t\t\t\t\t\t\t\t\t\t>\n\t\t\t\t\t\t\t\t\t\t<h2><span style=\"font-weight: 400;\">S\u00e5 spelar du Fat Rabbit slot<\/span><\/h2>\n<p><span style=\"font-weight: 400;\">Faktum \u00e4r att det \u00e4r l\u00e4tt att gl\u00f6mma det viktiga n\u00e4r du spelar Fat Rabbit slot. Detta med anledning av spelets fantastiska och komiska animationer. Du liksom gl\u00f6mmer bort hur du ska spela och bara satsar hej vilt. Nu finns det inget som s\u00e4ger att det \u00e4r fel taktik d\u00e5 slotspel bygger p\u00e5 att ha tur. Dock kan det vara bra att veta hur insatserna fungerar. Realiteten \u00e4r att det hela \u00e4r busenkelt. Du spelar alltid p\u00e5 alla linjer i spelet och det enda du beh\u00f6ver t\u00e4nka p\u00e5 att v\u00e4lja \u00e4r din totala insats per snurr p\u00e5 hjulen. Detta kan du v\u00e4lja fr\u00e5n 2,50 kronor per snurr till hela 1\u00a0000 kronor f\u00f6r den som har djupa fickor.<\/span><\/p>\n<p><span style=\"font-weight: 400;\">Du skulle n\u00e4stan kunna s\u00e4ga att Fat Rabbit slot betalar b\u00e5de i kluster och rader. Detta d\u00e5 det \u00e4r sv\u00e5rt att se n\u00e5gra linjer \u00f6verhuvudtaget. Dock \u00e4r det tre i rad som g\u00e4ller och du kan f\u00e5 vinst upp till fem i rad. I spelet finns en avancerad autoplay funktion d\u00e4r du kan st\u00e4lla in antalet spel fr\u00e5n 10 till 100 och samtidigt skydda dig mot en maximal f\u00f6rlust eller avsluta vid en eventuell vinst. Tillsammans med autoplay finns det ocks\u00e5 autostop som g\u00f6r att du kan stoppa hjulen n\u00e4r du vill i varje spel. Om detta ger dig st\u00f6rre chans till vinst eller ej kan diskuteras. Spelet h\u00e5ller fortfarande stenh\u00e5rt p\u00e5 sin <a href=\"https:\/\/great.com\/sv-se\/rtp-pa-slots\/\">RTP<\/a> p\u00e5 95,5 %.<\/span><\/p>\n<h2><span style=\"font-weight: 400;\">Bonusspel, symboler och unika funktioner<\/span><\/h2>\n<p><span style=\"font-weight: 400;\">I Fat Rabbit slot \u00e4r det roligt att ha koll p\u00e5 alla de olika symboler som finns. H\u00e4r handlar detta om de olika symbolerna som motsvara f\u00e4rgerna i kortleken. Efter detta har vi h\u00f6balar, en vattenspann, arg jycke, arg bonde och en galen vit kanin. Dessutom finns det mor\u00f6tter till kaninen som ocks\u00e5 fungerar som wilds i spelet. N\u00e4r det g\u00e4ller kortlekens symboler \u00e4r detta de som betalar l\u00e4gst och d\u00e4rf\u00f6r utfaller oftast n\u00e4r det handlar om de m\u00e5nga sm\u00e5 vinsterna som detta slotspel ger.<\/span><\/p>\n<p><span style=\"font-weight: 400;\">Efter detta \u00e4r det i v\u00e4rdeordning h\u00f6balar som ger minst av special symbolerna f\u00f6r att sedan f\u00f6ljas upp\u00e5t i v\u00e4rde av vattenspann, arg jycke, arg bonde samt galen kanin. Mor\u00f6tter planterar bonden med j\u00e4mna mellanrum p\u00e5 spelplanen och dessa ers\u00e4tter alla symboler utom kaninen och bildar vinnande kombinationer. Kaninen fungerar ocks\u00e5 som wild och ger mera vid vinst.<\/span><\/p>\n<h3><span style=\"font-weight: 400;\">Unika funktioner och bonusspel i Fat Rabbit slot<\/span><\/h3>\n<p><span style=\"font-weight: 400;\">Sk\u00f6rdefesten \u00e4r en av de unika funktioner och vinstchanser som finns i Fat Rabbit slot. Det \u00e4r h\u00e4r som bonden kommer med sin traktor och planterar stora mor\u00f6tter p\u00e5 spelplanen. Detta aktiveras slumpvis av att du bara spelar och snurrar p\u00e5 hjulen i detta festliga spel.<\/span><\/p>\n<p><span style=\"font-weight: 400;\">Om det sedan \u00e4r s\u00e5 att en morot landar p\u00e5 hjulen samtidigt som det sitter en kanin p\u00e5 n\u00e5got hjul, s\u00e5 aktiveras bonusspelet. Detta best\u00e5r av frispel. Under dessa spel kommer det varje g\u00e5ng en morot landar p\u00e5 hjulen, aktivera kaninen. Denna \u00e4ter mor\u00f6tter och kan i stort sett bli hur fet och stor som helst. Kaninen aktiveras och fyller stora delar av sk\u00e4rmen och bilder stora vinster. Av att detta aktiveras flera g\u00e5nger och att kaninen \u00e4ter flera mor\u00f6tter, kommer den att bli st\u00f6rre varje g\u00e5ng frispelet aktiveras.<\/span><\/p>\n<h2><span style=\"font-weight: 400;\">Mekanik i Fat Rabbit slot<\/span><\/h2>\n<p><span style=\"font-weight: 400;\">Hur ser du till att den ilskna bonden inte s\u00e4tter k\u00e4ppar i hjulet f\u00f6r ditt samarbete med Fat Rabbit och chansen att f\u00e5 dina vinster? Finns det n\u00e5gra knep som kan g\u00f6ra dig till h\u00e4rskare p\u00e5 farmen? Ja, naturligtvis finns det knep i alla spela, men n\u00e4r det g\u00e4ller slotspel h\u00e4nger det alltid p\u00e5 turen. Vad du kan g\u00f6ra \u00e4r att skaffa dig information s\u00e5 du vet allt om det slotspel du spelar p\u00e5. Alla fakta om Fat Rabbit slot har du i tabellen nedan.<\/span><\/p>\n<ul>\n<li style=\"font-weight: 400;\"><span style=\"font-weight: 400;\">Namn: Fat Rabbit slot<\/span><\/li>\n<li style=\"font-weight: 400;\"><span style=\"font-weight: 400;\">Speltillverkare: Push Gaming<\/span><\/li>\n<li style=\"font-weight: 400;\"><span style=\"font-weight: 400;\">Utkom: mars 2018<\/span><\/li>\n<li style=\"font-weight: 400;\"><span style=\"font-weight: 400;\">RTP: 96,45 %<\/span><\/li>\n<li style=\"font-weight: 400;\"><span style=\"font-weight: 400;\">Antal hjul: 5<\/span><\/li>\n<li style=\"font-weight: 400;\"><span style=\"font-weight: 400;\">Antal rader: 5<\/span><\/li>\n<li style=\"font-weight: 400;\"><span style=\"font-weight: 400;\">Vinstlinjer: 50<\/span><\/li>\n<li style=\"font-weight: 400;\"><span style=\"font-weight: 400;\">L\u00e4gsta insats: 2,50 kronor<\/span><\/li>\n<li style=\"font-weight: 400;\"><span style=\"font-weight: 400;\">H\u00f6gsta insats: 1 000 kronor<\/span><\/li>\n<li style=\"font-weight: 400;\"><span style=\"font-weight: 400;\">Jackpott: Saknas<\/span><\/li>\n<li style=\"font-weight: 400;\"><span style=\"font-weight: 400;\">H\u00f6gsta vinst: 1\u00a0000 g\u00e5nger insatsen<\/span><\/li>\n<li style=\"font-weight: 400;\"><span style=\"font-weight: 400;\"><a href=\"https:\/\/great.com\/sv-se\/free-spins\/\">Free spins<\/a>: Ja<\/span><\/li>\n<\/ul>\n<h2><span style=\"font-weight: 400;\">Tema &#8211; Grafik och ljud<\/span><\/h2>\n<p><span style=\"font-weight: 400;\">I Fat Rabbit kommer det inte vara mycket ljud. Givetvis finns det bakgrundsmusik, men detta kan mera lyssnas till p\u00e5 ett avkopplande s\u00e4tt. Efter detta finns det naturligtvis alla de olika ljudeffekter som kr\u00e4vs f\u00f6r att du ska reagera p\u00e5 olika saker som den arga bonden och den galna kaninen. Grafiken i spelet \u00e4r suver\u00e4n. H\u00e4r \u00e4r allt tydligt och klart, vilket g\u00f6r att alla kan se allt som h\u00e4nder och sker i spelet.\u00a0<\/span><\/p>\n<p><span style=\"font-weight: 400;\">Det som g\u00f6r Fat Rabbit \u00e4r dock det tema som har skapats med allt som normalt sett finns p\u00e5 en bondg\u00e5rd. H\u00e4r finns det h\u00f6 och vatten samt en arg hund som h\u00e4nger med sin lika arga husse. Detta \u00e4r bonden. Kaninen \u00e4r som vanligt den som stj\u00e4l mor\u00f6tterna och skapar kaos p\u00e5 farmen. Ja, helt enkelt f\u00e5r du ett slotspel som bygger mycket p\u00e5 det verkligen livet. Detta samtidigt som det bara \u00e4r fiktion och ren underh\u00e5llning. F\u00f6rmodligen \u00e4r detta anledningen till att Fat Rabbit blivit en av de st\u00f6rsta succ\u00e9erna som Push Gaming lanserat i spelv\u00e4rlden.<\/span><\/p>\n<h2><span style=\"font-weight: 400;\">Fat Rabbit i mobiler och surfplattor<\/span><\/h2>\n<p><span style=\"font-weight: 400;\">Alla som idag spelar <a href=\"https:\/\/great.com\/sv-se\/online-casino\/\">online casino<\/a> vill ha m\u00f6jligheter att spela precis vad som helst, var som helst och n\u00e4r som helst. Med allt detta sagt, s\u00e5 blir sammanfattningen att alla spel m\u00e5ste fungera i mobiler och surfplattor f\u00f6r att bli popul\u00e4ra p\u00e5 dagens spelmarknad. Detta g\u00f6r naturligtvis Fat Rabbit, som har blivit en stor succ\u00e9 i allt fr\u00e5n surfplattor, mobiler och datorer. H\u00e4r g\u00e5r det perfekt att spela Fat Rabbit slot i alla iPhone och Ipad, d\u00e5 de drivs med iOS. Sedan \u00e4r det heller inga problem f\u00f6r alla de som har en Samsung mobil eller annan mobil som drivs av Android OS.<\/span><\/p>\n<p><span style=\"font-weight: 400;\">Fat Rabbit spelas ocks\u00e5 lika bra via mobil applikation som n\u00e4r du loggar in direkt i webbl\u00e4saren. Detta d\u00e5 slotspelet \u00e4r mycket l\u00e4ttdrivet.<\/span><\/p>\n<h2><span style=\"font-weight: 400;\">Spelupplevelse och underh\u00e5llningsv\u00e4rde<\/span><\/h2>\n<p><span style=\"font-weight: 400;\">Det \u00e4r helt klart det tema som Fat Rabbit slot bygger p\u00e5 som skapar spelv\u00e4rdet och underh\u00e5llningen i spelet. Att sedan vinster och effekter g\u00f6r sitt till, bygger bara upp sp\u00e4nningen och spelupplevelsen till h\u00f6gre niv\u00e5er. Det ser ut som inget har placerats fel i Fat Rabbit. H\u00e4r skrattar du gott \u00e5t den megastora kaninen och den arga bonden. Detta samtidigt som du m\u00e5ste h\u00e5ll koll p\u00e5 din egen s\u00e4ck med ekonomiska mor\u00f6tter, s\u00e5 att den inte sinar och kaninen blir f\u00f6r glupsk.<\/span><\/p>\n<h2><span style=\"font-weight: 400;\">V\u00e5rt omd\u00f6me \u2013 Fat Rabbit slot<\/span><\/h2>\n<p><span style=\"font-weight: 400;\">Om du inte har spelat Fat Rabbit \u00e4r det sv\u00e5rt att f\u00f6rst\u00e5 vad det \u00e4r vi talar om, n\u00e4r vi s\u00e4ger att hela historien och temat osar underh\u00e5llning och \u00e4ven sp\u00e4nning med m\u00e5nga vinster ofta. Har du dock en g\u00e5ng provat spelet vet du hur sv\u00e5rt det \u00e4r att slita sig fr\u00e5n det. Du vill liksom bara snurra en g\u00e5ng till. Ja, det \u00e4r precis det som skapar ett bra slotspel, vilket \u00e4r fallet med Fat Rabbit fr\u00e5n Push Gaming.<\/span><\/p>\n<p><span style=\"font-weight: 400;\">H\u00e4r har det skapats ett tema och en historia som alla kan k\u00e4nna igen. N\u00e5got som \u00e4r l\u00e4tt att identifiera sig med. Sist men inte minst n\u00e5got du verkligen kan skratta och ha roligt n\u00e4r du spelar. Detta \u00e4r n\u00e5got som vi alla s\u00f6ker ibland. Och d\u00e5 \u00e4r det enkelt att s\u00f6ka efter Fat Rabbit p\u00e5 ditt favorit casino, och v\u00e4lja insatsen f\u00f6r att sedan njuta av den sk\u00f6na underh\u00e5llning detta slotspel ger alla spelare.<\/span><\/p>\n\t\t\t\t\t\t\t\t\t<\/div>\n\t\t\t\t\t\t\t\t\t\t\t\t\t\t\t\t\t\t\t\t\t\t\t<\/div>\n\t\t\t\t\t\t\n\t\t\t\t\t\t\n\t\t\t\t\t\t\n\t\t\t\t\t<\/div>\n\n\t\t\t\t\n\t\t\t<\/div>\n\t\t\t\t\t<\/div>\n<\/section>\n\n\n<section id=\"content-block_5ed6195eb9707\"\n\t\t class=\"content-section  \">\n\t<div class=\"content-section__block\">\n\t\t\t\t\n\t\t\n\t\t\n\t\t\t<div class=\"content-block \">\n\n\t\t\t\t\t\t\t\t\t<div\n\t\t\t\t\t\tclass=\"content-block__text  content-no-title\">\n\t\t\t\t\t\t\t\t\t\t\t\t\t<div class=\"content-block__text \">\n\t\t\t\t\t\t\t\t\t\t\t\t\t\t\t\t\t<div\n\t\t\t\t\t\t\t\t\t\tclass=\"content-block__content \"\n\t\t\t\t\t\t\t\t\t\t\t\t\t\t\t\t\t\t\t>\n\t\t\t\t\t\t\t\t\t\t<h2><a href=\"https:\/\/great.com\/sv-se\/slots\/\"><span style=\"color: #000000;\">Tillbaka till Slots<\/span><\/a><\/h2>\n\t\t\t\t\t\t\t\t\t<\/div>\n\t\t\t\t\t\t\t\t\t\t\t\t\t\t\t\t\t\t\t\t\t\t\t<\/div>\n\t\t\t\t\t\t\n\t\t\t\t\t\t\n\t\t\t\t\t\t\n\t\t\t\t\t<\/div>\n\n\t\t\t\t\n\t\t\t<\/div>\n\t\t\t\t\t<\/div>\n<\/section>\n","protected":false},"excerpt":{"rendered":"","protected":false},"author":3,"featured_media":0,"parent":0,"menu_order":38,"comment_status":"closed","ping_status":"closed","template":"","meta":{"_acf_changed":false,"footnotes":""},"class_list":["post-703","page","type-page","status-publish","hentry"],"acf":[],"yoast_head":"<!-- This site is optimized with the Yoast SEO plugin v27.5 - https:\/\/yoast.com\/product\/yoast-seo-wordpress\/ -->\n<title>Fat Rabbit \u2013 blir man verkligen fet av att k\u00e4ka mor\u00f6tter?<\/title>\n<meta name=\"description\" content=\"H\u00e4ng med till lantlivsidyllen i Fat Rabbit slot, d\u00e4r sk\u00f6rdetr\u00f6skan pl\u00f6jer fram nya wilds ur jorden!\" \/>\n<meta name=\"robots\" content=\"index, follow, max-snippet:-1, max-image-preview:large, max-video-preview:-1\" \/>\n<link rel=\"canonical\" href=\"https:\/\/great.com\/sv-se\/slot-fat-rabbit\/\" \/>\n<meta property=\"og:locale\" content=\"sv_SE\" \/>\n<meta property=\"og:type\" content=\"article\" \/>\n<meta property=\"og:title\" content=\"Fat Rabbit \u2013 blir man verkligen fet av att k\u00e4ka mor\u00f6tter?\" \/>\n<meta property=\"og:description\" content=\"H\u00e4ng med till lantlivsidyllen i Fat Rabbit slot, d\u00e4r sk\u00f6rdetr\u00f6skan pl\u00f6jer fram nya wilds ur jorden!\" \/>\n<meta property=\"og:url\" content=\"https:\/\/great.com\/sv-se\/slot-fat-rabbit\/\" \/>\n<meta property=\"og:site_name\" content=\"Great.com SE\/SV\" \/>\n<meta property=\"article:modified_time\" content=\"2021-04-25T21:52:52+00:00\" \/>\n<meta name=\"twitter:card\" content=\"summary_large_image\" \/>\n<script type=\"application\/ld+json\" class=\"yoast-schema-graph\">{\"@context\":\"https:\\\/\\\/schema.org\",\"@graph\":[{\"@type\":\"WebPage\",\"@id\":\"https:\\\/\\\/great.com\\\/sv-se\\\/slot-fat-rabbit\\\/\",\"url\":\"https:\\\/\\\/great.com\\\/sv-se\\\/slot-fat-rabbit\\\/\",\"name\":\"Fat Rabbit \u2013 blir man verkligen fet av att k\u00e4ka mor\u00f6tter?\",\"isPartOf\":{\"@id\":\"https:\\\/\\\/great.com\\\/sv-se\\\/#website\"},\"datePublished\":\"2020-07-02T09:23:56+00:00\",\"dateModified\":\"2021-04-25T21:52:52+00:00\",\"description\":\"H\u00e4ng med till lantlivsidyllen i Fat Rabbit slot, d\u00e4r sk\u00f6rdetr\u00f6skan pl\u00f6jer fram nya wilds ur jorden!\",\"breadcrumb\":{\"@id\":\"https:\\\/\\\/great.com\\\/sv-se\\\/slot-fat-rabbit\\\/#breadcrumb\"},\"inLanguage\":\"sv-SE\",\"potentialAction\":[{\"@type\":\"ReadAction\",\"target\":[\"https:\\\/\\\/great.com\\\/sv-se\\\/slot-fat-rabbit\\\/\"]}]},{\"@type\":\"BreadcrumbList\",\"@id\":\"https:\\\/\\\/great.com\\\/sv-se\\\/slot-fat-rabbit\\\/#breadcrumb\",\"itemListElement\":[{\"@type\":\"ListItem\",\"position\":1,\"name\":\"Home\",\"item\":\"https:\\\/\\\/great.com\\\/sv-se\\\/\"},{\"@type\":\"ListItem\",\"position\":2,\"name\":\"Slot Fat Rabbit\"}]},{\"@type\":\"WebSite\",\"@id\":\"https:\\\/\\\/great.com\\\/sv-se\\\/#website\",\"url\":\"https:\\\/\\\/great.com\\\/sv-se\\\/\",\"name\":\"Great.com SE\\\/SV\",\"description\":\"The Casino Philanthropy Project\",\"potentialAction\":[{\"@type\":\"SearchAction\",\"target\":{\"@type\":\"EntryPoint\",\"urlTemplate\":\"https:\\\/\\\/great.com\\\/sv-se\\\/?s={search_term_string}\"},\"query-input\":{\"@type\":\"PropertyValueSpecification\",\"valueRequired\":true,\"valueName\":\"search_term_string\"}}],\"inLanguage\":\"sv-SE\"}]}<\/script>\n<!-- \/ Yoast SEO plugin. -->","yoast_head_json":{"title":"Fat Rabbit \u2013 blir man verkligen fet av att k\u00e4ka mor\u00f6tter?","description":"H\u00e4ng med till lantlivsidyllen i Fat Rabbit slot, d\u00e4r sk\u00f6rdetr\u00f6skan pl\u00f6jer fram nya wilds ur jorden!","robots":{"index":"index","follow":"follow","max-snippet":"max-snippet:-1","max-image-preview":"max-image-preview:large","max-video-preview":"max-video-preview:-1"},"canonical":"https:\/\/great.com\/sv-se\/slot-fat-rabbit\/","og_locale":"sv_SE","og_type":"article","og_title":"Fat Rabbit \u2013 blir man verkligen fet av att k\u00e4ka mor\u00f6tter?","og_description":"H\u00e4ng med till lantlivsidyllen i Fat Rabbit slot, d\u00e4r sk\u00f6rdetr\u00f6skan pl\u00f6jer fram nya wilds ur jorden!","og_url":"https:\/\/great.com\/sv-se\/slot-fat-rabbit\/","og_site_name":"Great.com SE\/SV","article_modified_time":"2021-04-25T21:52:52+00:00","twitter_card":"summary_large_image","schema":{"@context":"https:\/\/schema.org","@graph":[{"@type":"WebPage","@id":"https:\/\/great.com\/sv-se\/slot-fat-rabbit\/","url":"https:\/\/great.com\/sv-se\/slot-fat-rabbit\/","name":"Fat Rabbit \u2013 blir man verkligen fet av att k\u00e4ka mor\u00f6tter?","isPartOf":{"@id":"https:\/\/great.com\/sv-se\/#website"},"datePublished":"2020-07-02T09:23:56+00:00","dateModified":"2021-04-25T21:52:52+00:00","description":"H\u00e4ng med till lantlivsidyllen i Fat Rabbit slot, d\u00e4r sk\u00f6rdetr\u00f6skan pl\u00f6jer fram nya wilds ur jorden!","breadcrumb":{"@id":"https:\/\/great.com\/sv-se\/slot-fat-rabbit\/#breadcrumb"},"inLanguage":"sv-SE","potentialAction":[{"@type":"ReadAction","target":["https:\/\/great.com\/sv-se\/slot-fat-rabbit\/"]}]},{"@type":"BreadcrumbList","@id":"https:\/\/great.com\/sv-se\/slot-fat-rabbit\/#breadcrumb","itemListElement":[{"@type":"ListItem","position":1,"name":"Home","item":"https:\/\/great.com\/sv-se\/"},{"@type":"ListItem","position":2,"name":"Slot Fat Rabbit"}]},{"@type":"WebSite","@id":"https:\/\/great.com\/sv-se\/#website","url":"https:\/\/great.com\/sv-se\/","name":"Great.com SE\/SV","description":"The Casino Philanthropy Project","potentialAction":[{"@type":"SearchAction","target":{"@type":"EntryPoint","urlTemplate":"https:\/\/great.com\/sv-se\/?s={search_term_string}"},"query-input":{"@type":"PropertyValueSpecification","valueRequired":true,"valueName":"search_term_string"}}],"inLanguage":"sv-SE"}]}},"_links":{"self":[{"href":"https:\/\/great.com\/sv-se\/wp-json\/wp\/v2\/pages\/703","targetHints":{"allow":["GET"]}}],"collection":[{"href":"https:\/\/great.com\/sv-se\/wp-json\/wp\/v2\/pages"}],"about":[{"href":"https:\/\/great.com\/sv-se\/wp-json\/wp\/v2\/types\/page"}],"author":[{"embeddable":true,"href":"https:\/\/great.com\/sv-se\/wp-json\/wp\/v2\/users\/3"}],"replies":[{"embeddable":true,"href":"https:\/\/great.com\/sv-se\/wp-json\/wp\/v2\/comments?post=703"}],"version-history":[{"count":0,"href":"https:\/\/great.com\/sv-se\/wp-json\/wp\/v2\/pages\/703\/revisions"}],"wp:attachment":[{"href":"https:\/\/great.com\/sv-se\/wp-json\/wp\/v2\/media?parent=703"}],"curies":[{"name":"wp","href":"https:\/\/api.w.org\/{rel}","templated":true}]}}