{"id":714,"date":"2020-07-02T09:44:43","date_gmt":"2020-07-02T09:44:43","guid":{"rendered":"https:\/\/great.com\/sv-se\/?page_id=714"},"modified":"2023-11-22T10:12:50","modified_gmt":"2023-11-22T10:12:50","slug":"slot-mega-fortune-dreams","status":"publish","type":"page","link":"https:\/\/great.com\/sv-se\/slot-mega-fortune-dreams\/","title":{"rendered":"Slot Mega Fortune Dreams"},"content":{"rendered":"    <section id=\"casino-block_fa9091f26780cdd7bc256a0da013b1f8\" class=\"hero-section hero-section_casino\">\r\n        <div class=\"hero-section__block\">\r\n                                                            <div class=\"hero-right\">\r\n                        <div\r\n                                class=\"hero-right__image\"\r\n                                style=\"min-height: 200px\"\r\n                        >\r\n                            <img decoding=\"async\" src=\"https:\/\/great.com\/sv-se\/wp-content\/uploads\/sites\/3\/2020\/07\/Screenshot-2020-07-02-at-11-6-462x261.jpg\"\r\n                                 alt=\"Slot Mega Fortune Dreams\"\r\n                                 class=\"skip-lazy\"\r\n                            \/>\r\n                        <\/div>\r\n                    <\/div>\r\n                                                        <div class=\"hero-left\">\r\n                    <h1>Slot Mega Fortune Dreams<\/h1>\r\n\r\n                                        <div\r\n                            class=\"hero-left__content more-content\"\r\n                                                    style=\"font-family: Arial, sans-serif; overflow: hidden; max-height: 120px;\"\r\n                                            >\r\n                        <h1><span style=\"font-weight: 400;\">RTP 95,9 %<\/span><\/h1>\n<p><span style=\"font-weight: 400;\">Ja, t\u00e4nk om livet \u00e4nd\u00e5 kunde best\u00e5 av enbart glitter, glamour och lyxiga produkter. Fantastiska \u00e4delstenar och obegr\u00e4nsat med slantar till allt roligt du vill g\u00f6ra. Det finns faktiskt n\u00e5gra slotspel d\u00e4r du kan uppleva den k\u00e4nslan. Detta samtidigt som du ocks\u00e5 har chansen, \u00e4ven om liten, att vinna mycket pengar. Vissa ger dig chansen att vinna s\u00e5 mycket s\u00e5 att livet i det lyxiga spelet verkligen kan bli verkligt, ta fast form och \u00f6sa slantar \u00f6ver dig. S\u00e5 \u00e4r det med Mega Fortune Dreams, som erbjuder en chans att vinna den progressiva jackpotten.<\/span><\/p>\n<p><span style=\"font-weight: 400;\">Egentligen \u00e4r Mega Fortune Dreams inte alls n\u00e5got nytt. F\u00f6r det f\u00f6rsta har spelet funnits i n\u00e5gra \u00e5r. Detta samtidigt som det ocks\u00e5 bygger p\u00e5 Mega Fortune. B\u00e5da dessa slotspel har lanserats av svenska NetEnt och har uppn\u00e5tt en enorm succ\u00e9. Mega Fortune Dreams \u00e4r allts\u00e5 en nyare version av Mega Fortune. Spelet lanserades i juli 2014. I detta spel kommer du \u00e4ven att finna NetEnt\u00b4s patenterade Touch-teknik, vilket g\u00f6r det perfekta att spela och \u00f6kar spelupplevelsen i mobiler och surfplattor.<\/span><\/p>\n<p><span style=\"font-weight: 400;\">Trots att det egentligen inte finns n\u00e5gon historia eller ett riktigt tema r\u00f6rande Mega Fortune Dreams och dess f\u00f6reg\u00e5ngare har de uppn\u00e5tt en enorm popularitet. Givetvis ligger mycket i att de erbjuder en progressiv jackpott och att alla vet att den kan bli mycket stor. F\u00f6rutom progressiv jackpott finns wilds och scatters, ett bonusspel med free spins. Detta samt en glittrande spelmilj\u00f6 lockar massor av spelare. Med det sagt kommer det finnas m\u00e5nga som jagar den progressiva jackpotten varje dag p\u00e5 Mega Fortune Dreams.<\/span><\/p>\n                    <\/div>\r\n\r\n                                            <button class=\"read-button placeholder\" data-readmore-toggle>Read More<\/button>\r\n                    \r\n                                    <\/div>\r\n                                                            <\/div>\r\n    <\/section>\r\n    \n\n\n\n\n<section id=\"content-block_85ae8fa7f258277b703cc7fd5b4d7e9a\"\n\t\t class=\"content-section  \">\n\t<div class=\"content-section__block\">\n\t\t\t\t\n\t\t\n\t\t\n\t\t\t<div class=\"content-block \">\n\n\t\t\t\t\t\t\t\t\t<div\n\t\t\t\t\t\tclass=\"content-block__text  content-no-title\">\n\t\t\t\t\t\t\t\t\t\t\t\t\t<div class=\"content-block__text \">\n\t\t\t\t\t\t\t\t\t\t\t\t\t\t\t\t\t<div\n\t\t\t\t\t\t\t\t\t\tclass=\"content-block__content \"\n\t\t\t\t\t\t\t\t\t\t\t\t\t\t\t\t\t\t\t>\n\t\t\t\t\t\t\t\t\t\t<h2><span style=\"font-weight: 400;\">S\u00e5 spelar du Mega Fortune Dreams slot<\/span><\/h2>\n<p><span style=\"font-weight: 400;\">N\u00e4r du spelar Mega Fortune Dreams g\u00e4ller det verkligen att ha koll p\u00e5 hur det g\u00e5r till att spela och vilka regler som g\u00e4ller. Det f\u00f6rsta du ser \u00e4r att slots spelet har 5 hjul och 3 rader. P\u00e5 spelplanen finns det 10 insats och vinstlinjer. Detta \u00e4r egentligen inget att t\u00e4nka p\u00e5, d\u00e5 du automatiskt satsar p\u00e5 alla dessa. Tur \u00e4r v\u00e4l det, d\u00e5 du annars skulle riskera att missa en eventuell vinst av den progressiva jackpotten.<\/span><\/p>\n<p><span style=\"font-weight: 400;\">Att du sedan inte bara har chansen att vinna en progressiv jackpott i spelet, utan \u00e4ven \u00f6ver 1\u00a0500\u00a0000 mynt i storvinst bidrar ytterligare till den perfekta spelupplevelsen. H\u00e4r kan du som l\u00e4gst satsa 2 kronor per spel. Sedan kan du v\u00e4lja att satsa upp till fyra mynt per linje, vilket ger 8 kronor vid l\u00e4gsta myntv\u00e4rde. Vid h\u00f6gsta myntv\u00e4rde blir den totala insatsen 800 kronor, vilket ocks\u00e5 \u00e4r det som kan ge dig den st\u00f6rsta vinsten r\u00f6rande progressiv jackpott.<\/span><\/p>\n<p><span style=\"font-weight: 400;\">Ut\u00f6ver myntv\u00e4rde, dina val g\u00e4llande detta samt en knapp f\u00f6r att snurra p\u00e5 hjulen finns det lite mera som ska vara med i ett bra slotspel. Som vanligt finns det en autoplay funktion som du kan st\u00e4lla mellan 10 upp till 1\u00a0000 snurr med avancerade funktioner som att stoppa vid en viss f\u00f6rlust eller vinst. Vid sidan om denna funktion finns \u00e4ven spelinstruktioner och en vinst tavla. Sist men inte minst finns det ocks\u00e5 m\u00f6jligheten att stoppa de snurrande hjulen n\u00e4r du vill.<\/span><\/p>\n<h2><span style=\"font-weight: 400;\">Bonusspel, symboler och unika funktioner<\/span><\/h2>\n<p><span style=\"font-weight: 400;\">I Mega Fortune Dreams v\u00e4ljer vi att b\u00f6rja med ikonerna f\u00f6rst. Det \u00e4r glitter och glamour i form av vackra drinkar, dyra diamanter och ringar samt champagne p\u00e5 is som g\u00e4ller. De l\u00e4gst betalande ikonerna i spelet \u00e4r kortlekens h\u00f6ga symboler fr\u00e5n 10 till ess. Givetvis betalar ess mest av dessa och du m\u00e5ste ha minst tre i rad f\u00f6r att vinna.<\/span><\/p>\n<p><span style=\"font-weight: 400;\">N\u00e4r vi g\u00e5r \u00f6ver till de h\u00f6gre betalande symbolerna i Mega Fortune Dreams \u00e4r detta drink, champagne, dyra v\u00e4ska, kvalitetsklocka och diamantring. Ocks\u00e5 h\u00e4r \u00e4r det diamantringen som ger dig mest. Fem i en vinnande rad kan ge 2000 g\u00e5nger insatsen. \u00c4ven bland dessa symboler g\u00e4ller det att ha minst tre i rad. Det finns en wild i Mega Fortune Dreams som ers\u00e4tter alla symboler f\u00f6rutom scatter. Detta \u00e4r svajande palmer. Sedan har du en scatter vilken avbildas som en stor diamant som ger dig bonusspel i form av 10-20 free spins. Sist men inte minst har du bonussymboler som startar de tre vinst hjulen som kan ta dig till vinsten av en progressiv jackpott.<\/span><\/p>\n<h3><span style=\"font-weight: 400;\">Bonusspel i Mega Fortune Dreams slot<\/span><\/h3>\n<p><span style=\"font-weight: 400;\">I Mega Fortune Dreams Touch finns det tv\u00e5 olika bonusspel och en storvinst. Ja, helt enkelt finns det ett v\u00e4rde att spela enbart f\u00f6r detta. Det f\u00f6rsta bonusspelet aktiveras av att du f\u00e5r minst tre scatter p\u00e5 sk\u00e4rmen. Tre scatter ger 10 free spins, fyra ger 15 och fem scatter ger hela 20 free spins.<\/span><\/p>\n<p><span style=\"font-weight: 400;\">Det andra och det stora bonusspelet i Mega Fortune Dreams \u00e4r de tre hjulen. H\u00e4r ska du ta dig till det minsta hjulet och ta dig hela v\u00e4gen till mitten f\u00f6r att vinna den progressiva jackpotten. N\u00e5got som kan ge dig ekonomiskt oberoende resten av livet. \u00c4ven om du inte tar dig hela v\u00e4gen finns det fina priser att vinna.<\/span><\/p>\n<h3><span style=\"font-weight: 400;\">Unika funktioner i slotspelet<\/span><\/h3>\n<p><span style=\"font-weight: 400;\">I och med att det inte finns n\u00e5gon historia eller ett sp\u00e4nnande tema i detta slotspel, m\u00e5ste det finnas n\u00e5got annat. Ja de lever p\u00e5 att den progressiva jackpotten finns. H\u00e4r har detta sedan skapats tillsammans med tre bonushjul. Inte nog med det finns ocks\u00e5 tre olika progressiva jackpottar. Detta \u00e4r Rapid, Major och Mega. H\u00e4r beh\u00f6ver vi inte s\u00e4ga vilken som du jagar efter.<\/span><\/p>\n<h2><span style=\"font-weight: 400;\">Mekanik i Mega Fortune Dreams slot<\/span><\/h2>\n<p><span style=\"font-weight: 400;\">F\u00f6r att verkligen f\u00f6rst\u00e5 vad som g\u00e4ller, vilka regler som finns och vilka f\u00f6ruts\u00e4ttningar du har som spelare. Ja, d\u00e5 m\u00e5ste du k\u00e4nna till allt det som ett slotspel eller andra casinospel bygger p\u00e5. Det handlar om lika delar mekanik som insatser och sedan lite om hur mycket du kan vinna vid spel p\u00e5 Mega Fortune Dreams.<\/span><\/p>\n<ul>\n<li style=\"font-weight: 400;\"><span style=\"font-weight: 400;\">Namn: Mega Fortune Dreams<\/span><\/li>\n<li style=\"font-weight: 400;\"><span style=\"font-weight: 400;\">Speltillverkare: NetEnt<\/span><\/li>\n<li style=\"font-weight: 400;\"><span style=\"font-weight: 400;\">Utkom: Juli 2014<\/span><\/li>\n<li style=\"font-weight: 400;\"><span style=\"font-weight: 400;\"><a href=\"https:\/\/great.com\/sv-se\/rtp\/\">RTP<\/a>: 95,9 %<\/span><\/li>\n<li style=\"font-weight: 400;\"><span style=\"font-weight: 400;\">Antal hjul: 5<\/span><\/li>\n<li style=\"font-weight: 400;\"><span style=\"font-weight: 400;\">Antal rader: 3<\/span><\/li>\n<li style=\"font-weight: 400;\"><span style=\"font-weight: 400;\">Vinstlinjer: 10<\/span><\/li>\n<li style=\"font-weight: 400;\"><span style=\"font-weight: 400;\">L\u00e4gsta insats: 2 krona<\/span><\/li>\n<li style=\"font-weight: 400;\"><span style=\"font-weight: 400;\">H\u00f6gsta insats: 800 kronor<\/span><\/li>\n<li style=\"font-weight: 400;\"><span style=\"font-weight: 400;\">Jackpott: Progressiv<\/span><\/li>\n<li style=\"font-weight: 400;\"><span style=\"font-weight: 400;\">Storvinst:\u00a0 1\u00a0680\u00a0000 mynt<\/span><\/li>\n<li style=\"font-weight: 400;\"><span style=\"font-weight: 400;\"><a href=\"https:\/\/great.com\/sv-se\/free-spins\/\">Free spins<\/a>: Ja<\/span><\/li>\n<\/ul>\n<h2><span style=\"font-weight: 400;\">Tema &#8211; Grafik och ljud<\/span><\/h2>\n<p><span style=\"font-weight: 400;\">Det tema som finns i Mega Fortune Dreams slot \u00e4r n\u00e4stan obefintligt om du letar efter en sp\u00e4nnande eller rolig historia som spelet bygger p\u00e5. Vad det handlar om h\u00e4r \u00e4r att leva livet som rik kn\u00f6s och l\u00e5ta kulorna spruta p\u00e5 slot hjulen. Helt enkelt ett liv i sus och dus.<\/span><\/p>\n<p><span style=\"font-weight: 400;\">Det som ser till att den k\u00e4nslan blir verklighet \u00e4r den kristallklara grafiken och den pulserande loungemusiken. Allt sm\u00e4lter samman och bildar ett totalkoncept. Tillsammans med den progressiva jackpotten detta spel kan ge har det gjort braksucc\u00e9 \u00f6ver hela jordklotet. N\u00e5got som NetEnt kan vara stolta \u00f6ver och sl\u00e5 sig p\u00e5 br\u00f6stet f\u00f6r.<\/span><\/p>\n<h2><span style=\"font-weight: 400;\">Mega Fortune Dreams i mobilen<\/span><\/h2>\n<p><span style=\"font-weight: 400;\">Slotspelets hela namn \u00e4r Mega Fortune Dreams Touch, vilket direkt talar om att det f\u00e5tt ta del av NetEnt\u00b4s popul\u00e4ra, funktionella och patenterade touch-teknologi. I och med det kommer du direkt veta att detta slotspel g\u00e5r att <a href=\"https:\/\/great.com\/sv-se\/mobil-casino\/\">spela i alla smartphones<\/a> och surfplattor. Detta oberoende om du spelar i en iPhone, Samsung Tablet eller en het Blackberry mobil. Det spelar heller ingen roll om du loggar in i webbl\u00e4saren eller om du spela via en mobilapplikation i ditt <a href=\"https:\/\/great.com\/sv-se\/online-casino\/\">online casino<\/a>. Allt f\u00e5r samma kompletta underh\u00e5llning och samma klara spelomr\u00e5de.<\/span><\/p>\n<p><span style=\"font-weight: 400;\">Som lite extra information vid sidan om detta slotspel, kommer speltillverkaren NetEnt alltid att lansera slotspel som fungerar perfekt i mobiler och surfplattor.<\/span><\/p>\n<h2><span style=\"font-weight: 400;\">Spelupplevelse och underh\u00e5llningsv\u00e4rde<\/span><\/h2>\n<p><span style=\"font-weight: 400;\">Trots att det inte finns n\u00e5gon saga om den rika kn\u00f6sar som f\u00f6rlorade allt, satsade allt p\u00e5 ett br\u00e4de och blev stormrik igen s\u00e5 \u00e4r det n\u00e5got visst med Mega Fortune Dreams. F\u00f6rmodligen \u00e4r detta kombinationen av allt. H\u00e4r mixar man trendig och tydlig grafik med ett sk\u00f6nt pulserande sound. Till detta har det lagts ljuseffekter och en rad funktioner som bidrar till spelupplevelsen och underh\u00e5llningsv\u00e4rdet.<\/span><\/p>\n<p><span style=\"font-weight: 400;\">Att Mega Fortune Dreams sedan har en touch-funktion samt att det ger chansen att vinna tre olika stora progressiva jackpottar g\u00f6r sitt till. H\u00e4r handlar det om ett spel d\u00e4r du vill vinna den stora vinsten. Kanske \u00e4r det de verkliga sagorna runt detta om alla som faktiskt redan har vunnit som skapar en stor del av spelupplevelsen. Du f\u00e5r helt enkelt prova sj\u00e4lv f\u00f6r att finna svaret p\u00e5 den fr\u00e5gan.<\/span><\/p>\n<h2><span style=\"font-weight: 400;\">V\u00e5rt omd\u00f6me \u2013 Mega Fortune Dreams slot<\/span><\/h2>\n<p><span style=\"font-weight: 400;\">Det vi tror \u00e4r den stora anledningen till att Mega Fortune och m\u00e5nga andra slots spel med progressiv jackpott har blivit s\u00e5 popul\u00e4ra \u00e4r chansen till den stora vinsten. Givetvis \u00e4r det mycket lockande att se en progressiv jackpott v\u00e4xa under tiden du spelar. Som du vet \u00e4r det ett n\u00e4tverk av spelmaskiner d\u00e4r alla spelare har chansen att vinna. Vinsten har lika stor chans att falla p\u00e5 dig.<\/span><\/p>\n<p><span style=\"font-weight: 400;\">I fallet Mega Fortune Dreams kommer det sedan att vara de unika funktionerna med tre jackpottar som g\u00f6r det samt en chans till storvinst i ett och samma spel. Sj\u00e4lva bonusspelet \u00e4r ocks\u00e5 mycket v\u00e4l utformat och skapar en succ\u00e9 hos alla spelare. Som sagt \u00e4r det kombinationen av allt som g\u00f6r det. Sedan \u00e4r det f\u00f6rst\u00e5s aldrig n\u00e5gon som p\u00e5 allvar tackar nej till chansen att vinna flera miljoner kronor p\u00e5 ett enda snurr.<\/span><\/p>\n\t\t\t\t\t\t\t\t\t<\/div>\n\t\t\t\t\t\t\t\t\t\t\t\t\t\t\t\t\t\t\t\t\t\t\t<\/div>\n\t\t\t\t\t\t\n\t\t\t\t\t\t\n\t\t\t\t\t\t\n\t\t\t\t\t<\/div>\n\n\t\t\t\t\n\t\t\t<\/div>\n\t\t\t\t\t<\/div>\n<\/section>\n\n\n<section id=\"content-block_121699b81d2fa5d0d0890ddd2f37e89b\"\n\t\t class=\"content-section  \">\n\t<div class=\"content-section__block\">\n\t\t\t\t\n\t\t\n\t\t\n\t\t\t<div class=\"content-block \">\n\n\t\t\t\t\t\t\t\t\t<div\n\t\t\t\t\t\tclass=\"content-block__text  content-no-title\">\n\t\t\t\t\t\t\t\t\t\t\t\t\t<div class=\"content-block__text \">\n\t\t\t\t\t\t\t\t\t\t\t\t\t\t\t\t\t<div\n\t\t\t\t\t\t\t\t\t\tclass=\"content-block__content \"\n\t\t\t\t\t\t\t\t\t\t\t\t\t\t\t\t\t\t\t>\n\t\t\t\t\t\t\t\t\t\t<h2><a href=\"https:\/\/great.com\/sv-se\/slots\/\"><span style=\"color: #000000;\">Tillbaka till Slots<\/span><\/a><\/h2>\n\t\t\t\t\t\t\t\t\t<\/div>\n\t\t\t\t\t\t\t\t\t\t\t\t\t\t\t\t\t\t\t\t\t\t\t<\/div>\n\t\t\t\t\t\t\n\t\t\t\t\t\t\n\t\t\t\t\t\t\n\t\t\t\t\t<\/div>\n\n\t\t\t\t\n\t\t\t<\/div>\n\t\t\t\t\t<\/div>\n<\/section>\n","protected":false},"excerpt":{"rendered":"","protected":false},"author":3,"featured_media":0,"parent":0,"menu_order":45,"comment_status":"closed","ping_status":"closed","template":"","meta":{"_acf_changed":false,"footnotes":""},"class_list":["post-714","page","type-page","status-publish","hentry"],"acf":[],"yoast_head":"<!-- This site is optimized with the Yoast SEO plugin v27.3 - https:\/\/yoast.com\/product\/yoast-seo-wordpress\/ -->\n<title>Mega Fortune Dreams \u00e4r ett av NetEnts st\u00f6rsta jackpottspel<\/title>\n<meta name=\"description\" content=\"I Mega Fortune Dreams kan du vinna progressiva jackpottar v\u00e4rda m\u00e5ngmiljonbelopp. Kom ih\u00e5g att chansen med st\u00f6rsta sannolikhet stannar vid en dr\u00f6m ...\" \/>\n<meta name=\"robots\" content=\"index, follow, max-snippet:-1, max-image-preview:large, max-video-preview:-1\" \/>\n<link rel=\"canonical\" href=\"https:\/\/great.com\/sv-se\/slot-mega-fortune-dreams\/\" \/>\n<meta property=\"og:locale\" content=\"sv_SE\" \/>\n<meta property=\"og:type\" content=\"article\" \/>\n<meta property=\"og:title\" content=\"Mega Fortune Dreams \u00e4r ett av NetEnts st\u00f6rsta jackpottspel\" \/>\n<meta property=\"og:description\" content=\"I Mega Fortune Dreams kan du vinna progressiva jackpottar v\u00e4rda m\u00e5ngmiljonbelopp. Kom ih\u00e5g att chansen med st\u00f6rsta sannolikhet stannar vid en dr\u00f6m ...\" \/>\n<meta property=\"og:url\" content=\"https:\/\/great.com\/sv-se\/slot-mega-fortune-dreams\/\" \/>\n<meta property=\"og:site_name\" content=\"Great.com SE\/SV\" \/>\n<meta property=\"article:modified_time\" content=\"2023-11-22T10:12:50+00:00\" \/>\n<meta name=\"twitter:card\" content=\"summary_large_image\" \/>\n<script type=\"application\/ld+json\" class=\"yoast-schema-graph\">{\"@context\":\"https:\\\/\\\/schema.org\",\"@graph\":[{\"@type\":\"WebPage\",\"@id\":\"https:\\\/\\\/great.com\\\/sv-se\\\/slot-mega-fortune-dreams\\\/\",\"url\":\"https:\\\/\\\/great.com\\\/sv-se\\\/slot-mega-fortune-dreams\\\/\",\"name\":\"Mega Fortune Dreams \u00e4r ett av NetEnts st\u00f6rsta jackpottspel\",\"isPartOf\":{\"@id\":\"https:\\\/\\\/great.com\\\/sv-se\\\/#website\"},\"datePublished\":\"2020-07-02T09:44:43+00:00\",\"dateModified\":\"2023-11-22T10:12:50+00:00\",\"description\":\"I Mega Fortune Dreams kan du vinna progressiva jackpottar v\u00e4rda m\u00e5ngmiljonbelopp. Kom ih\u00e5g att chansen med st\u00f6rsta sannolikhet stannar vid en dr\u00f6m ...\",\"breadcrumb\":{\"@id\":\"https:\\\/\\\/great.com\\\/sv-se\\\/slot-mega-fortune-dreams\\\/#breadcrumb\"},\"inLanguage\":\"sv-SE\",\"potentialAction\":[{\"@type\":\"ReadAction\",\"target\":[\"https:\\\/\\\/great.com\\\/sv-se\\\/slot-mega-fortune-dreams\\\/\"]}]},{\"@type\":\"BreadcrumbList\",\"@id\":\"https:\\\/\\\/great.com\\\/sv-se\\\/slot-mega-fortune-dreams\\\/#breadcrumb\",\"itemListElement\":[{\"@type\":\"ListItem\",\"position\":1,\"name\":\"Home\",\"item\":\"https:\\\/\\\/great.com\\\/sv-se\\\/\"},{\"@type\":\"ListItem\",\"position\":2,\"name\":\"Slot Mega Fortune Dreams\"}]},{\"@type\":\"WebSite\",\"@id\":\"https:\\\/\\\/great.com\\\/sv-se\\\/#website\",\"url\":\"https:\\\/\\\/great.com\\\/sv-se\\\/\",\"name\":\"Great.com SE\\\/SV\",\"description\":\"The Casino Philanthropy Project\",\"potentialAction\":[{\"@type\":\"SearchAction\",\"target\":{\"@type\":\"EntryPoint\",\"urlTemplate\":\"https:\\\/\\\/great.com\\\/sv-se\\\/?s={search_term_string}\"},\"query-input\":{\"@type\":\"PropertyValueSpecification\",\"valueRequired\":true,\"valueName\":\"search_term_string\"}}],\"inLanguage\":\"sv-SE\"}]}<\/script>\n<!-- \/ Yoast SEO plugin. -->","yoast_head_json":{"title":"Mega Fortune Dreams \u00e4r ett av NetEnts st\u00f6rsta jackpottspel","description":"I Mega Fortune Dreams kan du vinna progressiva jackpottar v\u00e4rda m\u00e5ngmiljonbelopp. Kom ih\u00e5g att chansen med st\u00f6rsta sannolikhet stannar vid en dr\u00f6m ...","robots":{"index":"index","follow":"follow","max-snippet":"max-snippet:-1","max-image-preview":"max-image-preview:large","max-video-preview":"max-video-preview:-1"},"canonical":"https:\/\/great.com\/sv-se\/slot-mega-fortune-dreams\/","og_locale":"sv_SE","og_type":"article","og_title":"Mega Fortune Dreams \u00e4r ett av NetEnts st\u00f6rsta jackpottspel","og_description":"I Mega Fortune Dreams kan du vinna progressiva jackpottar v\u00e4rda m\u00e5ngmiljonbelopp. Kom ih\u00e5g att chansen med st\u00f6rsta sannolikhet stannar vid en dr\u00f6m ...","og_url":"https:\/\/great.com\/sv-se\/slot-mega-fortune-dreams\/","og_site_name":"Great.com SE\/SV","article_modified_time":"2023-11-22T10:12:50+00:00","twitter_card":"summary_large_image","schema":{"@context":"https:\/\/schema.org","@graph":[{"@type":"WebPage","@id":"https:\/\/great.com\/sv-se\/slot-mega-fortune-dreams\/","url":"https:\/\/great.com\/sv-se\/slot-mega-fortune-dreams\/","name":"Mega Fortune Dreams \u00e4r ett av NetEnts st\u00f6rsta jackpottspel","isPartOf":{"@id":"https:\/\/great.com\/sv-se\/#website"},"datePublished":"2020-07-02T09:44:43+00:00","dateModified":"2023-11-22T10:12:50+00:00","description":"I Mega Fortune Dreams kan du vinna progressiva jackpottar v\u00e4rda m\u00e5ngmiljonbelopp. Kom ih\u00e5g att chansen med st\u00f6rsta sannolikhet stannar vid en dr\u00f6m ...","breadcrumb":{"@id":"https:\/\/great.com\/sv-se\/slot-mega-fortune-dreams\/#breadcrumb"},"inLanguage":"sv-SE","potentialAction":[{"@type":"ReadAction","target":["https:\/\/great.com\/sv-se\/slot-mega-fortune-dreams\/"]}]},{"@type":"BreadcrumbList","@id":"https:\/\/great.com\/sv-se\/slot-mega-fortune-dreams\/#breadcrumb","itemListElement":[{"@type":"ListItem","position":1,"name":"Home","item":"https:\/\/great.com\/sv-se\/"},{"@type":"ListItem","position":2,"name":"Slot Mega Fortune Dreams"}]},{"@type":"WebSite","@id":"https:\/\/great.com\/sv-se\/#website","url":"https:\/\/great.com\/sv-se\/","name":"Great.com SE\/SV","description":"The Casino Philanthropy Project","potentialAction":[{"@type":"SearchAction","target":{"@type":"EntryPoint","urlTemplate":"https:\/\/great.com\/sv-se\/?s={search_term_string}"},"query-input":{"@type":"PropertyValueSpecification","valueRequired":true,"valueName":"search_term_string"}}],"inLanguage":"sv-SE"}]}},"_links":{"self":[{"href":"https:\/\/great.com\/sv-se\/wp-json\/wp\/v2\/pages\/714","targetHints":{"allow":["GET"]}}],"collection":[{"href":"https:\/\/great.com\/sv-se\/wp-json\/wp\/v2\/pages"}],"about":[{"href":"https:\/\/great.com\/sv-se\/wp-json\/wp\/v2\/types\/page"}],"author":[{"embeddable":true,"href":"https:\/\/great.com\/sv-se\/wp-json\/wp\/v2\/users\/3"}],"replies":[{"embeddable":true,"href":"https:\/\/great.com\/sv-se\/wp-json\/wp\/v2\/comments?post=714"}],"version-history":[{"count":0,"href":"https:\/\/great.com\/sv-se\/wp-json\/wp\/v2\/pages\/714\/revisions"}],"wp:attachment":[{"href":"https:\/\/great.com\/sv-se\/wp-json\/wp\/v2\/media?parent=714"}],"curies":[{"name":"wp","href":"https:\/\/api.w.org\/{rel}","templated":true}]}}