{"id":730,"date":"2020-07-02T11:37:45","date_gmt":"2020-07-02T11:37:45","guid":{"rendered":"https:\/\/great.com\/sv-se\/?page_id=730"},"modified":"2021-04-30T08:24:05","modified_gmt":"2021-04-30T08:24:05","slug":"live-casino-bonus","status":"publish","type":"page","link":"https:\/\/great.com\/sv-se\/live-casino-bonus\/","title":{"rendered":"Live Casino Bonus"},"content":{"rendered":"    <section id=\"casino-block_5ed618d5b96ff\" class=\"hero-section hero-section_casino\">\r\n        <div class=\"hero-section__block\">\r\n                                                            <div class=\"hero-right\">\r\n                        <div\r\n                                class=\"hero-right__image\"\r\n                                style=\"min-height: 200px\"\r\n                        >\r\n                            <img decoding=\"async\" src=\"https:\/\/great.com\/sv-se\/wp-content\/uploads\/sites\/3\/2020\/09\/Live-Casino-462x274.png\"\r\n                                 alt=\"Live Casino\"\r\n                                 class=\"skip-lazy\"\r\n                            \/>\r\n                        <\/div>\r\n                    <\/div>\r\n                                                        <div class=\"hero-left\">\r\n                    <h1>Live Casino Bonus<\/h1>\r\n\r\n                                        <div\r\n                            class=\"hero-left__content more-content\"\r\n                                                    style=\"font-family: Arial, sans-serif; overflow: hidden; max-height: 120px;\"\r\n                                            >\r\n                        <h3><span style=\"font-weight: 400;\">Spela live casino med v\u00e4lkomstbonus<\/span><\/h3>\n<p><span style=\"font-weight: 400;\">N\u00e5got som under alla tider, som online casinon funnits, lockat spelare \u00e4r en casino bonus. Helt klart kommer d\u00e5 en <\/span><b>live casino bonus 2020<\/b><span style=\"font-weight: 400;\"> att sitta fint. H\u00e4r \u00e4r detta n\u00e5got som g\u00f6r det lite roligare att vara spelare. Detta \u00e4r ocks\u00e5 n\u00e5got som g\u00f6r att du k\u00e4nner dig lite mera v\u00e4lkommen och omh\u00e4ndertagen som spelare. N\u00e5got som satte k\u00e4ppar i hjulet f\u00f6r alla spelbolag p\u00e5 den svenska spelmarknaden, var n\u00e4r den nya svenska spel lagen tr\u00e4dde i kraft. H\u00e4r finns det tydliga regler som s\u00e4ger att du inte kan f\u00e5 mera \u00e4n en v\u00e4lkomstbonus vid din f\u00f6rsta ins\u00e4ttning som ny spelare. H\u00e4r trodde man ett tag att detta skulle f\u00f6rst\u00f6ra hela den svenska spelmarknaden.<\/span><\/p>\n<p><span style=\"font-weight: 400;\"><span data-sheets-value=\"{&quot;1&quot;:2,&quot;2&quot;:&quot;Det skedde inte alls.&quot;}\" data-sheets-userformat=\"{&quot;2&quot;:14721,&quot;3&quot;:{&quot;1&quot;:0,&quot;3&quot;:1},&quot;10&quot;:1,&quot;11&quot;:4,&quot;14&quot;:{&quot;1&quot;:3,&quot;3&quot;:1},&quot;15&quot;:&quot;Calibri&quot;,&quot;16&quot;:11}\">Det skedde inte alls.<\/span> Idag finns det fortfarande casino bonusar att f\u00e5 p\u00e5 den svenska spelmarknaden, \u00e4ven om de blivit f\u00e5. <span data-sheets-value=\"{&quot;1&quot;:2,&quot;2&quot;:&quot;H\u00e4r har n\u00e4stan alla live casino bonusar f\u00f6rsvunnit.&quot;}\" data-sheets-userformat=\"{&quot;2&quot;:14721,&quot;3&quot;:{&quot;1&quot;:0,&quot;3&quot;:1},&quot;10&quot;:1,&quot;11&quot;:4,&quot;14&quot;:{&quot;1&quot;:3,&quot;3&quot;:1},&quot;15&quot;:&quot;Calibri&quot;,&quot;16&quot;:11}\">H\u00e4r har n\u00e4stan alla live casino bonusar f\u00f6rsvunnit.<\/span> Dock finns det fortfarande <\/span><b>live casino bonus 2020<\/b><span style=\"font-weight: 400;\">. I huvudsak \u00e4r det tv\u00e5 svenska spelbolag som erbjuder detta. Detta \u00e4r <\/span><b><a href=\"https:\/\/great.com\/sv-se\/online-casino\/leovegas\/\">Leovegas<\/a> live casino bonus<\/b><span style=\"font-weight: 400;\"> samt <a href=\"https:\/\/great.com\/sv-se\/online-casino\/mr-green\/\">Mr Green<\/a> live casino bonus. I denna artikel ska du dock f\u00e5 veta mera. Faktum \u00e4r att du egentligen kan f\u00e5 <\/span><b>live casino bonus 2020<\/b><span style=\"font-weight: 400;\"> p\u00e5 n\u00e4stan alla online casinon.<\/span><\/p>\n                    <\/div>\r\n\r\n                                            <button class=\"read-button placeholder\" data-readmore-toggle>Read More<\/button>\r\n                    \r\n                                    <\/div>\r\n                                                            <\/div>\r\n    <\/section>\r\n    \n\n\n\n\n<section id=\"content-block_5ed61908b9701\"\n\t\t class=\"content-section  \">\n\t<div class=\"content-section__block\">\n\t\t\t\t\n\t\t\n\t\t\n\t\t\t<div class=\"content-block \">\n\n\t\t\t\t\t\t\t\t\t<div\n\t\t\t\t\t\tclass=\"content-block__text  content-no-title\">\n\t\t\t\t\t\t\t\t\t\t\t\t\t<div class=\"content-block__text \">\n\t\t\t\t\t\t\t\t\t\t\t\t\t\t\t\t\t<div\n\t\t\t\t\t\t\t\t\t\tclass=\"content-block__content \"\n\t\t\t\t\t\t\t\t\t\t\t\t\t\t\t\t\t\t\t>\n\t\t\t\t\t\t\t\t\t\t<h3><span style=\"font-weight: 400;\">Vad \u00e4r en live casino bonus<\/span><\/h3>\n<p><span style=\"font-weight: 400;\">En live casino bonus \u00e4r precis samma sak som en vanlig casino bonus. Dock kommer den vanliga casino bonusen att finnas i flera former. H\u00e4r kan detta vara free spins, cashback eller kontanter att spela med. N\u00e4r det g\u00e4ller <\/span><b>live casino bonus 2020<\/b><span style=\"font-weight: 400;\">, kommer detta alltid att vara en bonus som best\u00e5r av kontanter att spela med.\u00a0<\/span><\/p>\n<p><span style=\"font-weight: 400;\">Vad som ocks\u00e5 skiljer en bonus som enbart \u00e4r avsedd f\u00f6r spel p\u00e5 live casino, \u00e4r att denna aldrig kommer utan oms\u00e4ttningskrav. Undantagsfall finns alltid, men i de fallen handlar det bara om ett par hundra kronor i live casino bonus. Ytterligare en skillnad \u00e4r oms\u00e4ttningskravet. N\u00e4r det g\u00e4ller du som v\u00e4ljer <\/span><b>live casino bonus 2020<\/b><span style=\"font-weight: 400;\">, kommer denna alltid att ha ett h\u00f6gre oms\u00e4ttningskrav \u00e4n en traditionell v\u00e4lkomstbonus.<\/span><\/p>\n<p><span style=\"font-weight: 400;\">Vissa g\u00e5nger kan det \u00e4ven vara s\u00e5 att din bonus p\u00e5 live casino procentuellt bidrar mindre till oms\u00e4ttningskravet beroende p\u00e5 vilka live casino spel du v\u00e4ljer att oms\u00e4tta den p\u00e5. Detta \u00e4r dock ovanligt, d\u00e5 det \u00e4r vanligare att vissa spel ist\u00e4llet inte bidrar till oms\u00e4ttningskravet.<\/span><\/p>\n<h3><span style=\"font-weight: 400;\">Spela live casino med v\u00e4lkomstbonus<\/span><\/h3>\n<p><span style=\"font-weight: 400;\">Nu \u00e4r det inte bara speciell live <\/span><b>casino bonus 2020<\/b><span style=\"font-weight: 400;\"> som kan spelas och oms\u00e4ttas i ett live casino. Faktum \u00e4r att de flesta svenska online casinon, erbjuder en v\u00e4lkomstbonus du \u00e4ven kan spela med och oms\u00e4tta i deras live casino. I det fallet handlar det om en rad olika bonus regler du m\u00e5ste vara medveten om. Dessa finner du alltid i anknytning till den v\u00e4lkomstbonus som erbjuds.<\/span><\/p>\n<p><span style=\"font-weight: 400;\">Som du redan vet har <\/span><b>Leovegas live casino bonus<\/b><span style=\"font-weight: 400;\">, s\u00e5v\u00e4l som Mr Green. H\u00e4r kommer det finnas separata regler f\u00f6r oms\u00e4ttningskravet p\u00e5 dessa. Om du erbjuds spela live casino med en traditionell v\u00e4lkomstbonus, kommer det st\u00e5 vilka live casino spel som bidrar till oms\u00e4ttningskravet i regler och villkor. Detta samt att du ocks\u00e5 finner vilken procent de olika spelen bidrar med f\u00f6r att klara det krav som st\u00e4lls p\u00e5 den erh\u00e5llna casino bonusen.<\/span><\/p>\n<h3><span style=\"font-weight: 400;\">Live casino bonuskoder<\/span><\/h3>\n<p><span style=\"font-weight: 400;\">Du har s\u00e4ker h\u00f6rt talas om bonuskoder p\u00e5 spelmarknaden. Detta fanns f\u00f6r l\u00e4nge sedan p\u00e5 den svenska spelmarknaden, men f\u00f6rsvann sedan under en l\u00e5ng tid. P\u00e5 senare tid har dessa vid olika tillf\u00e4llen dykt upp igen. Just efter den svenska spel lagen tr\u00e4dde i kraft kan det vara bra med <\/span><b>live casino bonuskoder<\/b><span style=\"font-weight: 400;\"> om de erbjuder olika val av v\u00e4lkomstbonus. I annat fall anv\u00e4nds inte l\u00e4ngre dessa koder p\u00e5 den svenska spelmarknaden, d\u00e5 det numera bara f\u00e5r ges en bonus per spelare.<\/span><\/p>\n<p><span style=\"font-weight: 400;\">\u00c4r det d\u00e5 som att du v\u00e4ljer mellan en <\/span><b>live casino bonus 2020<\/b><span style=\"font-weight: 400;\"> eller en vanlig casino bonus, \u00e4r det b\u00e4sta att du l\u00e4ser villkoren och g\u00f6r det r\u00e4tta valet. I det fallet kan det finnas en <\/span><b>live casino bonuskod<\/b><span style=\"font-weight: 400;\">.<\/span><\/p>\n<h3><span style=\"font-weight: 400;\">Leo Vegas live casino bonus<\/span><\/h3>\n<p><span style=\"font-weight: 400;\">Det finns ett riktigt bra och prisbel\u00f6nt online casino p\u00e5 den svenska spelmarknaden, som faktiskt erbjuder en <\/span><b>live casino bonus 2020<\/b><span style=\"font-weight: 400;\">. H\u00e4r handlar detta om <\/span><b>Leovegas live casino bonus<\/b><span style=\"font-weight: 400;\">. Och det g\u00e4ller n\u00e5got som inte g\u00e5r av f\u00f6r hackor. H\u00e4r erbjuds 4\u00a0000 kronor i <\/span><b>live casino bonus 2020<\/b><span style=\"font-weight: 400;\">. Nu ska det i sanningens namn s\u00e4gas att detta inte alls \u00e4r en speciell live <\/span><b>casino bonus 2020<\/b><span style=\"font-weight: 400;\">, utan det handlar om en v\u00e4lkomstbonus som kan oms\u00e4ttas vid spel p\u00e5 live casino.\u00a0<\/span><\/p>\n<p><span style=\"font-weight: 400;\">Dock utannonseras den tydligt som en live casino bonus och samtidigt finner du ocks\u00e5 att det \u00e4r lite b\u00e4ttre villkor p\u00e5 denna. Oms\u00e4ttningskravet \u00e4r lite b\u00e4ttre \u00e4n p\u00e5 generella v\u00e4lkomstbonusar som till\u00e5ts oms\u00e4ttas vid spel p\u00e5 live casino. Helt enkelt kommer Leo Vegas att erbjuda ett mycket bra live casino, klassiskt casino, <a href=\"https:\/\/great.com\/sv-se\/mobil-casino-free-spins\/\">mobil casino<\/a> och <\/span><b>Leovegas live casino bonus 2020<\/b><span style=\"font-weight: 400;\">. Du beh\u00f6ver inte heller n\u00e5gon <\/span><b>live casino bonuskod<\/b><span style=\"font-weight: 400;\">. H\u00e4r fungerar allt automatiskt hos sk\u00f6na och trivsamma Leo Vegas.<\/span><\/p>\n<h3><span style=\"font-weight: 400;\">Mr Green live casino bonus<\/span><\/h3>\n<p><span style=\"font-weight: 400;\">\u00c4ven Mr Green erbjuder h\u00e4rliga v\u00e4lkomstbonusar till alla nya svenska spelare. Faktum \u00e4r att det handlar om tre olika val. Som du vet kan du enbart utnyttja en v\u00e4lkomstbonus enligt den svenska spel lagen. Med det sagt \u00e4r det viktigare \u00e4n n\u00e5gonsin att v\u00e4lja den r\u00e4tta bonusen. I vilket fall erbjuder Mr Green <\/span><b>live casino bonus 2020<\/b><span style=\"font-weight: 400;\"> som verkar mycket bra.<\/span><\/p>\n<p><span style=\"font-weight: 400;\">I det h\u00e4r fallet handlar det om en speciellt skapad live casino bonus. Du beh\u00f6ver allts\u00e5 inte t\u00e4nka p\u00e5 mera \u00e4n det oms\u00e4ttningskrav som anges f\u00f6r att klara att l\u00f6sa denna v\u00e4lkomstbonus i riktiga pengar.<\/span><\/p>\n<p><span style=\"font-weight: 400;\">Som du l\u00e4st ovan finns det allts\u00e5 mera \u00e4n speciellt skapad live casino bonus 2020, som g\u00e5r att oms\u00e4tta p\u00e5 live dealer casino. I verkligheten g\u00e5r n\u00e4stan alla v\u00e4lkomstbonusar att spela p\u00e5 dessa casino spel. Se bara till att du noga l\u00e4ser regler och villkor, d\u00e5 du annars kan r\u00e5ka p\u00e5 en casino bonus 2020 som inte g\u00e5r att oms\u00e4tta vid <a href=\"https:\/\/great.com\/sv-se\/live-casino-spel\/\">spel p\u00e5 live casino<\/a>.<\/span><\/p>\n\t\t\t\t\t\t\t\t\t<\/div>\n\t\t\t\t\t\t\t\t\t\t\t\t\t\t\t\t\t\t\t\t\t\t\t<\/div>\n\t\t\t\t\t\t\n\t\t\t\t\t\t\n\t\t\t\t\t\t\n\t\t\t\t\t<\/div>\n\n\t\t\t\t\n\t\t\t<\/div>\n\t\t\t\t\t<\/div>\n<\/section>\n\n\n<section id=\"content-block_5ed6195eb9707\"\n\t\t class=\"content-section  \">\n\t<div class=\"content-section__block\">\n\t\t\t\t\n\t\t\n\t\t\n\t\t\t<div class=\"content-block \">\n\n\t\t\t\t\t\t\t\t\t<div\n\t\t\t\t\t\tclass=\"content-block__text  content-no-title\">\n\t\t\t\t\t\t\t\t\t\t\t\t\t<div class=\"content-block__text \">\n\t\t\t\t\t\t\t\t\t\t\t\t\t\t\t\t\t<div\n\t\t\t\t\t\t\t\t\t\tclass=\"content-block__content \"\n\t\t\t\t\t\t\t\t\t\t\t\t\t\t\t\t\t\t\t>\n\t\t\t\t\t\t\t\t\t\t<h2><a href=\"https:\/\/great.com\/sv-se\/live-casino\/\"><span style=\"color: #000000;\">Tillbaka till Live Casino<\/span><\/a><\/h2>\n\t\t\t\t\t\t\t\t\t<\/div>\n\t\t\t\t\t\t\t\t\t\t\t\t\t\t\t\t\t\t\t\t\t\t\t<\/div>\n\t\t\t\t\t\t\n\t\t\t\t\t\t\n\t\t\t\t\t\t\n\t\t\t\t\t<\/div>\n\n\t\t\t\t\n\t\t\t<\/div>\n\t\t\t\t\t<\/div>\n<\/section>\n","protected":false},"excerpt":{"rendered":"","protected":false},"author":3,"featured_media":0,"parent":0,"menu_order":33,"comment_status":"closed","ping_status":"closed","template":"","meta":{"_acf_changed":false,"footnotes":""},"class_list":["post-730","page","type-page","status-publish","hentry"],"acf":[],"yoast_head":"<!-- This site is optimized with the Yoast SEO plugin v27.5 - https:\/\/yoast.com\/product\/yoast-seo-wordpress\/ -->\n<title>Live casino-bonus \u2013 f\u00f6r dig som f\u00f6redrar bordsspel<\/title>\n<meta name=\"description\" content=\"En del casinon erbjuder live casino-bonus, som du d\u00e5 v\u00e4ljer ist\u00e4llet f\u00f6r den ordinarie v\u00e4lkomstbonusen.\" \/>\n<meta name=\"robots\" content=\"index, follow, max-snippet:-1, max-image-preview:large, max-video-preview:-1\" \/>\n<link rel=\"canonical\" href=\"https:\/\/great.com\/sv-se\/live-casino-bonus\/\" \/>\n<meta property=\"og:locale\" content=\"sv_SE\" \/>\n<meta property=\"og:type\" content=\"article\" \/>\n<meta property=\"og:title\" content=\"Live casino-bonus \u2013 f\u00f6r dig som f\u00f6redrar bordsspel\" \/>\n<meta property=\"og:description\" content=\"En del casinon erbjuder live casino-bonus, som du d\u00e5 v\u00e4ljer ist\u00e4llet f\u00f6r den ordinarie v\u00e4lkomstbonusen.\" \/>\n<meta property=\"og:url\" content=\"https:\/\/great.com\/sv-se\/live-casino-bonus\/\" \/>\n<meta property=\"og:site_name\" content=\"Great.com SE\/SV\" \/>\n<meta property=\"article:modified_time\" content=\"2021-04-30T08:24:05+00:00\" \/>\n<meta name=\"twitter:card\" content=\"summary_large_image\" \/>\n<script type=\"application\/ld+json\" class=\"yoast-schema-graph\">{\"@context\":\"https:\\\/\\\/schema.org\",\"@graph\":[{\"@type\":\"WebPage\",\"@id\":\"https:\\\/\\\/great.com\\\/sv-se\\\/live-casino-bonus\\\/\",\"url\":\"https:\\\/\\\/great.com\\\/sv-se\\\/live-casino-bonus\\\/\",\"name\":\"Live casino-bonus \u2013 f\u00f6r dig som f\u00f6redrar bordsspel\",\"isPartOf\":{\"@id\":\"https:\\\/\\\/great.com\\\/sv-se\\\/#website\"},\"datePublished\":\"2020-07-02T11:37:45+00:00\",\"dateModified\":\"2021-04-30T08:24:05+00:00\",\"description\":\"En del casinon erbjuder live casino-bonus, som du d\u00e5 v\u00e4ljer ist\u00e4llet f\u00f6r den ordinarie v\u00e4lkomstbonusen.\",\"breadcrumb\":{\"@id\":\"https:\\\/\\\/great.com\\\/sv-se\\\/live-casino-bonus\\\/#breadcrumb\"},\"inLanguage\":\"sv-SE\",\"potentialAction\":[{\"@type\":\"ReadAction\",\"target\":[\"https:\\\/\\\/great.com\\\/sv-se\\\/live-casino-bonus\\\/\"]}]},{\"@type\":\"BreadcrumbList\",\"@id\":\"https:\\\/\\\/great.com\\\/sv-se\\\/live-casino-bonus\\\/#breadcrumb\",\"itemListElement\":[{\"@type\":\"ListItem\",\"position\":1,\"name\":\"Home\",\"item\":\"https:\\\/\\\/great.com\\\/sv-se\\\/\"},{\"@type\":\"ListItem\",\"position\":2,\"name\":\"Live Casino Bonus\"}]},{\"@type\":\"WebSite\",\"@id\":\"https:\\\/\\\/great.com\\\/sv-se\\\/#website\",\"url\":\"https:\\\/\\\/great.com\\\/sv-se\\\/\",\"name\":\"Great.com SE\\\/SV\",\"description\":\"The Casino Philanthropy Project\",\"potentialAction\":[{\"@type\":\"SearchAction\",\"target\":{\"@type\":\"EntryPoint\",\"urlTemplate\":\"https:\\\/\\\/great.com\\\/sv-se\\\/?s={search_term_string}\"},\"query-input\":{\"@type\":\"PropertyValueSpecification\",\"valueRequired\":true,\"valueName\":\"search_term_string\"}}],\"inLanguage\":\"sv-SE\"}]}<\/script>\n<!-- \/ Yoast SEO plugin. -->","yoast_head_json":{"title":"Live casino-bonus \u2013 f\u00f6r dig som f\u00f6redrar bordsspel","description":"En del casinon erbjuder live casino-bonus, som du d\u00e5 v\u00e4ljer ist\u00e4llet f\u00f6r den ordinarie v\u00e4lkomstbonusen.","robots":{"index":"index","follow":"follow","max-snippet":"max-snippet:-1","max-image-preview":"max-image-preview:large","max-video-preview":"max-video-preview:-1"},"canonical":"https:\/\/great.com\/sv-se\/live-casino-bonus\/","og_locale":"sv_SE","og_type":"article","og_title":"Live casino-bonus \u2013 f\u00f6r dig som f\u00f6redrar bordsspel","og_description":"En del casinon erbjuder live casino-bonus, som du d\u00e5 v\u00e4ljer ist\u00e4llet f\u00f6r den ordinarie v\u00e4lkomstbonusen.","og_url":"https:\/\/great.com\/sv-se\/live-casino-bonus\/","og_site_name":"Great.com SE\/SV","article_modified_time":"2021-04-30T08:24:05+00:00","twitter_card":"summary_large_image","schema":{"@context":"https:\/\/schema.org","@graph":[{"@type":"WebPage","@id":"https:\/\/great.com\/sv-se\/live-casino-bonus\/","url":"https:\/\/great.com\/sv-se\/live-casino-bonus\/","name":"Live casino-bonus \u2013 f\u00f6r dig som f\u00f6redrar bordsspel","isPartOf":{"@id":"https:\/\/great.com\/sv-se\/#website"},"datePublished":"2020-07-02T11:37:45+00:00","dateModified":"2021-04-30T08:24:05+00:00","description":"En del casinon erbjuder live casino-bonus, som du d\u00e5 v\u00e4ljer ist\u00e4llet f\u00f6r den ordinarie v\u00e4lkomstbonusen.","breadcrumb":{"@id":"https:\/\/great.com\/sv-se\/live-casino-bonus\/#breadcrumb"},"inLanguage":"sv-SE","potentialAction":[{"@type":"ReadAction","target":["https:\/\/great.com\/sv-se\/live-casino-bonus\/"]}]},{"@type":"BreadcrumbList","@id":"https:\/\/great.com\/sv-se\/live-casino-bonus\/#breadcrumb","itemListElement":[{"@type":"ListItem","position":1,"name":"Home","item":"https:\/\/great.com\/sv-se\/"},{"@type":"ListItem","position":2,"name":"Live Casino Bonus"}]},{"@type":"WebSite","@id":"https:\/\/great.com\/sv-se\/#website","url":"https:\/\/great.com\/sv-se\/","name":"Great.com SE\/SV","description":"The Casino Philanthropy Project","potentialAction":[{"@type":"SearchAction","target":{"@type":"EntryPoint","urlTemplate":"https:\/\/great.com\/sv-se\/?s={search_term_string}"},"query-input":{"@type":"PropertyValueSpecification","valueRequired":true,"valueName":"search_term_string"}}],"inLanguage":"sv-SE"}]}},"_links":{"self":[{"href":"https:\/\/great.com\/sv-se\/wp-json\/wp\/v2\/pages\/730","targetHints":{"allow":["GET"]}}],"collection":[{"href":"https:\/\/great.com\/sv-se\/wp-json\/wp\/v2\/pages"}],"about":[{"href":"https:\/\/great.com\/sv-se\/wp-json\/wp\/v2\/types\/page"}],"author":[{"embeddable":true,"href":"https:\/\/great.com\/sv-se\/wp-json\/wp\/v2\/users\/3"}],"replies":[{"embeddable":true,"href":"https:\/\/great.com\/sv-se\/wp-json\/wp\/v2\/comments?post=730"}],"version-history":[{"count":0,"href":"https:\/\/great.com\/sv-se\/wp-json\/wp\/v2\/pages\/730\/revisions"}],"wp:attachment":[{"href":"https:\/\/great.com\/sv-se\/wp-json\/wp\/v2\/media?parent=730"}],"curies":[{"name":"wp","href":"https:\/\/api.w.org\/{rel}","templated":true}]}}