{"id":735,"date":"2020-07-02T12:10:58","date_gmt":"2020-07-02T12:10:58","guid":{"rendered":"https:\/\/great.com\/sv-se\/?page_id=735"},"modified":"2021-04-25T10:11:08","modified_gmt":"2021-04-25T10:11:08","slug":"nya-mobil-casinon","status":"publish","type":"page","link":"https:\/\/great.com\/sv-se\/nya-mobil-casinon\/","title":{"rendered":"Nya mobil casinon"},"content":{"rendered":"    <section id=\"casino-block_5ed618d5b96ff\" class=\"hero-section hero-section_casino\">\r\n        <div class=\"hero-section__block\">\r\n                                                            <div class=\"hero-right\">\r\n                        <div\r\n                                class=\"hero-right__image\"\r\n                                style=\"min-height: 200px\"\r\n                        >\r\n                            <img decoding=\"async\" src=\"https:\/\/great.com\/sv-se\/wp-content\/uploads\/sites\/3\/2020\/09\/Casinon-with-applications-462x274.png\"\r\n                                 alt=\"Casinon med appar\"\r\n                                 class=\"skip-lazy\"\r\n                            \/>\r\n                        <\/div>\r\n                    <\/div>\r\n                                                        <div class=\"hero-left\">\r\n                    <h1>Nya mobil casinon<\/h1>\r\n\r\n                                        <div\r\n                            class=\"hero-left__content more-content\"\r\n                                                    style=\"font-family: Arial, sans-serif; overflow: hidden; max-height: 120px;\"\r\n                                            >\r\n                        <p><b>N\u00e5got d\u00e4r det verkar som marknaden aldrig kan bli m\u00e4ttad \u00e4r den svenska och internationella spelmarknaden. Detta speciellt n\u00e4r det g\u00e4ller online casinon. Dessa poppar bokstavligen upp som svampar ur den virtuella v\u00e4rlden. N\u00e4r det regnar innovativa m\u00e4nniskor med erfarenhet av spelbranschen skapas de b\u00e4sta resultaten. H\u00e4r skapas det klassiska online casinon som oftast bygger p\u00e5 mobil f\u00f6rst, vilket d\u00e5 skulle ge dem namnet nya mobil casinon. N\u00e4r allt r\u00e4knas samman lanserades det inte speciellt m\u00e5nga nya mobil casinon 2019. Detta d\u00e5 den svenska spel lagen och de nya spel licenserna skapade oro p\u00e5 spelmarknaden.<\/b><\/p>\n<p><span style=\"font-weight: 400;\">Hur som helst har v\u00e5gorna lagt sig. V\u00e5ren och sommaren f\u00f6r den nya licensierade svenska spelmarknaden har g\u00e5tt snabbt f\u00f6rbi. Nu \u00e4r det dags f\u00f6r det stora regnet av innovativa och erfarna entrepren\u00f6rer igen. Faktiskt ser det ut som det kommer att lanseras riktigt m\u00e5nga <\/span><b>nya mobil casinon<\/b> <b>2020<\/b><span style=\"font-weight: 400;\">. \u00c4r detta d\u00e5 bra eller d\u00e5ligt? Kommer det att leda till en b\u00e4ttre kvalitet och enklare val f\u00f6r spelarna, eller \u00e4r det bara kopior av vad som redan finns p\u00e5 spelmarknaden som h\u00e4grar? N\u00e4r sanningen ska fram \u00e4r de flesta av de som lanserar <\/span><b>nya mobil casinon 2020<\/b><span style=\"font-weight: 400;\"> gamla r\u00e4var p\u00e5 spelmarknaden.<\/span><\/p>\n<p><span style=\"font-weight: 400;\">Det handlar oftast om att ett stort spelbolag skapar ett nytt varum\u00e4rke p\u00e5 den svenska spelmarknaden. Dock finns det fram tills idag n\u00e4rmare 100 olika spelbolag som driver \u00f6ver 280 olika varum\u00e4rken p\u00e5 den svenska spelmarknaden. M\u00e5nga av dessa \u00e4r <\/span><b>nya mobil casinon<\/b><span style=\"font-weight: 400;\"> som drivs av helt nya innovat\u00f6rer p\u00e5 spelmarknaden. Vad \u00e4r det d\u00e5 egentligen dessa erbjuder och finns det n\u00e5gra skillnader mellan dessa?<\/span><\/p>\n                    <\/div>\r\n\r\n                                            <button class=\"read-button placeholder\" data-readmore-toggle>Read More<\/button>\r\n                    \r\n                                    <\/div>\r\n                                                            <\/div>\r\n    <\/section>\r\n    \n\n\n\n\n<section id=\"content-block_5ed61908b9701\"\n\t\t class=\"content-section  \">\n\t<div class=\"content-section__block\">\n\t\t\t\t\n\t\t\n\t\t\n\t\t\t<div class=\"content-block \">\n\n\t\t\t\t\t\t\t\t\t<div\n\t\t\t\t\t\tclass=\"content-block__text  content-no-title\">\n\t\t\t\t\t\t\t\t\t\t\t\t\t<div class=\"content-block__text \">\n\t\t\t\t\t\t\t\t\t\t\t\t\t\t\t\t\t<div\n\t\t\t\t\t\t\t\t\t\tclass=\"content-block__content \"\n\t\t\t\t\t\t\t\t\t\t\t\t\t\t\t\t\t\t\t>\n\t\t\t\t\t\t\t\t\t\t<h3><span style=\"font-weight: 400;\">Variationer mellan gamla och nya mobil casinon 2020<\/span><\/h3>\n<p><span style=\"font-weight: 400;\">N\u00e4r du ska se p\u00e5 det som de verkligen \u00e4r, kommer de flesta online casinon och mobil casinon att fungera p\u00e5 precis samma s\u00e4tt. Vad det handlar om \u00e4r vad de erbjuder. Vissa kan exempelvis erbjuda en v\u00e4lkomstbonus medan andra inte g\u00f6r detta. Idag \u00e4r det inte lika kraftfullt som tidigare, d\u00e5 det enbart f\u00e5r erbjudas en v\u00e4lkomstbonus och inget mera. Dock finns det de spelare som hellre g\u00f6r valet av <\/span><b>nya mobil casinon 2020<\/b><span style=\"font-weight: 400;\"> med casino bonus ist\u00e4llet f\u00f6r de som inte erbjuder n\u00e5got gratis.<\/span><\/p>\n<p><span style=\"font-weight: 400;\">Det andra handlar oftast om spelutbudet. H\u00e4r \u00e4r det ingen skillnad mellan <\/span><b>nya mobil casinon 2019<\/b><span style=\"font-weight: 400;\"> och de som lanseras 2020. Det handlar inte alls om att vara b\u00e4ttre eller s\u00e4mre. Det handlar om att erbjuda spelarna det som de s\u00f6ker. P\u00e5 den svenska spelmarknaden handlar det oftast om en k\u00e4rlek till svenska spelleverant\u00f6rer. <span data-sheets-value=\"{&quot;1&quot;:2,&quot;2&quot;:&quot;P\u00e5 s\u00e5 s\u00e4tt finner du oftast casinospel fr\u00e5n NetEnt, Play\u00b4n Go, Thunderkick, Yggdrasil och Elk Studios i svenska traditionella nya mobil casinon.&quot;}\" data-sheets-userformat=\"{&quot;2&quot;:14721,&quot;3&quot;:{&quot;1&quot;:0,&quot;3&quot;:1},&quot;10&quot;:1,&quot;11&quot;:4,&quot;14&quot;:{&quot;1&quot;:3,&quot;3&quot;:1},&quot;15&quot;:&quot;Calibri&quot;,&quot;16&quot;:11}\">P\u00e5 s\u00e5 s\u00e4tt finner du oftast casinospel fr\u00e5n NetEnt, Play\u00b4n Go, Thunderkick, Yggdrasil och Elk Studios i svenska traditionella nya mobil casinon.<\/span><\/span><span style=\"font-weight: 400;\">\u00a0I live casinot \u00e4r det oftast svenska Evolution Gaming som g\u00e4ller.<\/span><\/p>\n<p><span style=\"font-weight: 400;\">Som en tredje faktor i valet av de <\/span><b>nya mobil casinon<\/b><span style=\"font-weight: 400;\"> som lanseras, kan betalningsmetoder vara n\u00e5got betydande. F\u00f6r dig som gillar att spela mobil casino kommer det d\u00e5 att vara naturligt med mobila betalningsmetoder. Inte f\u00f6r att de olika betalningsmetoderna som erbjuds p\u00e5 <\/span><b>nya mobil casinon 2020<\/b><span style=\"font-weight: 400;\"> inte fungerar i mobilen. <span data-sheets-value=\"{&quot;1&quot;:2,&quot;2&quot;:&quot;Dock blir det alltid mera popul\u00e4rt om det online casino du v\u00e4ljer erbjuder Swish som betalningsmetod.&quot;}\" data-sheets-userformat=\"{&quot;2&quot;:14721,&quot;3&quot;:{&quot;1&quot;:0,&quot;3&quot;:1},&quot;10&quot;:1,&quot;11&quot;:4,&quot;14&quot;:{&quot;1&quot;:3,&quot;3&quot;:1},&quot;15&quot;:&quot;Calibri&quot;,&quot;16&quot;:11}\">Dock blir det alltid mera popul\u00e4rt om det online casino du v\u00e4ljer erbjuder Swish som betalningsmetod.<\/span><\/span><\/p>\n<h3><span style=\"font-weight: 400;\">Nya mobil casinon 2020 med inloggning i webbl\u00e4saren<\/span><\/h3>\n<p><span style=\"font-weight: 400;\">H\u00e4r handlar det om det traditionella s\u00e4ttet att spela som sedan 2014 generellt har funnits f\u00f6r de som vill spela p\u00e5 <\/span><b>nya mobil casinon<\/b><span style=\"font-weight: 400;\">. Detta s\u00e4tt att spela \u00e4r n\u00e5got som alla mobil casinon erbjuder sina spelare. Det \u00e4r ocks\u00e5 det enklaste och billigaste s\u00e4ttet att lansera ett nytt mobil casino. Hur som helst finns det de som vill ha valm\u00f6jligheter och d\u00e5 \u00e4r det bara de stora spelbolagen som har alternativa mobilappar att erbjuda.\u00a0<\/span><\/p>\n<p><span style=\"font-weight: 400;\">Alla <\/span><b>nya mobil casinon<\/b><span style=\"font-weight: 400;\"> som lanseras av mindre spelbolag som enbart erbjuder ett eller tv\u00e5 varum\u00e4rken i spelbranschen, kommer heller inte att erbjuda n\u00e5gon mobil app till sina spelare. P\u00e5 dessa <\/span><b>nya mobil casinon 2019<\/b><span style=\"font-weight: 400;\"> och 2020 g\u00e4ller det att spela direkt i webbl\u00e4saren. Detta \u00e4r dock inget problem d\u00e5 det idag \u00e4r mycket h\u00f6g kvalitet p\u00e5 den responsiva designen, vilket ger h\u00f6g kvalitet p\u00e5 spel. <span data-sheets-value=\"{&quot;1&quot;:2,&quot;2&quot;:&quot;En annan f\u00f6rdel kan vara att du som spelar casino b\u00e5de i mobilen och datorn alltid kommer att k\u00e4nna igen din spelmilj\u00f6 och ditt anv\u00e4ndargr\u00e4nssnitt.&quot;}\" data-sheets-userformat=\"{&quot;2&quot;:14721,&quot;3&quot;:{&quot;1&quot;:0,&quot;3&quot;:1},&quot;10&quot;:1,&quot;11&quot;:4,&quot;14&quot;:{&quot;1&quot;:3,&quot;3&quot;:1},&quot;15&quot;:&quot;Calibri&quot;,&quot;16&quot;:11}\">En annan f\u00f6rdel kan vara att du som spelar casino b\u00e5de i mobilen och datorn alltid kommer att k\u00e4nna igen din spelmilj\u00f6 och ditt anv\u00e4ndargr\u00e4nssnitt.<\/span><\/span><\/p>\n<h3><span style=\"font-weight: 400;\">B\u00e4sta Nya mobil casinon 2019 och 2020<\/span><\/h3>\n<p><span style=\"font-weight: 400;\">Om vi sl\u00e5r samman b\u00e5de <\/span><b>nya mobil casinon 2019<\/b><span style=\"font-weight: 400;\"> och alla de som redan lanserats och kommer lanseras under 2020, kommer detta dock att bli en riktigt stor summa av nya varum\u00e4rken i spelbranschen. De mest uppm\u00e4rksammade kommer naturligtvis fr\u00e5n de stora etablerade spelbolagen. Faktum \u00e4r att dessa \u00e4r ocks\u00e5 de <\/span><b>nya mobil casinon<\/b><span style=\"font-weight: 400;\"> som du kan lita p\u00e5 verkligen h\u00e5ller i kvalitet och som lanserats av ett spelbolag som vet vad spelarna s\u00f6ker. H\u00e4r ser du vidare tre mycket bra och intressanta <\/span><b>nya mobil casinon<\/b><span style=\"font-weight: 400;\"> som lanserat mellan \u00e5ren 2019 och 2020. Kanske finner du ditt favorit casino bland dessa?<\/span><\/p>\n<p><span style=\"font-weight: 400;\">Jalla Casino \u2013 Nytt mobil casino 2020<\/span><\/p>\n<p><span style=\"font-weight: 400;\">H\u00e4r har du ett varum\u00e4rke fr\u00e5n en av de stora svenska j\u00e4ttarna p\u00e5 spelmarknaden. Detta \u00e4r ett varum\u00e4rke som den 17 mars 2020 lanserades av stora Betsson Experience Group. Med Jalla Casino vill de skapa en helt ny och modern milj\u00f6 f\u00f6r alla unga spelare i Sverige.<\/span><\/p>\n<p><span style=\"font-weight: 400;\">Med valet av Jalla Casino f\u00e5r du en spelplats som erbjuder \u00f6ver 1\u00a0400 casinospel. Bland dessa finner du allt fr\u00e5n slots spel och bordsspel till ett mycket hett och sp\u00e4nnande live casino. Bland <\/span><b>nya mobil casinon 2020<\/b><span style=\"font-weight: 400;\"> placerar sig Jalla Casino h\u00f6gt p\u00e5 listan av popul\u00e4rt val. L\u00e4r dig mera om Jalla Casino.<\/span><\/p>\n<p>&nbsp;<\/p>\n<h3><span style=\"font-weight: 400;\">SvenPlay Casino \u2013 Nytt mobil casino<\/span><\/h3>\n<p><span style=\"font-weight: 400;\">Ytterligare ett mobil casino som \u00e4r v\u00e4rt att ta upp \u00e4r SvenPlay Casino. H\u00e4r handlar det om n\u00e5got helt nytt som riktar sig direkt till svenska spelmarknaden. De erbjuder ingen v\u00e4lkomstbonus, men passar perfekt f\u00f6r spel i mobiler och surfplattor. H\u00e4r f\u00e5r du alltid massor med nya och sk\u00f6na slotspel och ett bra live casino. L\u00e4s mera om SvenPlay h\u00e4r.<\/span><\/p>\n\t\t\t\t\t\t\t\t\t<\/div>\n\t\t\t\t\t\t\t\t\t\t\t\t\t\t\t\t\t\t\t\t\t\t\t<\/div>\n\t\t\t\t\t\t\n\t\t\t\t\t\t\n\t\t\t\t\t\t\n\t\t\t\t\t<\/div>\n\n\t\t\t\t\n\t\t\t<\/div>\n\t\t\t\t\t<\/div>\n<\/section>\n\n\n<section id=\"content-block_5ed6195eb9707\"\n\t\t class=\"content-section  \">\n\t<div class=\"content-section__block\">\n\t\t\t\t\n\t\t\n\t\t\n\t\t\t<div class=\"content-block \">\n\n\t\t\t\t\t\t\t\t\t<div\n\t\t\t\t\t\tclass=\"content-block__text  content-no-title\">\n\t\t\t\t\t\t\t\t\t\t\t\t\t<div class=\"content-block__text \">\n\t\t\t\t\t\t\t\t\t\t\t\t\t\t\t\t\t<div\n\t\t\t\t\t\t\t\t\t\tclass=\"content-block__content \"\n\t\t\t\t\t\t\t\t\t\t\t\t\t\t\t\t\t\t\t>\n\t\t\t\t\t\t\t\t\t\t<h2><a href=\"https:\/\/great.com\/sv-se\/mobil-casino\/\"><span style=\"color: #000000;\">Tillbaka till Mobil Casino<\/span><\/a><\/h2>\n\t\t\t\t\t\t\t\t\t<\/div>\n\t\t\t\t\t\t\t\t\t\t\t\t\t\t\t\t\t\t\t\t\t\t\t<\/div>\n\t\t\t\t\t\t\n\t\t\t\t\t\t\n\t\t\t\t\t\t\n\t\t\t\t\t<\/div>\n\n\t\t\t\t\n\t\t\t<\/div>\n\t\t\t\t\t<\/div>\n<\/section>\n","protected":false},"excerpt":{"rendered":"","protected":false},"author":3,"featured_media":0,"parent":0,"menu_order":31,"comment_status":"closed","ping_status":"closed","template":"","meta":{"_acf_changed":false,"footnotes":""},"class_list":["post-735","page","type-page","status-publish","hentry"],"acf":[],"yoast_head":"<!-- This site is optimized with the Yoast SEO plugin v27.4 - https:\/\/yoast.com\/product\/yoast-seo-wordpress\/ -->\n<title>Nya mobil casinon g\u00f6r livet l\u00e4ttare f\u00f6r sm\u00e5 sk\u00e4rmar<\/title>\n<meta name=\"description\" content=\"Det som framf\u00f6r allt skiljer nya mobil casinon fr\u00e5n \u00e4ldre \u00e4r att de nya \u00e4r betydligt b\u00e4ttre optimerade f\u00f6r din mobils webbl\u00e4sare \u2013 du slipper ofta appen.\" \/>\n<meta name=\"robots\" content=\"index, follow, max-snippet:-1, max-image-preview:large, max-video-preview:-1\" \/>\n<link rel=\"canonical\" href=\"https:\/\/great.com\/sv-se\/nya-mobil-casinon\/\" \/>\n<meta property=\"og:locale\" content=\"sv_SE\" \/>\n<meta property=\"og:type\" content=\"article\" \/>\n<meta property=\"og:title\" content=\"Nya mobil casinon g\u00f6r livet l\u00e4ttare f\u00f6r sm\u00e5 sk\u00e4rmar\" \/>\n<meta property=\"og:description\" content=\"Det som framf\u00f6r allt skiljer nya mobil casinon fr\u00e5n \u00e4ldre \u00e4r att de nya \u00e4r betydligt b\u00e4ttre optimerade f\u00f6r din mobils webbl\u00e4sare \u2013 du slipper ofta appen.\" \/>\n<meta property=\"og:url\" content=\"https:\/\/great.com\/sv-se\/nya-mobil-casinon\/\" \/>\n<meta property=\"og:site_name\" content=\"Great.com SE\/SV\" \/>\n<meta property=\"article:modified_time\" content=\"2021-04-25T10:11:08+00:00\" \/>\n<meta name=\"twitter:card\" content=\"summary_large_image\" \/>\n<script type=\"application\/ld+json\" class=\"yoast-schema-graph\">{\"@context\":\"https:\\\/\\\/schema.org\",\"@graph\":[{\"@type\":\"WebPage\",\"@id\":\"https:\\\/\\\/great.com\\\/sv-se\\\/nya-mobil-casinon\\\/\",\"url\":\"https:\\\/\\\/great.com\\\/sv-se\\\/nya-mobil-casinon\\\/\",\"name\":\"Nya mobil casinon g\u00f6r livet l\u00e4ttare f\u00f6r sm\u00e5 sk\u00e4rmar\",\"isPartOf\":{\"@id\":\"https:\\\/\\\/great.com\\\/sv-se\\\/#website\"},\"datePublished\":\"2020-07-02T12:10:58+00:00\",\"dateModified\":\"2021-04-25T10:11:08+00:00\",\"description\":\"Det som framf\u00f6r allt skiljer nya mobil casinon fr\u00e5n \u00e4ldre \u00e4r att de nya \u00e4r betydligt b\u00e4ttre optimerade f\u00f6r din mobils webbl\u00e4sare \u2013 du slipper ofta appen.\",\"breadcrumb\":{\"@id\":\"https:\\\/\\\/great.com\\\/sv-se\\\/nya-mobil-casinon\\\/#breadcrumb\"},\"inLanguage\":\"sv-SE\",\"potentialAction\":[{\"@type\":\"ReadAction\",\"target\":[\"https:\\\/\\\/great.com\\\/sv-se\\\/nya-mobil-casinon\\\/\"]}]},{\"@type\":\"BreadcrumbList\",\"@id\":\"https:\\\/\\\/great.com\\\/sv-se\\\/nya-mobil-casinon\\\/#breadcrumb\",\"itemListElement\":[{\"@type\":\"ListItem\",\"position\":1,\"name\":\"Home\",\"item\":\"https:\\\/\\\/great.com\\\/sv-se\\\/\"},{\"@type\":\"ListItem\",\"position\":2,\"name\":\"Nya mobil casinon\"}]},{\"@type\":\"WebSite\",\"@id\":\"https:\\\/\\\/great.com\\\/sv-se\\\/#website\",\"url\":\"https:\\\/\\\/great.com\\\/sv-se\\\/\",\"name\":\"Great.com SE\\\/SV\",\"description\":\"The Casino Philanthropy Project\",\"potentialAction\":[{\"@type\":\"SearchAction\",\"target\":{\"@type\":\"EntryPoint\",\"urlTemplate\":\"https:\\\/\\\/great.com\\\/sv-se\\\/?s={search_term_string}\"},\"query-input\":{\"@type\":\"PropertyValueSpecification\",\"valueRequired\":true,\"valueName\":\"search_term_string\"}}],\"inLanguage\":\"sv-SE\"}]}<\/script>\n<!-- \/ Yoast SEO plugin. -->","yoast_head_json":{"title":"Nya mobil casinon g\u00f6r livet l\u00e4ttare f\u00f6r sm\u00e5 sk\u00e4rmar","description":"Det som framf\u00f6r allt skiljer nya mobil casinon fr\u00e5n \u00e4ldre \u00e4r att de nya \u00e4r betydligt b\u00e4ttre optimerade f\u00f6r din mobils webbl\u00e4sare \u2013 du slipper ofta appen.","robots":{"index":"index","follow":"follow","max-snippet":"max-snippet:-1","max-image-preview":"max-image-preview:large","max-video-preview":"max-video-preview:-1"},"canonical":"https:\/\/great.com\/sv-se\/nya-mobil-casinon\/","og_locale":"sv_SE","og_type":"article","og_title":"Nya mobil casinon g\u00f6r livet l\u00e4ttare f\u00f6r sm\u00e5 sk\u00e4rmar","og_description":"Det som framf\u00f6r allt skiljer nya mobil casinon fr\u00e5n \u00e4ldre \u00e4r att de nya \u00e4r betydligt b\u00e4ttre optimerade f\u00f6r din mobils webbl\u00e4sare \u2013 du slipper ofta appen.","og_url":"https:\/\/great.com\/sv-se\/nya-mobil-casinon\/","og_site_name":"Great.com SE\/SV","article_modified_time":"2021-04-25T10:11:08+00:00","twitter_card":"summary_large_image","schema":{"@context":"https:\/\/schema.org","@graph":[{"@type":"WebPage","@id":"https:\/\/great.com\/sv-se\/nya-mobil-casinon\/","url":"https:\/\/great.com\/sv-se\/nya-mobil-casinon\/","name":"Nya mobil casinon g\u00f6r livet l\u00e4ttare f\u00f6r sm\u00e5 sk\u00e4rmar","isPartOf":{"@id":"https:\/\/great.com\/sv-se\/#website"},"datePublished":"2020-07-02T12:10:58+00:00","dateModified":"2021-04-25T10:11:08+00:00","description":"Det som framf\u00f6r allt skiljer nya mobil casinon fr\u00e5n \u00e4ldre \u00e4r att de nya \u00e4r betydligt b\u00e4ttre optimerade f\u00f6r din mobils webbl\u00e4sare \u2013 du slipper ofta appen.","breadcrumb":{"@id":"https:\/\/great.com\/sv-se\/nya-mobil-casinon\/#breadcrumb"},"inLanguage":"sv-SE","potentialAction":[{"@type":"ReadAction","target":["https:\/\/great.com\/sv-se\/nya-mobil-casinon\/"]}]},{"@type":"BreadcrumbList","@id":"https:\/\/great.com\/sv-se\/nya-mobil-casinon\/#breadcrumb","itemListElement":[{"@type":"ListItem","position":1,"name":"Home","item":"https:\/\/great.com\/sv-se\/"},{"@type":"ListItem","position":2,"name":"Nya mobil casinon"}]},{"@type":"WebSite","@id":"https:\/\/great.com\/sv-se\/#website","url":"https:\/\/great.com\/sv-se\/","name":"Great.com SE\/SV","description":"The Casino Philanthropy Project","potentialAction":[{"@type":"SearchAction","target":{"@type":"EntryPoint","urlTemplate":"https:\/\/great.com\/sv-se\/?s={search_term_string}"},"query-input":{"@type":"PropertyValueSpecification","valueRequired":true,"valueName":"search_term_string"}}],"inLanguage":"sv-SE"}]}},"_links":{"self":[{"href":"https:\/\/great.com\/sv-se\/wp-json\/wp\/v2\/pages\/735","targetHints":{"allow":["GET"]}}],"collection":[{"href":"https:\/\/great.com\/sv-se\/wp-json\/wp\/v2\/pages"}],"about":[{"href":"https:\/\/great.com\/sv-se\/wp-json\/wp\/v2\/types\/page"}],"author":[{"embeddable":true,"href":"https:\/\/great.com\/sv-se\/wp-json\/wp\/v2\/users\/3"}],"replies":[{"embeddable":true,"href":"https:\/\/great.com\/sv-se\/wp-json\/wp\/v2\/comments?post=735"}],"version-history":[{"count":0,"href":"https:\/\/great.com\/sv-se\/wp-json\/wp\/v2\/pages\/735\/revisions"}],"wp:attachment":[{"href":"https:\/\/great.com\/sv-se\/wp-json\/wp\/v2\/media?parent=735"}],"curies":[{"name":"wp","href":"https:\/\/api.w.org\/{rel}","templated":true}]}}